  


{"id":35669,"date":"2022-04-08T15:53:12","date_gmt":"2022-04-08T13:53:12","guid":{"rendered":"https:\/\/myecobestfriend.com\/?page_id=35669"},"modified":"2025-04-14T16:22:40","modified_gmt":"2025-04-14T14:22:40","slug":"alle-datenschutzverletzungen","status":"publish","type":"page","link":"https:\/\/myecobestfriend.com\/de\/all-data-breach\/","title":{"rendered":"Alle - Datenschutzverletzungen"},"content":{"rendered":"<div data-elementor-type=\"wp-post\" data-elementor-id=\"35669\" class=\"elementor elementor-35669\" data-elementor-settings=\"{&quot;element_pack_global_tooltip_width&quot;:{&quot;unit&quot;:&quot;px&quot;,&quot;size&quot;:&quot;&quot;,&quot;sizes&quot;:[]},&quot;element_pack_global_tooltip_width_tablet&quot;:{&quot;unit&quot;:&quot;px&quot;,&quot;size&quot;:&quot;&quot;,&quot;sizes&quot;:[]},&quot;element_pack_global_tooltip_width_mobile&quot;:{&quot;unit&quot;:&quot;px&quot;,&quot;size&quot;:&quot;&quot;,&quot;sizes&quot;:[]},&quot;element_pack_global_tooltip_padding&quot;:{&quot;unit&quot;:&quot;px&quot;,&quot;top&quot;:&quot;&quot;,&quot;right&quot;:&quot;&quot;,&quot;bottom&quot;:&quot;&quot;,&quot;left&quot;:&quot;&quot;,&quot;isLinked&quot;:true},&quot;element_pack_global_tooltip_padding_tablet&quot;:{&quot;unit&quot;:&quot;px&quot;,&quot;top&quot;:&quot;&quot;,&quot;right&quot;:&quot;&quot;,&quot;bottom&quot;:&quot;&quot;,&quot;left&quot;:&quot;&quot;,&quot;isLinked&quot;:true},&quot;element_pack_global_tooltip_padding_mobile&quot;:{&quot;unit&quot;:&quot;px&quot;,&quot;top&quot;:&quot;&quot;,&quot;right&quot;:&quot;&quot;,&quot;bottom&quot;:&quot;&quot;,&quot;left&quot;:&quot;&quot;,&quot;isLinked&quot;:true},&quot;element_pack_global_tooltip_border_radius&quot;:{&quot;unit&quot;:&quot;px&quot;,&quot;top&quot;:&quot;&quot;,&quot;right&quot;:&quot;&quot;,&quot;bottom&quot;:&quot;&quot;,&quot;left&quot;:&quot;&quot;,&quot;isLinked&quot;:true},&quot;element_pack_global_tooltip_border_radius_tablet&quot;:{&quot;unit&quot;:&quot;px&quot;,&quot;top&quot;:&quot;&quot;,&quot;right&quot;:&quot;&quot;,&quot;bottom&quot;:&quot;&quot;,&quot;left&quot;:&quot;&quot;,&quot;isLinked&quot;:true},&quot;element_pack_global_tooltip_border_radius_mobile&quot;:{&quot;unit&quot;:&quot;px&quot;,&quot;top&quot;:&quot;&quot;,&quot;right&quot;:&quot;&quot;,&quot;bottom&quot;:&quot;&quot;,&quot;left&quot;:&quot;&quot;,&quot;isLinked&quot;:true}}\" data-elementor-post-type=\"page\">\n\t\t\t\t\t\t<section class=\"elementor-section elementor-top-section elementor-element elementor-element-752a710 elementor-section-height-min-height elementor-section-boxed elementor-section-height-default elementor-section-items-middle\" data-id=\"752a710\" data-element_type=\"section\" data-e-type=\"section\" data-settings=\"{&quot;background_background&quot;:&quot;classic&quot;}\">\n\t\t\t\t\t\t\t<div class=\"elementor-background-overlay\"><\/div>\n\t\t\t\t\t\t\t<div class=\"elementor-container elementor-column-gap-default\">\n\t\t\t\t\t<div class=\"elementor-column elementor-col-33 elementor-top-column elementor-element elementor-element-c0de3e0\" data-id=\"c0de3e0\" data-element_type=\"column\" data-e-type=\"column\">\n\t\t\t<div class=\"elementor-widget-wrap elementor-element-populated\">\n\t\t\t\t\t\t<div class=\"elementor-element elementor-element-b3e0620 elementor-widget elementor-widget-spacer\" data-id=\"b3e0620\" data-element_type=\"widget\" data-e-type=\"widget\" data-widget_type=\"spacer.default\">\n\t\t\t\t\t\t\t<div class=\"elementor-spacer\">\n\t\t\t<div class=\"elementor-spacer-inner\"><\/div>\n\t\t<\/div>\n\t\t\t\t\t\t<\/div>\n\t\t\t\t\t<\/div>\n\t\t<\/div>\n\t\t\t\t<div class=\"elementor-column elementor-col-33 elementor-top-column elementor-element elementor-element-847d21e\" data-id=\"847d21e\" data-element_type=\"column\" data-e-type=\"column\">\n\t\t\t<div class=\"elementor-widget-wrap elementor-element-populated\">\n\t\t\t\t\t\t<div class=\"elementor-element elementor-element-77b5eec elementor-widget elementor-widget-spacer\" data-id=\"77b5eec\" data-element_type=\"widget\" data-e-type=\"widget\" data-widget_type=\"spacer.default\">\n\t\t\t\t\t\t\t<div class=\"elementor-spacer\">\n\t\t\t<div class=\"elementor-spacer-inner\"><\/div>\n\t\t<\/div>\n\t\t\t\t\t\t<\/div>\n\t\t\t\t\t<\/div>\n\t\t<\/div>\n\t\t\t\t<div class=\"elementor-column elementor-col-33 elementor-top-column elementor-element elementor-element-e34f824\" data-id=\"e34f824\" data-element_type=\"column\" data-e-type=\"column\">\n\t\t\t<div class=\"elementor-widget-wrap elementor-element-populated\">\n\t\t\t\t\t\t<div class=\"elementor-element elementor-element-f17a26a elementor-widget elementor-widget-spacer\" data-id=\"f17a26a\" data-element_type=\"widget\" data-e-type=\"widget\" data-widget_type=\"spacer.default\">\n\t\t\t\t\t\t\t<div class=\"elementor-spacer\">\n\t\t\t<div class=\"elementor-spacer-inner\"><\/div>\n\t\t<\/div>\n\t\t\t\t\t\t<\/div>\n\t\t\t\t\t<\/div>\n\t\t<\/div>\n\t\t\t\t\t<\/div>\n\t\t<\/section>\n\t\t\t\t<section class=\"elementor-section elementor-top-section elementor-element elementor-element-ac56b61 elementor-section-boxed elementor-section-height-default elementor-section-height-default\" data-id=\"ac56b61\" data-element_type=\"section\" data-e-type=\"section\" data-settings=\"{&quot;background_background&quot;:&quot;classic&quot;}\">\n\t\t\t\t\t\t<div class=\"elementor-container elementor-column-gap-default\">\n\t\t\t\t\t<div class=\"elementor-column elementor-col-100 elementor-top-column elementor-element elementor-element-8577210\" data-id=\"8577210\" data-element_type=\"column\" data-e-type=\"column\">\n\t\t\t<div class=\"elementor-widget-wrap elementor-element-populated\">\n\t\t\t\t\t\t<div class=\"elementor-element elementor-element-2258281 elementor-widget elementor-widget-text-editor\" data-id=\"2258281\" data-element_type=\"widget\" data-e-type=\"widget\" data-widget_type=\"text-editor.default\">\n\t\t\t\t\t\t\t\t\t<p>Richtlinie und Verfahren f\u00fcr Sicherheitsvorf\u00e4lle und Datenverletzungen<\/p>\t\t\t\t\t\t\t\t<\/div>\n\t\t\t\t\t<\/div>\n\t\t<\/div>\n\t\t\t\t\t<\/div>\n\t\t<\/section>\n\t\t\t\t<section class=\"elementor-section elementor-top-section elementor-element elementor-element-783f653c elementor-section-boxed elementor-section-height-default elementor-section-height-default\" data-id=\"783f653c\" data-element_type=\"section\" data-e-type=\"section\" data-settings=\"{&quot;background_background&quot;:&quot;classic&quot;}\">\n\t\t\t\t\t\t<div class=\"elementor-container elementor-column-gap-default\">\n\t\t\t\t\t<div class=\"elementor-column elementor-col-100 elementor-top-column elementor-element elementor-element-1fba9715\" data-id=\"1fba9715\" data-element_type=\"column\" data-e-type=\"column\">\n\t\t\t<div class=\"elementor-widget-wrap elementor-element-populated\">\n\t\t\t\t\t\t<section class=\"elementor-section elementor-inner-section elementor-element elementor-element-40b2bbb5 elementor-section-full_width elementor-section-height-default elementor-section-height-default\" data-id=\"40b2bbb5\" data-element_type=\"section\" data-e-type=\"section\">\n\t\t\t\t\t\t<div class=\"elementor-container elementor-column-gap-no\">\n\t\t\t\t\t<div class=\"elementor-column elementor-col-100 elementor-inner-column elementor-element elementor-element-115bb124 elementor-invisible\" data-id=\"115bb124\" data-element_type=\"column\" data-e-type=\"column\" data-settings=\"{&quot;background_background&quot;:&quot;classic&quot;,&quot;animation&quot;:&quot;fadeInLeft&quot;}\">\n\t\t\t<div class=\"elementor-widget-wrap elementor-element-populated\">\n\t\t\t\t\t\t<div class=\"elementor-element elementor-element-e1ba9b7 elementor-widget elementor-widget-text-editor\" data-id=\"e1ba9b7\" data-element_type=\"widget\" data-e-type=\"widget\" data-widget_type=\"text-editor.default\">\n\t\t\t\t\t\t\t\t\t<p>Richtlinie und Verfahren f\u00fcr Sicherheitsvorf\u00e4lle und Datenverletzungen<\/p><p>April 14, 2025<\/p><p><strong>Managementplan f\u00fcr Zwischenf\u00e4lle<\/strong><\/p><p><strong>Einf\u00fchrung<\/strong><\/p><p>Dieser Plan umrei\u00dft die Verfahren zur Erkennung, Reaktion, Schadensbegrenzung und Wiederherstellung nach Cybersicherheitsvorf\u00e4llen, die Folgendes betreffen <strong>monecopote.com<\/strong>. Ziel ist es, das reibungslose Funktionieren der Plattform im Einklang mit den geltenden Gesetzen und Vorschriften zu gew\u00e4hrleisten und sie vor Cyber-Bedrohungen zu sch\u00fctzen.<\/p><p>Die Association Mon Eco Pote verpflichtet sich, mit der gebotenen Sorgfalt und Aufmerksamkeit (i) vorbeugende Ma\u00dfnahmen gegen Cyber-Vorf\u00e4lle zu ergreifen, (ii) diese angemessen zu behandeln, wenn sie auftreten, (iii) das Personal und andere betroffene Parteien (Nutzer, Verk\u00e4ufer, Kunden, Partner, Auftragnehmer, Lieferanten, Beh\u00f6rden) bei Bedarf zu informieren und (iv) den Zugang und den Betrieb so schnell wie m\u00f6glich wiederherzustellen.<\/p><p>\u00a0<\/p><p><strong> Kategorien von Vorf\u00e4llen<\/strong><\/p><p>Zu den potenziellen Bedrohungen geh\u00f6ren:<\/p><p>DDoS-Angriffe - Unterbrechung der Verf\u00fcgbarkeit von Websites.<\/p><p>Malware-Infektionen - Einschleusen von b\u00f6sartigem Code in die Plattform.<\/p><p>Unbefugter Zugriff - Datenverletzungen oder Konto\u00fcbernahmen.<\/p><p>Zahlungsbetrug - Gef\u00e4lschte Transaktionen zum Nachteil der Nutzer.<\/p><p>Phishing\/Social Engineering - Angriffe auf Administratoren oder Benutzer.<\/p><p>\u00a0<\/p><p><strong> Vorbeugende Ma\u00dfnahmen <\/strong>die in diesem Zusammenhang zu ber\u00fccksichtigen sind, umfassen :<\/p><p>Regelm\u00e4\u00dfige Sicherheitsaudits - Durchf\u00fchrung regelm\u00e4\u00dfiger Penetrationstests.<\/p><p>Starke Zugriffskontrollen - Verwenden Sie MFA und rollenbasierte Berechtigungen.<\/p><p>Datenverschl\u00fcsselung - Sichern Sie sensible Informationen.<\/p><p>Web Application Firewall (WAF) - Sch\u00fctzt vor Angriffen.<\/p><p>Backup und Disaster Recovery - Sorgen Sie daf\u00fcr, dass die t\u00e4glichen Backups sicher gespeichert werden.<\/p><p>\u00a0<\/p><p><strong> Erkennung und Meldung von Vorf\u00e4llen<\/strong> werden wie folgt durchgef\u00fchrt:<\/p><p>\u00dcberwachung des Datenverkehrs und der Protokolle durch einen externen Dienstanbieter<\/p><p>Meldung von verd\u00e4chtigen Aktivit\u00e4ten durch die Nutzer mittels eines Kontaktformulars<\/p><p>Automatische Warnungen bei abnormalem Datenverkehr oder Anmeldeversuchen<\/p><p>\u00a0<\/p><p><strong> Schritte zur Reaktion auf Vorf\u00e4lle<\/strong><\/p><p>Wenn ein Vorfall entdeckt wird, ist es wichtig, einen strukturierten Ansatz zu verfolgen, um die Bedrohung wirksam einzud\u00e4mmen und abzuschw\u00e4chen. Der folgende f\u00fcnfstufige Reaktionsprozess wird angewandt:<\/p><ol><li><u>Identifizierung und Klassifizierung <\/u>(um festzustellen, ob ein Vorfall eingetreten ist, und um dessen Schwere zu bewerten).<\/li><\/ol><p>Erstmalige Erkennung durch System\u00fcberwachung und \u00dcberpr\u00fcfung von Benutzerberichten \u00fcber verd\u00e4chtige Aktivit\u00e4ten (z. B. unbefugte Anmeldungen, betr\u00fcgerische Transaktionen)<\/p><p>Protokollierung und Analyse von Daten durch Erfassung von Protokollen betroffener Systeme, einschlie\u00dflich Zugriffsprotokollen, Fehlerprotokollen und Netzwerkverkehr, sowie durch Identifizierung von Angriffsvektoren (z. B. Phishing, Malware, SQL-Injection).<\/p><p>Klassifizieren Sie den Vorfall: Geringer Schweregrad f\u00fcr geringf\u00fcgige Sicherheitsprobleme (z. B. fehlgeschlagene Anmeldeversuche); mittlerer Schweregrad f\u00fcr Vorf\u00e4lle mit potenziellen Auswirkungen (z. B. Malware-Infektion in kleinem Umfang); hoher Schweregrad f\u00fcr aktive Bedrohungen, die Benutzer oder Gesch\u00e4ftsabl\u00e4ufe beeintr\u00e4chtigen; kritischer Schweregrad f\u00fcr gr\u00f6\u00dfere Sicherheitsverletzungen (z. B. Datenleck, Ransomware-Angriff)<\/p><p>Aktivieren Sie das Reaktionsteam, indem Sie den Leiter der Vorfallsreaktion und die IT-Sicherheit benachrichtigen.<\/p><p>\u00a0\u00a0\u00a0\u00a0\u00a0\u00a0\u00a0\u00a0\u00a0\u00a0\u00a0<\/p><p><u>2. Eingrenzung (bis l<\/u>die Ausbreitung und den Schaden des Vorfalls zu begrenzen und gleichzeitig forensische Beweise zu sichern.<\/p><p><em>Kurzfristige Ma\u00dfnahmen:<\/em><\/p><p>Netzwerkeind\u00e4mmung (Blockieren b\u00f6sartiger IPs oder geografische Zugangsbeschr\u00e4nkungen, falls erforderlich; Abtrennung der betroffenen Systeme vom Hauptnetz)<\/p><p>Eind\u00e4mmung von Konten (Deaktivierung kompromittierter Benutzer-\/Administratorkonten; Erzwingen von Passwortr\u00fccksetzungen f\u00fcr betroffene Benutzer)<\/p><p>Anwendungseind\u00e4mmung (Vor\u00fcbergehende Deaktivierung der betroffenen Website-Funktionen (z. B. Zahlungs-Gateway, Auftragsabwicklung); Aktualisierung der Firewall-Regeln zur Blockierung des b\u00f6sartigen Datenverkehrs.<\/p><p><em>Langfristige Ma\u00dfnahmen :<\/em><\/p><p>Sichere Backups (\u00dcberpr\u00fcfen Sie, dass die j\u00fcngsten Backups nicht kompromittiert sind; verlagern Sie den Datenverkehr gegebenenfalls auf einen Backup-Server)<\/p><p>Beweise sichern (Kopien der betroffenen Systemprotokolle f\u00fcr die forensische Analyse erstellen; alle w\u00e4hrend der Eind\u00e4mmung durchgef\u00fchrten Ma\u00dfnahmen dokumentieren)<\/p><p><u>3. Ausrottung und Wiederherstellung<\/u> (um die Ursache des Vorfalls zu beseitigen und den normalen Betrieb wiederherzustellen.<\/p><p><em>Schritte zur Ausrottung:<\/em><\/p><p>Identifizierung des Angriffsvektors (Analyse von Protokollen, Malware-Signaturen und Angriffsmustern; Feststellung, ob menschliches Versagen, eine Systemschwachstelle oder ein externer Angriff die Ursache war)<\/p><p>Behebung von Schwachstellen (Anwendung von Software-Updates, Sicherheits-Patches und Konfigurationskorrekturen; St\u00e4rkung der Firewall-, Authentifizierungs- und API-Sicherheit)<\/p><p>Entfernung von Malware (Durchf\u00fchrung von Antivirus-\/Malware-Scans auf den betroffenen Systemen; L\u00f6schen oder Quarant\u00e4ne infizierter Dateien<\/p><p><em>Schritte zur Wiederherstellung<\/em>:<\/p><p>Wiederherstellungsdienste (Neuinstallation betroffener Anwendungen, falls erforderlich; Wiederherstellung von Daten aus Sicherungskopien, um eine erneute Infektion mit Malware zu verhindern)<\/p><p>\u00dcberwachung auf Restbedrohungen (Durchf\u00fchrung von Penetrationstests nach der Wiederherstellung, verst\u00e4rkte \u00dcberwachung der Protokolle auf ungew\u00f6hnliches Verhalten)<\/p><p><u>4. Kommunikation und Benachrichtigung<\/u> (um eine rechtzeitige und transparente Kommunikation mit den Beteiligten zu gew\u00e4hrleisten)<\/p><p>Interne Kommunikation (Information der Gesch\u00e4ftsleitung, des IT-Teams und der Rechtsabteilung; Durchf\u00fchrung einer Sitzung zur Aktualisierung des Status mit dem Reaktionsteam)<\/p><p>\u00a0Externe Kommunikation (Benachrichtigung der betroffenen Nutzer; Anweisung an die Nutzer, ihre Passw\u00f6rter zur\u00fcckzusetzen und 2FA zu aktivieren; falls gesetzlich vorgeschrieben, Meldung von Verst\u00f6\u00dfen an die Datenschutzbeh\u00f6rden; Information von Drittanbietern, falls deren Dienste betroffen sind)<\/p><p>\u00a0<\/p><p><u>5. \u00dcberpr\u00fcfung nach dem Vorfall und gewonnene Erkenntnisse<\/u> (zur Verbesserung der Sicherheitsvorkehrungen, um k\u00fcnftige Vorf\u00e4lle zu verhindern)<\/p><p><em>Aktionen<\/em>:<\/p><p>\u00dcberpr\u00fcfung des Vorfalls (Analyse der Protokolle, der Angriffsvektoren und der Wirksamkeit der Ma\u00dfnahmen; Ermittlung von L\u00fccken in den Erkennungs-, Eind\u00e4mmungs- und Wiederherstellungsprozessen)<\/p><p>Dokumentation der Ergebnisse (Erstellung eines detaillierten Berichts mit Ursachenanalyse und Reaktionsschritten; Empfehlung von Verbesserungen f\u00fcr die Sicherheitspolitik)<\/p><p>Verbesserung der Sicherheitskontrollen (Aktualisierung von Firewall-Regeln, IDS\/IPS-Einstellungen und Zugangskontrollen; Durchf\u00fchrung zus\u00e4tzlicher Schulungen f\u00fcr Mitarbeiter zur Erkennung von Cyber-Bedrohungen)<\/p><p><strong>\u00a0<\/strong><\/p><p><strong style=\"color: var(--rz-text-color); font-family: var(--rz-font-family-primary);\">Kontakt &amp; Reaktionsteam<\/strong><\/p><p>Leitung der Reaktion auf Vorf\u00e4lle: Ga\u00ebtan Bio<\/p><p>Ansprechpartner f\u00fcr IT-Sicherheit :Ga\u00ebtan Bio<\/p><p>Ansprechpartner f\u00fcr Recht und Compliance: Ga\u00ebtan Bio<\/p><div style=\"overflow-x: auto; background-color: white;\">\u00a0<\/div>\t\t\t\t\t\t\t\t<\/div>\n\t\t\t\t\t<\/div>\n\t\t<\/div>\n\t\t\t\t\t<\/div>\n\t\t<\/section>\n\t\t\t\t\t<\/div>\n\t\t<\/div>\n\t\t\t\t\t<\/div>\n\t\t<\/section>\n\t\t<div class=\"elementor-element elementor-element-de62c41 e-flex e-con-boxed e-con e-parent\" data-id=\"de62c41\" data-element_type=\"container\" data-e-type=\"container\" data-settings=\"{&quot;background_background&quot;:&quot;classic&quot;}\">\n\t\t\t\t\t<div class=\"e-con-inner\">\n\t\t\t\t<div class=\"elementor-element elementor-element-ed7c2de elementor-align-center elementor-mobile-align-center elementor-widget elementor-widget-button\" data-id=\"ed7c2de\" data-element_type=\"widget\" data-e-type=\"widget\" data-widget_type=\"button.default\">\n\t\t\t\t\t\t\t\t\t\t<a class=\"elementor-button elementor-button-link elementor-size-sm elementor-animation-hang\" href=\"https:\/\/myecobestfriend.com\/de\/alle-bedingungen-und-konditionen\/\">\n\t\t\t\t\t\t<span class=\"elementor-button-content-wrapper\">\n\t\t\t\t\t\t\t\t\t<span class=\"elementor-button-text\">Mehr zu den Allgemeinen Gesch\u00e4ftsbedingungen von My Eco Best Friend<\/span>\n\t\t\t\t\t<\/span>\n\t\t\t\t\t<\/a>\n\t\t\t\t\t\t\t\t<\/div>\n\t\t\t\t\t<\/div>\n\t\t\t\t<\/div>\n\t\t\t\t<section class=\"elementor-section elementor-top-section elementor-element elementor-element-35eec0f elementor-section-boxed elementor-section-height-default elementor-section-height-default\" data-id=\"35eec0f\" data-element_type=\"section\" data-e-type=\"section\" data-settings=\"{&quot;background_background&quot;:&quot;classic&quot;,&quot;shape_divider_bottom&quot;:&quot;mountains&quot;}\">\n\t\t\t\t\t<div class=\"elementor-shape elementor-shape-bottom\" aria-hidden=\"true\" data-negative=\"false\">\n\t\t\t<svg xmlns=\"http:\/\/www.w3.org\/2000\/svg\" viewbox=\"0 0 1000 100\" preserveaspectratio=\"none\">\n\t<path class=\"elementor-shape-fill\" opacity=\"0.33\" d=\"M473,67.3c-203.9,88.3-263.1-34-320.3,0C66,119.1,0,59.7,0,59.7V0h1000v59.7 c0,0-62.1,26.1-94.9,29.3c-32.8,3.3-62.8-12.3-75.8-22.1C806,49.6,745.3,8.7,694.9,4.7S492.4,59,473,67.3z\"\/>\n\t<path class=\"elementor-shape-fill\" opacity=\"0.66\" d=\"M734,67.3c-45.5,0-77.2-23.2-129.1-39.1c-28.6-8.7-150.3-10.1-254,39.1 s-91.7-34.4-149.2,0C115.7,118.3,0,39.8,0,39.8V0h1000v36.5c0,0-28.2-18.5-92.1-18.5C810.2,18.1,775.7,67.3,734,67.3z\"\/>\n\t<path class=\"elementor-shape-fill\" d=\"M766.1,28.9c-200-57.5-266,65.5-395.1,19.5C242,1.8,242,5.4,184.8,20.6C128,35.8,132.3,44.9,89.9,52.5C28.6,63.7,0,0,0,0 h1000c0,0-9.9,40.9-83.6,48.1S829.6,47,766.1,28.9z\"\/>\n<\/svg>\t\t<\/div>\n\t\t\t\t\t<div class=\"elementor-container elementor-column-gap-default\">\n\t\t\t\t\t<div class=\"elementor-column elementor-col-50 elementor-top-column elementor-element elementor-element-b7d95c6\" data-id=\"b7d95c6\" data-element_type=\"column\" data-e-type=\"column\">\n\t\t\t<div class=\"elementor-widget-wrap elementor-element-populated\">\n\t\t\t\t\t\t<div class=\"elementor-element elementor-element-b7c8ea6 elementor-widget elementor-widget-image\" data-id=\"b7c8ea6\" data-element_type=\"widget\" data-e-type=\"widget\" data-widget_type=\"image.default\">\n\t\t\t\t\t\t\t\t\t\t\t\t\t\t\t<img fetchpriority=\"high\" decoding=\"async\" width=\"429\" height=\"475\" src=\"https:\/\/myecobestfriend.com\/wp-content\/uploads\/2021\/04\/789-removebg-preview.png\" class=\"attachment-large size-large wp-image-15953\" alt=\"\" srcset=\"https:\/\/myecobestfriend.com\/wp-content\/uploads\/2021\/04\/789-removebg-preview.png 429w, https:\/\/myecobestfriend.com\/wp-content\/uploads\/2021\/04\/789-removebg-preview-416x461.png 416w, https:\/\/myecobestfriend.com\/wp-content\/uploads\/2021\/04\/789-removebg-preview-11x12.png 11w, https:\/\/myecobestfriend.com\/wp-content\/uploads\/2021\/04\/789-removebg-preview-23x25.png 23w, https:\/\/myecobestfriend.com\/wp-content\/uploads\/2021\/04\/789-removebg-preview-90x100.png 90w\" sizes=\"(max-width: 429px) 100vw, 429px\" \/>\t\t\t\t\t\t\t\t\t\t\t\t\t\t\t<\/div>\n\t\t\t\t\t<\/div>\n\t\t<\/div>\n\t\t\t\t<div class=\"elementor-column elementor-col-50 elementor-top-column elementor-element elementor-element-61bf7ec\" data-id=\"61bf7ec\" data-element_type=\"column\" data-e-type=\"column\">\n\t\t\t<div class=\"elementor-widget-wrap\">\n\t\t\t\t\t\t\t<\/div>\n\t\t<\/div>\n\t\t\t\t\t<\/div>\n\t\t<\/section>\n\t\t\t\t<section class=\"elementor-section elementor-top-section elementor-element elementor-element-89cd6be elementor-section-boxed elementor-section-height-default elementor-section-height-default\" data-id=\"89cd6be\" data-element_type=\"section\" data-e-type=\"section\" data-settings=\"{&quot;background_background&quot;:&quot;classic&quot;}\">\n\t\t\t\t\t\t<div class=\"elementor-container elementor-column-gap-default\">\n\t\t\t\t\t<div class=\"elementor-column elementor-col-100 elementor-top-column elementor-element elementor-element-49e4162\" data-id=\"49e4162\" data-element_type=\"column\" data-e-type=\"column\">\n\t\t\t<div class=\"elementor-widget-wrap\">\n\t\t\t\t\t\t\t<\/div>\n\t\t<\/div>\n\t\t\t\t\t<\/div>\n\t\t<\/section>\n\t\t\t\t<\/div>","protected":false},"excerpt":{"rendered":"<p>Security Incidents &amp; Data Breach Management Policy and Procedure Security Incidents &amp; Data Breach Management Policy and Procedure April 14, 2025 Incident Management Plan Introduction This plan outlines the procedures for identifying, responding to, mitigating, and recovering from cybersecurity incidents affecting monecopote.com. The goal is to ensure the well-functioning of the platform in compliance with [&hellip;]<\/p>\n","protected":false},"author":1,"featured_media":0,"parent":0,"menu_order":0,"comment_status":"closed","ping_status":"closed","template":"elementor_header_footer","meta":{"_acf_changed":false,"footnotes":""},"tags":[],"class_list":["post-35669","page","type-page","status-publish","hentry"],"acf":[],"_links":{"self":[{"href":"https:\/\/myecobestfriend.com\/de\/wp-json\/wp\/v2\/pages\/35669","targetHints":{"allow":["GET"]}}],"collection":[{"href":"https:\/\/myecobestfriend.com\/de\/wp-json\/wp\/v2\/pages"}],"about":[{"href":"https:\/\/myecobestfriend.com\/de\/wp-json\/wp\/v2\/types\/page"}],"author":[{"embeddable":true,"href":"https:\/\/myecobestfriend.com\/de\/wp-json\/wp\/v2\/users\/1"}],"replies":[{"embeddable":true,"href":"https:\/\/myecobestfriend.com\/de\/wp-json\/wp\/v2\/comments?post=35669"}],"version-history":[{"count":63,"href":"https:\/\/myecobestfriend.com\/de\/wp-json\/wp\/v2\/pages\/35669\/revisions"}],"predecessor-version":[{"id":64378,"href":"https:\/\/myecobestfriend.com\/de\/wp-json\/wp\/v2\/pages\/35669\/revisions\/64378"}],"wp:attachment":[{"href":"https:\/\/myecobestfriend.com\/de\/wp-json\/wp\/v2\/media?parent=35669"}],"wp:term":[{"taxonomy":"post_tag","embeddable":true,"href":"https:\/\/myecobestfriend.com\/de\/wp-json\/wp\/v2\/tags?post=35669"}],"curies":[{"name":"wp","href":"https:\/\/api.w.org\/{rel}","templated":true}]}}