  


{"id":35677,"date":"2022-04-08T16:08:02","date_gmt":"2022-04-08T14:08:02","guid":{"rendered":"https:\/\/myecobestfriend.com\/?page_id=35677"},"modified":"2025-10-09T16:15:55","modified_gmt":"2025-10-09T14:15:55","slug":"alle-datenschutzbestimmungen","status":"publish","type":"page","link":"https:\/\/myecobestfriend.com\/de\/all-data-protection\/","title":{"rendered":"Alle - Datenschutz"},"content":{"rendered":"<div data-elementor-type=\"wp-post\" data-elementor-id=\"35677\" class=\"elementor elementor-35677\" data-elementor-settings=\"{&quot;element_pack_global_tooltip_width&quot;:{&quot;unit&quot;:&quot;px&quot;,&quot;size&quot;:&quot;&quot;,&quot;sizes&quot;:[]},&quot;element_pack_global_tooltip_width_tablet&quot;:{&quot;unit&quot;:&quot;px&quot;,&quot;size&quot;:&quot;&quot;,&quot;sizes&quot;:[]},&quot;element_pack_global_tooltip_width_mobile&quot;:{&quot;unit&quot;:&quot;px&quot;,&quot;size&quot;:&quot;&quot;,&quot;sizes&quot;:[]},&quot;element_pack_global_tooltip_padding&quot;:{&quot;unit&quot;:&quot;px&quot;,&quot;top&quot;:&quot;&quot;,&quot;right&quot;:&quot;&quot;,&quot;bottom&quot;:&quot;&quot;,&quot;left&quot;:&quot;&quot;,&quot;isLinked&quot;:true},&quot;element_pack_global_tooltip_padding_tablet&quot;:{&quot;unit&quot;:&quot;px&quot;,&quot;top&quot;:&quot;&quot;,&quot;right&quot;:&quot;&quot;,&quot;bottom&quot;:&quot;&quot;,&quot;left&quot;:&quot;&quot;,&quot;isLinked&quot;:true},&quot;element_pack_global_tooltip_padding_mobile&quot;:{&quot;unit&quot;:&quot;px&quot;,&quot;top&quot;:&quot;&quot;,&quot;right&quot;:&quot;&quot;,&quot;bottom&quot;:&quot;&quot;,&quot;left&quot;:&quot;&quot;,&quot;isLinked&quot;:true},&quot;element_pack_global_tooltip_border_radius&quot;:{&quot;unit&quot;:&quot;px&quot;,&quot;top&quot;:&quot;&quot;,&quot;right&quot;:&quot;&quot;,&quot;bottom&quot;:&quot;&quot;,&quot;left&quot;:&quot;&quot;,&quot;isLinked&quot;:true},&quot;element_pack_global_tooltip_border_radius_tablet&quot;:{&quot;unit&quot;:&quot;px&quot;,&quot;top&quot;:&quot;&quot;,&quot;right&quot;:&quot;&quot;,&quot;bottom&quot;:&quot;&quot;,&quot;left&quot;:&quot;&quot;,&quot;isLinked&quot;:true},&quot;element_pack_global_tooltip_border_radius_mobile&quot;:{&quot;unit&quot;:&quot;px&quot;,&quot;top&quot;:&quot;&quot;,&quot;right&quot;:&quot;&quot;,&quot;bottom&quot;:&quot;&quot;,&quot;left&quot;:&quot;&quot;,&quot;isLinked&quot;:true}}\" data-elementor-post-type=\"page\">\n\t\t\t\t\t\t<section class=\"elementor-section elementor-top-section elementor-element elementor-element-2d9aa74 elementor-section-height-min-height elementor-section-boxed elementor-section-height-default elementor-section-items-middle\" data-id=\"2d9aa74\" data-element_type=\"section\" data-e-type=\"section\" data-settings=\"{&quot;background_background&quot;:&quot;classic&quot;}\">\n\t\t\t\t\t\t\t<div class=\"elementor-background-overlay\"><\/div>\n\t\t\t\t\t\t\t<div class=\"elementor-container elementor-column-gap-default\">\n\t\t\t\t\t<div class=\"elementor-column elementor-col-100 elementor-top-column elementor-element elementor-element-506a7ca\" data-id=\"506a7ca\" data-element_type=\"column\" data-e-type=\"column\">\n\t\t\t<div class=\"elementor-widget-wrap\">\n\t\t\t\t\t\t\t<\/div>\n\t\t<\/div>\n\t\t\t\t\t<\/div>\n\t\t<\/section>\n\t\t\t\t<section class=\"elementor-section elementor-top-section elementor-element elementor-element-ac56b61 elementor-section-boxed elementor-section-height-default elementor-section-height-default\" data-id=\"ac56b61\" data-element_type=\"section\" data-e-type=\"section\" data-settings=\"{&quot;background_background&quot;:&quot;classic&quot;}\">\n\t\t\t\t\t\t<div class=\"elementor-container elementor-column-gap-default\">\n\t\t\t\t\t<div class=\"elementor-column elementor-col-100 elementor-top-column elementor-element elementor-element-8577210\" data-id=\"8577210\" data-element_type=\"column\" data-e-type=\"column\">\n\t\t\t<div class=\"elementor-widget-wrap elementor-element-populated\">\n\t\t\t\t\t\t<div class=\"elementor-element elementor-element-2258281 elementor-widget elementor-widget-text-editor\" data-id=\"2258281\" data-element_type=\"widget\" data-e-type=\"widget\" data-widget_type=\"text-editor.default\">\n\t\t\t\t\t\t\t\t\t<p>Datenschutzpolitik<\/p>\t\t\t\t\t\t\t\t<\/div>\n\t\t\t\t\t<\/div>\n\t\t<\/div>\n\t\t\t\t\t<\/div>\n\t\t<\/section>\n\t\t\t\t<section class=\"elementor-section elementor-top-section elementor-element elementor-element-783f653c elementor-section-boxed elementor-section-height-default elementor-section-height-default\" data-id=\"783f653c\" data-element_type=\"section\" data-e-type=\"section\" data-settings=\"{&quot;background_background&quot;:&quot;classic&quot;}\">\n\t\t\t\t\t\t<div class=\"elementor-container elementor-column-gap-default\">\n\t\t\t\t\t<div class=\"elementor-column elementor-col-100 elementor-top-column elementor-element elementor-element-1fba9715\" data-id=\"1fba9715\" data-element_type=\"column\" data-e-type=\"column\">\n\t\t\t<div class=\"elementor-widget-wrap elementor-element-populated\">\n\t\t\t\t\t\t<section class=\"elementor-section elementor-inner-section elementor-element elementor-element-40b2bbb5 elementor-section-full_width elementor-section-height-default elementor-section-height-default\" data-id=\"40b2bbb5\" data-element_type=\"section\" data-e-type=\"section\">\n\t\t\t\t\t\t<div class=\"elementor-container elementor-column-gap-no\">\n\t\t\t\t\t<div class=\"elementor-column elementor-col-100 elementor-inner-column elementor-element elementor-element-115bb124\" data-id=\"115bb124\" data-element_type=\"column\" data-e-type=\"column\" data-settings=\"{&quot;background_background&quot;:&quot;classic&quot;}\">\n\t\t\t<div class=\"elementor-widget-wrap elementor-element-populated\">\n\t\t\t\t\t\t<div class=\"elementor-element elementor-element-24b1890 elementor-widget elementor-widget-image\" data-id=\"24b1890\" data-element_type=\"widget\" data-e-type=\"widget\" data-widget_type=\"image.default\">\n\t\t\t\t\t\t\t\t\t\t\t\t\t\t\t<img fetchpriority=\"high\" decoding=\"async\" width=\"612\" height=\"408\" src=\"https:\/\/myecobestfriend.com\/wp-content\/uploads\/2021\/10\/istockphoto-185258639-612x612-1.jpg\" class=\"attachment-full size-full wp-image-19261\" alt=\"\" srcset=\"https:\/\/myecobestfriend.com\/wp-content\/uploads\/2021\/10\/istockphoto-185258639-612x612-1.jpg 612w, https:\/\/myecobestfriend.com\/wp-content\/uploads\/2021\/10\/istockphoto-185258639-612x612-1-600x400.jpg 600w, https:\/\/myecobestfriend.com\/wp-content\/uploads\/2021\/10\/istockphoto-185258639-612x612-1-18x12.jpg 18w, https:\/\/myecobestfriend.com\/wp-content\/uploads\/2021\/10\/istockphoto-185258639-612x612-1-25x17.jpg 25w, https:\/\/myecobestfriend.com\/wp-content\/uploads\/2021\/10\/istockphoto-185258639-612x612-1-100x67.jpg 100w\" sizes=\"(max-width: 612px) 100vw, 612px\" \/>\t\t\t\t\t\t\t\t\t\t\t\t\t\t\t<\/div>\n\t\t\t\t<div class=\"elementor-element elementor-element-e1ba9b7 elementor-widget elementor-widget-text-editor\" data-id=\"e1ba9b7\" data-element_type=\"widget\" data-e-type=\"widget\" data-widget_type=\"text-editor.default\">\n\t\t\t\t\t\t\t\t\t<h1>DATENSCHUTZPOLITIK<\/h1><p>April 14, 2025<\/p><p><strong>Politik zum Schutz personenbezogener Daten<\/strong><\/p><p><strong>Pr\u00e4ambel<\/strong><\/p><p>Mon Eco Pote ist ein Verein, der sich f\u00fcr die Umweltfreundlichkeit der Schweizer B\u00fcrger und der Gesellschaft einsetzt. Sein eingetragener Sitz befindet sich in Route de Longefont,19, 1475, Autavaux, Schweiz. Er ist f\u00fcr die Verarbeitung verantwortlich, die durchgef\u00fchrt wird, wenn Sie auf unserer Website surfen, ein Konto erstellen oder einen Artikel kaufen, oder wenn Sie unsere Plattform My Eco Best Friend nutzen.<\/p><p>My Eco Best Friend legt gro\u00dfen Wert auf den Schutz der Privatsph\u00e4re und den Schutz pers\u00f6nlicher Daten.<\/p><p>Damit Sie besser verstehen, wie wir Ihre Daten verarbeiten und fundierte Entscheidungen \u00fcber deren Verwendung treffen k\u00f6nnen, laden wir Sie ein, die folgenden Informationen zu lesen.<\/p><p>Mon Eco Pote verpflichtet sich, alle Verpflichtungen einzuhalten, die sich aus den f\u00fcr die Verarbeitung personenbezogener Daten geltenden Vorschriften ergeben, insbesondere:<\/p><p>der Verordnung (EU) 2016\/679 des Europ\u00e4ischen Parlaments und des Rates vom 27. April 2016, die seit dem 25. Mai 2018 gilt (im Folgenden  oder ),<\/p><p>Das franz\u00f6sische Datenschutzgesetz Nr. 78-17 vom 6. Januar 1978 in seiner ge\u00e4nderten Fassung,<\/p><p>Die Stellungnahmen und Empfehlungen der Aufsichtsbeh\u00f6rden, der Gruppe f\u00fcr den Schutz von Personen bei der Verarbeitung personenbezogener Daten () oder des Europ\u00e4ischen Datenschutzausschusses.<\/p><p>Das Bundesgesetz \u00fcber den Datenschutz (DSG) vom 25. September 2020<\/p><ol><li><strong>Definitionen<\/strong><\/li><\/ol><p>Personenbezogene Daten\": alle Informationen \u00fcber eine nat\u00fcrliche Person, die direkt oder indirekt durch eine Kennung wie einen Namen, eine Telefonnummer, eine Postanschrift, eine E-Mail-Adresse, eine Kennnummer, Standortdaten usw. identifiziert wird oder identifiziert werden kann.<\/p><p>Entnahme, Abfrage, Verwendung, Verkn\u00fcpfung, Einschr\u00e4nkung, L\u00f6schung, Vernichtung usw.<\/p><p>Der \"f\u00fcr die Verarbeitung Verantwortliche\" ist die nat\u00fcrliche oder juristische Person des \u00f6ffentlichen oder privaten Rechts oder die Stelle, die allein oder gemeinsam mit anderen \u00fcber die Zwecke und Mittel der Verarbeitung entscheidet.<\/p><p>Unterauftragsverarbeiter\": die nat\u00fcrliche oder juristische Person des \u00f6ffentlichen oder privaten Rechts oder der Dienst, der personenbezogene Daten im Auftrag des f\u00fcr die Verarbeitung Verantwortlichen verarbeitet.<\/p><ol start=\"2\"><li><strong>Datenschutzbeauftragter<\/strong><\/li><\/ol><p>Mon Eco Pote hat Ga\u00ebtan Bio zum Datenschutzbeauftragten ernannt. Seine Aufgabe ist es, den f\u00fcr die Datenverarbeitung Verantwortlichen zu informieren und zu beraten, die Einhaltung der geltenden Vorschriften zu gew\u00e4hrleisten und insbesondere daf\u00fcr zu sorgen, dass die Rechte des Einzelnen geachtet werden.<\/p><ol start=\"3\"><li><strong>Durchgef\u00fchrte Verarbeitung und Rechtsgrundlage<\/strong><\/li><\/ol><p>Wir verwenden Ihre Daten, um:<\/p><p>Ihr Kundenkonto anzulegen und zu verwalten (Durchf\u00fchrung von vorvertraglichen Ma\u00dfnahmen und Vertragsabwicklung).<\/p><p>Ihre Zahlungen zu verwalten und zu sichern (gesetzliche Verpflichtung) und Ihnen die M\u00f6glichkeit zu geben, Ihre Bankdaten zu registrieren, wenn Sie dies w\u00fcnschen (Einwilligung);<\/p><p>um den reibungslosen Ablauf Ihrer Transaktionen zu gew\u00e4hrleisten und Ihre Bestellungen zu \u00fcberwachen (Vertragserf\u00fcllung).<\/p><p>damit wir Ihre Beschwerden an unseren Kundendienst per E-Mail oder telefonisch bearbeiten k\u00f6nnen (Vertragserf\u00fcllung oder berechtigtes Interesse, wenn Sie kein Mitglied sind).<\/p><p>zur Beantwortung Ihrer Informationsanfragen \u00fcber unsere Kontaktformulare (berechtigtes Interesse).<\/p><p>um die Sicherheit der Plattform, Ihrer Daten und Ihres Austauschs zu gew\u00e4hrleisten, insbesondere durch die Moderation Ihrer Kommentare und des Inhalts Ihrer Nachrichten an andere Mitglieder (berechtigtes Interesse).<\/p><p>um die Sicherheit der Plattform, Ihrer Daten und Ihres Austauschs zu gew\u00e4hrleisten, insbesondere durch die Moderation Ihrer Kommentare und des Inhalts Ihrer Nachrichten an andere Mitglieder (berechtigtes Interesse).<\/p><p>den geltenden Gesetzen und Verordnungen sowie jeder Entscheidung einer zust\u00e4ndigen Justizbeh\u00f6rde oder jeder rechtlichen Aufforderung nachzukommen (rechtliche Verpflichtungen).<\/p><p>unseren gesetzlichen Verpflichtungen zur Bek\u00e4mpfung von Kriminalit\u00e4t, Terrorismus und Geldw\u00e4sche nachzukommen (gesetzliche Verpflichtungen).<\/p><p>Betrugsbek\u00e4mpfung und Durchf\u00fchrung aller erforderlichen Kontrollen, um eine betr\u00fcgerische Nutzung unserer Plattform zu verhindern (berechtigtes Interesse).<\/p><p>Wir treffen alle notwendigen Vorkehrungen, um die Sicherheit Ihrer Daten zu gew\u00e4hrleisten.<\/p><p>Wir speichern Ihre Daten so lange, wie Sie auf unserer Plattform aktiv sind.<\/p><p>Bei l\u00e4ngerer Inaktivit\u00e4t \u00fcber einen Zeitraum von 3 Jahren oder wenn Sie die Schlie\u00dfung Ihres Kontos beantragen, werden wir Ihr Konto archivieren und die zugeh\u00f6rigen Daten f\u00fcr einen Zeitraum von 10 Jahren aufbewahren, damit wir unseren gesetzlichen Verpflichtungen, insbesondere steuerlichen Verpflichtungen, nachkommen k\u00f6nnen.<\/p><p>Nach Ablauf dieser 10 Jahre anonymisieren und l\u00f6schen wir Ihre Daten endg\u00fcltig. Ihr Konto und Ihre Daten werden dann inaktiv.<\/p><p>Wenn Sie ein Konto auf unserer Plattform erstellt haben, aber in drei aufeinander folgenden Jahren keine Transaktionen (K\u00e4ufe oder Verk\u00e4ufe) durchgef\u00fchrt haben, werden Ihre Daten anonymisiert und schlie\u00dflich gel\u00f6scht. Sie k\u00f6nnen auch die L\u00f6schung Ihres Kontos verlangen.<\/p><ol start=\"4\"><li><strong>Wie Sie Ihre Rechte wahrnehmen k\u00f6nnen<\/strong><\/li><\/ol><p>Gem\u00e4\u00df den geltenden Vorschriften haben Sie das Recht auf Zugang, Berichtigung, L\u00f6schung, Widerspruch, Einschr\u00e4nkung und \u00dcbertragung Ihrer personenbezogenen Daten.<\/p><p>Beruht die Verarbeitung auf Ihrer Einwilligung, k\u00f6nnen Sie Ihre Einwilligung jederzeit widerrufen. In diesem Fall wird die Rechtm\u00e4\u00dfigkeit der vor dem Widerruf erfolgten Verarbeitung nicht in Frage gestellt.<\/p><p>Wenn die Grundlage f\u00fcr die Rechtm\u00e4\u00dfigkeit ein berechtigtes Interesse ist, haben Sie gem\u00e4\u00df Artikel 21 der Datenschutzrichtlinie das Recht, aus Gr\u00fcnden, die sich aus Ihrer besonderen Situation ergeben, jederzeit gegen die Verarbeitung der Sie betreffenden Daten Widerspruch einzulegen.<\/p><p>Schlie\u00dflich k\u00f6nnen Sie uns Ihre Anweisungen bez\u00fcglich der Aufbewahrung, L\u00f6schung und Weitergabe Ihrer personenbezogenen Daten im Falle Ihres Todes mitteilen.<\/p><p>Sie k\u00f6nnen Ihre Rechte aus\u00fcben, indem Sie sich schriftlich an folgende Adresse wenden<\/p><p>Ga\u00ebtan Bio<\/p><p>Route de Longefont, 19, 1475, Estavayer - Schweiz<\/p><p>Oder per E-Mail an die folgende Adresse: contact@myecobestfriend.com<\/p><p>Im Interesse der Vertraulichkeit und des Datenschutzes schreiben Sie uns bitte an die mit Ihrem Konto verkn\u00fcpfte E-Mail-Adresse.<\/p><p>Bei Antr\u00e4gen, die per E-Mail oder Post gestellt werden, m\u00fcssen Sie eine Kopie Ihres Ausweises vorlegen.<\/p><p>Ihr Antrag auf Aus\u00fcbung Ihrer Rechte wird innerhalb eines Monats nach Eingang des Antrags beantwortet. Diese Frist kann je nach Komplexit\u00e4t oder Anzahl der Antr\u00e4ge um zwei Monate verl\u00e4ngert werden. Sie werden innerhalb eines Monats \u00fcber diese Verl\u00e4ngerung und die Gr\u00fcnde f\u00fcr den Aufschub informiert.<\/p><p>Wenn Sie mit unserer Antwort nicht zufrieden sind, k\u00f6nnen Sie beim Eidgen\u00f6ssischen Datenschutz- und \u00d6ffentlichkeitsbeauftragten (ED\u00d6B - Feldeggweg 1) eine Beschwerde einreichen<\/p><p>CH - 3003 Bern).<\/p><ol start=\"5\"><li><strong>Cookies<\/strong><\/li><\/ol><p>Diese Website verwendet Cookies. Sie k\u00f6nnen Cookies konfigurieren, indem Sie auf diesen Link klicken <a href=\"https:\/\/myecobestfriend.com\/fr\/cookie-policy-eu\/\">https:\/\/myecobestfriend.com\/fr\/cookie-policy-eu\/<\/a><\/p>\t\t\t\t\t\t\t\t<\/div>\n\t\t\t\t<div class=\"elementor-element elementor-element-05fffba elementor-align-center elementor-mobile-align-center elementor-widget elementor-widget-button\" data-id=\"05fffba\" data-element_type=\"widget\" data-e-type=\"widget\" data-widget_type=\"button.default\">\n\t\t\t\t\t\t\t\t\t\t<a class=\"elementor-button elementor-button-link elementor-size-sm elementor-animation-float\" href=\"https:\/\/myecobestfriend.com\/de\/alle-bedingungen-und-konditionen\/\">\n\t\t\t\t\t\t<span class=\"elementor-button-content-wrapper\">\n\t\t\t\t\t\t\t\t\t<span class=\"elementor-button-text\">Mehr zu den Allgemeinen Gesch\u00e4ftsbedingungen von My Eco Best Friend<\/span>\n\t\t\t\t\t<\/span>\n\t\t\t\t\t<\/a>\n\t\t\t\t\t\t\t\t<\/div>\n\t\t\t\t\t<\/div>\n\t\t<\/div>\n\t\t\t\t\t<\/div>\n\t\t<\/section>\n\t\t\t\t\t<\/div>\n\t\t<\/div>\n\t\t\t\t\t<\/div>\n\t\t<\/section>\n\t\t\t\t<section class=\"elementor-section elementor-top-section elementor-element elementor-element-192b80f elementor-section-boxed elementor-section-height-default elementor-section-height-default\" data-id=\"192b80f\" data-element_type=\"section\" data-e-type=\"section\" data-settings=\"{&quot;background_background&quot;:&quot;classic&quot;,&quot;shape_divider_bottom&quot;:&quot;mountains&quot;}\">\n\t\t\t\t\t<div class=\"elementor-shape elementor-shape-bottom\" aria-hidden=\"true\" data-negative=\"false\">\n\t\t\t<svg xmlns=\"http:\/\/www.w3.org\/2000\/svg\" viewbox=\"0 0 1000 100\" preserveaspectratio=\"none\">\n\t<path class=\"elementor-shape-fill\" opacity=\"0.33\" d=\"M473,67.3c-203.9,88.3-263.1-34-320.3,0C66,119.1,0,59.7,0,59.7V0h1000v59.7 c0,0-62.1,26.1-94.9,29.3c-32.8,3.3-62.8-12.3-75.8-22.1C806,49.6,745.3,8.7,694.9,4.7S492.4,59,473,67.3z\"\/>\n\t<path class=\"elementor-shape-fill\" opacity=\"0.66\" d=\"M734,67.3c-45.5,0-77.2-23.2-129.1-39.1c-28.6-8.7-150.3-10.1-254,39.1 s-91.7-34.4-149.2,0C115.7,118.3,0,39.8,0,39.8V0h1000v36.5c0,0-28.2-18.5-92.1-18.5C810.2,18.1,775.7,67.3,734,67.3z\"\/>\n\t<path class=\"elementor-shape-fill\" d=\"M766.1,28.9c-200-57.5-266,65.5-395.1,19.5C242,1.8,242,5.4,184.8,20.6C128,35.8,132.3,44.9,89.9,52.5C28.6,63.7,0,0,0,0 h1000c0,0-9.9,40.9-83.6,48.1S829.6,47,766.1,28.9z\"\/>\n<\/svg>\t\t<\/div>\n\t\t\t\t\t<div class=\"elementor-container elementor-column-gap-default\">\n\t\t\t\t\t<div class=\"elementor-column elementor-col-50 elementor-top-column elementor-element elementor-element-e26ecf2\" data-id=\"e26ecf2\" data-element_type=\"column\" data-e-type=\"column\">\n\t\t\t<div class=\"elementor-widget-wrap elementor-element-populated\">\n\t\t\t\t\t\t<div class=\"elementor-element elementor-element-b081829 elementor-widget elementor-widget-image\" data-id=\"b081829\" data-element_type=\"widget\" data-e-type=\"widget\" data-widget_type=\"image.default\">\n\t\t\t\t\t\t\t\t\t\t\t\t\t\t\t<img decoding=\"async\" width=\"429\" height=\"475\" src=\"https:\/\/myecobestfriend.com\/wp-content\/uploads\/2021\/04\/789-removebg-preview.png\" class=\"attachment-full size-full wp-image-15953\" alt=\"\" srcset=\"https:\/\/myecobestfriend.com\/wp-content\/uploads\/2021\/04\/789-removebg-preview.png 429w, https:\/\/myecobestfriend.com\/wp-content\/uploads\/2021\/04\/789-removebg-preview-416x461.png 416w, https:\/\/myecobestfriend.com\/wp-content\/uploads\/2021\/04\/789-removebg-preview-11x12.png 11w, https:\/\/myecobestfriend.com\/wp-content\/uploads\/2021\/04\/789-removebg-preview-23x25.png 23w, https:\/\/myecobestfriend.com\/wp-content\/uploads\/2021\/04\/789-removebg-preview-90x100.png 90w\" sizes=\"(max-width: 429px) 100vw, 429px\" \/>\t\t\t\t\t\t\t\t\t\t\t\t\t\t\t<\/div>\n\t\t\t\t\t<\/div>\n\t\t<\/div>\n\t\t\t\t<div class=\"elementor-column elementor-col-50 elementor-top-column elementor-element elementor-element-966edd8\" data-id=\"966edd8\" data-element_type=\"column\" data-e-type=\"column\">\n\t\t\t<div class=\"elementor-widget-wrap\">\n\t\t\t\t\t\t\t<\/div>\n\t\t<\/div>\n\t\t\t\t\t<\/div>\n\t\t<\/section>\n\t\t\t\t<section class=\"elementor-section elementor-top-section elementor-element elementor-element-89cd6be elementor-section-boxed elementor-section-height-default elementor-section-height-default\" data-id=\"89cd6be\" data-element_type=\"section\" data-e-type=\"section\" data-settings=\"{&quot;background_background&quot;:&quot;classic&quot;}\">\n\t\t\t\t\t\t<div class=\"elementor-container elementor-column-gap-default\">\n\t\t\t\t\t<div class=\"elementor-column elementor-col-100 elementor-top-column elementor-element elementor-element-49e4162\" data-id=\"49e4162\" data-element_type=\"column\" data-e-type=\"column\">\n\t\t\t<div class=\"elementor-widget-wrap elementor-element-populated\">\n\t\t\t\t\t\t<div class=\"elementor-element elementor-element-4940a91 elementor-widget elementor-widget-spacer\" data-id=\"4940a91\" data-element_type=\"widget\" data-e-type=\"widget\" data-widget_type=\"spacer.default\">\n\t\t\t\t\t\t\t<div class=\"elementor-spacer\">\n\t\t\t<div class=\"elementor-spacer-inner\"><\/div>\n\t\t<\/div>\n\t\t\t\t\t\t<\/div>\n\t\t\t\t\t<\/div>\n\t\t<\/div>\n\t\t\t\t\t<\/div>\n\t\t<\/section>\n\t\t\t\t<\/div>","protected":false},"excerpt":{"rendered":"<p>Data Protection Policy DATA PROTECTION POLICY April 14, 2025 Personal data protection policy Preamble Mon Eco Pote is an association dedicated to helping Swiss citizens and society to be environmentally friendly. Its registered office is at Route de Longefont,19, 1475, Autavaux, Switzerland. It is responsible for the processing carried out when you browse, create an [&hellip;]<\/p>\n","protected":false},"author":1,"featured_media":0,"parent":0,"menu_order":0,"comment_status":"closed","ping_status":"closed","template":"elementor_header_footer","meta":{"_acf_changed":false,"footnotes":""},"tags":[],"class_list":["post-35677","page","type-page","status-publish","hentry"],"acf":[],"_links":{"self":[{"href":"https:\/\/myecobestfriend.com\/de\/wp-json\/wp\/v2\/pages\/35677","targetHints":{"allow":["GET"]}}],"collection":[{"href":"https:\/\/myecobestfriend.com\/de\/wp-json\/wp\/v2\/pages"}],"about":[{"href":"https:\/\/myecobestfriend.com\/de\/wp-json\/wp\/v2\/types\/page"}],"author":[{"embeddable":true,"href":"https:\/\/myecobestfriend.com\/de\/wp-json\/wp\/v2\/users\/1"}],"replies":[{"embeddable":true,"href":"https:\/\/myecobestfriend.com\/de\/wp-json\/wp\/v2\/comments?post=35677"}],"version-history":[{"count":276,"href":"https:\/\/myecobestfriend.com\/de\/wp-json\/wp\/v2\/pages\/35677\/revisions"}],"predecessor-version":[{"id":70138,"href":"https:\/\/myecobestfriend.com\/de\/wp-json\/wp\/v2\/pages\/35677\/revisions\/70138"}],"wp:attachment":[{"href":"https:\/\/myecobestfriend.com\/de\/wp-json\/wp\/v2\/media?parent=35677"}],"wp:term":[{"taxonomy":"post_tag","embeddable":true,"href":"https:\/\/myecobestfriend.com\/de\/wp-json\/wp\/v2\/tags?post=35677"}],"curies":[{"name":"wp","href":"https:\/\/api.w.org\/{rel}","templated":true}]}}