  


{"id":35824,"date":"2022-04-12T15:01:25","date_gmt":"2022-04-12T13:01:25","guid":{"rendered":"https:\/\/myecobestfriend.com\/?page_id=35824"},"modified":"2025-11-09T23:57:57","modified_gmt":"2025-11-09T22:57:57","slug":"alle-charta_der_ethik","status":"publish","type":"page","link":"https:\/\/myecobestfriend.com\/de\/all-charter_of_ethics\/","title":{"rendered":"Alle - Charta der Berufsethik"},"content":{"rendered":"<div data-elementor-type=\"wp-post\" data-elementor-id=\"35824\" class=\"elementor elementor-35824\" data-elementor-settings=\"{&quot;element_pack_global_tooltip_width&quot;:{&quot;unit&quot;:&quot;px&quot;,&quot;size&quot;:&quot;&quot;,&quot;sizes&quot;:[]},&quot;element_pack_global_tooltip_width_tablet&quot;:{&quot;unit&quot;:&quot;px&quot;,&quot;size&quot;:&quot;&quot;,&quot;sizes&quot;:[]},&quot;element_pack_global_tooltip_width_mobile&quot;:{&quot;unit&quot;:&quot;px&quot;,&quot;size&quot;:&quot;&quot;,&quot;sizes&quot;:[]},&quot;element_pack_global_tooltip_padding&quot;:{&quot;unit&quot;:&quot;px&quot;,&quot;top&quot;:&quot;&quot;,&quot;right&quot;:&quot;&quot;,&quot;bottom&quot;:&quot;&quot;,&quot;left&quot;:&quot;&quot;,&quot;isLinked&quot;:true},&quot;element_pack_global_tooltip_padding_tablet&quot;:{&quot;unit&quot;:&quot;px&quot;,&quot;top&quot;:&quot;&quot;,&quot;right&quot;:&quot;&quot;,&quot;bottom&quot;:&quot;&quot;,&quot;left&quot;:&quot;&quot;,&quot;isLinked&quot;:true},&quot;element_pack_global_tooltip_padding_mobile&quot;:{&quot;unit&quot;:&quot;px&quot;,&quot;top&quot;:&quot;&quot;,&quot;right&quot;:&quot;&quot;,&quot;bottom&quot;:&quot;&quot;,&quot;left&quot;:&quot;&quot;,&quot;isLinked&quot;:true},&quot;element_pack_global_tooltip_border_radius&quot;:{&quot;unit&quot;:&quot;px&quot;,&quot;top&quot;:&quot;&quot;,&quot;right&quot;:&quot;&quot;,&quot;bottom&quot;:&quot;&quot;,&quot;left&quot;:&quot;&quot;,&quot;isLinked&quot;:true},&quot;element_pack_global_tooltip_border_radius_tablet&quot;:{&quot;unit&quot;:&quot;px&quot;,&quot;top&quot;:&quot;&quot;,&quot;right&quot;:&quot;&quot;,&quot;bottom&quot;:&quot;&quot;,&quot;left&quot;:&quot;&quot;,&quot;isLinked&quot;:true},&quot;element_pack_global_tooltip_border_radius_mobile&quot;:{&quot;unit&quot;:&quot;px&quot;,&quot;top&quot;:&quot;&quot;,&quot;right&quot;:&quot;&quot;,&quot;bottom&quot;:&quot;&quot;,&quot;left&quot;:&quot;&quot;,&quot;isLinked&quot;:true}}\" data-elementor-post-type=\"page\">\n\t\t\t\t\t\t<section class=\"elementor-section elementor-top-section elementor-element elementor-element-752a710 elementor-section-height-min-height elementor-section-boxed elementor-section-height-default elementor-section-items-middle\" data-id=\"752a710\" data-element_type=\"section\" data-e-type=\"section\" data-settings=\"{&quot;background_background&quot;:&quot;classic&quot;}\">\n\t\t\t\t\t\t\t<div class=\"elementor-background-overlay\"><\/div>\n\t\t\t\t\t\t\t<div class=\"elementor-container elementor-column-gap-default\">\n\t\t\t\t\t<div class=\"elementor-column elementor-col-100 elementor-top-column elementor-element elementor-element-6da1ef2\" data-id=\"6da1ef2\" data-element_type=\"column\" data-e-type=\"column\">\n\t\t\t<div class=\"elementor-widget-wrap\">\n\t\t\t\t\t\t\t<\/div>\n\t\t<\/div>\n\t\t\t\t\t<\/div>\n\t\t<\/section>\n\t\t\t\t<section class=\"elementor-section elementor-top-section elementor-element elementor-element-ac56b61 elementor-section-boxed elementor-section-height-default elementor-section-height-default\" data-id=\"ac56b61\" data-element_type=\"section\" data-e-type=\"section\" data-settings=\"{&quot;background_background&quot;:&quot;classic&quot;}\">\n\t\t\t\t\t\t<div class=\"elementor-container elementor-column-gap-default\">\n\t\t\t\t\t<div class=\"elementor-column elementor-col-100 elementor-top-column elementor-element elementor-element-8577210\" data-id=\"8577210\" data-element_type=\"column\" data-e-type=\"column\">\n\t\t\t<div class=\"elementor-widget-wrap elementor-element-populated\">\n\t\t\t\t\t\t<div class=\"elementor-element elementor-element-2258281 elementor-widget elementor-widget-text-editor\" data-id=\"2258281\" data-element_type=\"widget\" data-e-type=\"widget\" data-widget_type=\"text-editor.default\">\n\t\t\t\t\t\t\t\t\t<p>Charta der Berufsethik<\/p>\t\t\t\t\t\t\t\t<\/div>\n\t\t\t\t\t<\/div>\n\t\t<\/div>\n\t\t\t\t\t<\/div>\n\t\t<\/section>\n\t\t<div class=\"elementor-element elementor-element-6fbe005 e-con-full e-flex e-con e-parent\" data-id=\"6fbe005\" data-element_type=\"container\" data-e-type=\"container\" data-settings=\"{&quot;background_background&quot;:&quot;classic&quot;}\">\n\t\t<div class=\"elementor-element elementor-element-556351b e-con-full e-flex e-con e-child\" data-id=\"556351b\" data-element_type=\"container\" data-e-type=\"container\">\n\t\t<div class=\"elementor-element elementor-element-5d3436f e-con-full e-flex e-con e-child\" data-id=\"5d3436f\" data-element_type=\"container\" data-e-type=\"container\">\n\t\t<div class=\"elementor-element elementor-element-a0445b6 e-con-full e-flex e-con e-child\" data-id=\"a0445b6\" data-element_type=\"container\" data-e-type=\"container\" data-settings=\"{&quot;background_background&quot;:&quot;classic&quot;}\">\n\t\t\t\t<div class=\"elementor-element elementor-element-29d2981 elementor-widget elementor-widget-image\" data-id=\"29d2981\" data-element_type=\"widget\" data-e-type=\"widget\" data-widget_type=\"image.default\">\n\t\t\t\t\t\t\t\t\t\t\t\t\t\t\t<img fetchpriority=\"high\" decoding=\"async\" width=\"612\" height=\"408\" src=\"https:\/\/myecobestfriend.com\/wp-content\/uploads\/2021\/10\/istockphoto-185258639-612x612-1.jpg\" class=\"attachment-full size-full wp-image-19261\" alt=\"\" srcset=\"https:\/\/myecobestfriend.com\/wp-content\/uploads\/2021\/10\/istockphoto-185258639-612x612-1.jpg 612w, https:\/\/myecobestfriend.com\/wp-content\/uploads\/2021\/10\/istockphoto-185258639-612x612-1-600x400.jpg 600w, https:\/\/myecobestfriend.com\/wp-content\/uploads\/2021\/10\/istockphoto-185258639-612x612-1-18x12.jpg 18w, https:\/\/myecobestfriend.com\/wp-content\/uploads\/2021\/10\/istockphoto-185258639-612x612-1-25x17.jpg 25w, https:\/\/myecobestfriend.com\/wp-content\/uploads\/2021\/10\/istockphoto-185258639-612x612-1-100x67.jpg 100w\" sizes=\"(max-width: 612px) 100vw, 612px\" \/>\t\t\t\t\t\t\t\t\t\t\t\t\t\t\t<\/div>\n\t\t\t\t<div class=\"elementor-element elementor-element-d62a3b5 elementor-widget elementor-widget-text-editor\" data-id=\"d62a3b5\" data-element_type=\"widget\" data-e-type=\"widget\" data-widget_type=\"text-editor.default\">\n\t\t\t\t\t\t\t\t\t<h1><strong>Verhaltens- und Ethikkodex f\u00fcr Zulieferer und Partner<\/strong><\/h1><p>\u00a0<\/p><p>My Eco Best Friend verpflichtet sich zu ehrlichem und ethischem Handeln. Das Gleiche erwarten wir von unseren Lieferanten und Partnern (der Einfachheit halber zusammen als \"Lieferanten\" bezeichnet).<\/p><p>Der Verhaltens- und Ethikkodex von My Eco Best Friend legt die Grunds\u00e4tze f\u00fcr angemessenes Verhalten und ethisches Handeln f\u00fcr die Mitarbeiter von My Eco Best Friend fest. Dieser Verhaltens- und Ethikkodex legt \u00e4hnliche Standards f\u00fcr unsere Lieferanten fest.<\/p><p>Verweise in diesem Kodex auf \"My Eco Best Friend\" schlie\u00dfen My Eco Best Friend S\u00e0rl ein. Es gibt keine Tochtergesellschaften. Dieser Kodex gilt f\u00fcr alle Lieferanten von Waren oder Dienstleistungen oder f\u00fcr alle Personen, die anderweitig in einer Gesch\u00e4ftsbeziehung mit einem Unternehmen von My Eco Best Friend stehen, sowie f\u00fcr deren Kunden, deren Mitarbeiter, Vertreter und Auftragnehmer, die Waren an My Eco Best Friend oder deren Kunden liefern oder Dienstleistungen f\u00fcr diese erbringen (d. h. die Nutzer der Website). Es liegt in der Verantwortung des Lieferanten, die Einhaltung der Grunds\u00e4tze dieses Kodex durch seine Mitarbeiter, Vertreter und Unterlieferanten zu verbreiten, zu schulen und sorgf\u00e4ltig zu \u00fcberpr\u00fcfen.<\/p><p>\u00a0<\/p><p><strong>Verm\u00f6genswerte und Informationen<\/strong><\/p><p>Die Lieferanten m\u00fcssen die Verm\u00f6genswerte und Informationen von My Eco Best Friend sch\u00fctzen. Lieferanten, die Zugang zu den materiellen oder immateriellen Verm\u00f6genswerten von My Eco Best Friend erhalten haben, d\u00fcrfen diese nur im Rahmen der von My Eco Best Friend erteilten Erlaubnis und f\u00fcr die Zwecke der Zusammenarbeit mit My Eco Best Friend und seinen Kunden nutzen. Lieferanten, die Zugang zu vertraulichen Informationen von My Eco Best Friend erhalten haben, d\u00fcrfen diese Informationen nur mit Genehmigung von My Eco Best Friend an Dritte weitergeben. Wenn ein Lieferant glaubt, dass er irrt\u00fcmlich Zugang zu vertraulichen Informationen von My Eco Best Friend erhalten hat, sollte er seinen Ansprechpartner bei My Eco Best Friend unverz\u00fcglich benachrichtigen und von einer weiteren Verbreitung der Informationen absehen. Lieferanten sollten keine Informationen \u00fcber andere Personen oder Organisationen an My Eco Best Friend weitergeben, wenn der Lieferant vertraglich oder gesetzlich verpflichtet ist, die Informationen nicht weiterzugeben.<\/p><p>\u00a0<\/p><p><strong>Bestechung und Korruption<\/strong><\/p><p>My Eco Best Friend verfolgt eine Null-Toleranz-Politik in Bezug auf die Zahlung oder Annahme von Bestechungsgeldern oder Schmiergeldern. In Verbindung mit einer Transaktion als Lieferant von My Eco Best Friend oder in anderer Weise, an der My Eco Best Friend beteiligt ist, d\u00fcrfen Lieferanten weder direkt noch indirekt irgendjemandem etwas von Wert zukommen lassen, einschlie\u00dflich Regierungsbeamten, Mitarbeitern von staatlich kontrollierten Einrichtungen oder Mitarbeitern von My Eco Best Friend oder einer anderen Organisation, um einen unzul\u00e4ssigen Nutzen oder Vorteil zu erhalten. Lieferanten, die im Namen von My Eco Best Friend handeln, m\u00fcssen alle geltenden lokalen Gesetze zur Bestechung einhalten. Die Lieferanten m\u00fcssen \u00fcber alle Zahlungen (einschlie\u00dflich Geschenken, Mahlzeiten, Bewirtung oder anderen Wertgegenst\u00e4nden), die im Namen von My Eco Best Friend oder aus von My Eco Best Friend bereitgestellten Mitteln geleistet werden, schriftlich Buch f\u00fchren. Die Lieferanten m\u00fcssen My Eco Best Friend auf Anfrage eine Kopie dieser Buchf\u00fchrung vorlegen.<\/p><p>\u00a0<\/p><p><strong>Geschenke, Mahlzeiten, Bewirtung und andere gesch\u00e4ftliche Gef\u00e4lligkeiten<\/strong><\/p><p>Die Mitarbeiter von My Eco Best Friend d\u00fcrfen Geschenke, Mahlzeiten, Bewirtung und andere gesch\u00e4ftliche Aufmerksamkeiten mit Lieferanten nur dann austauschen, wenn sie angemessen, selten und von geringem Umfang sind und mit den \u00f6rtlichen Gesetzen, Gepflogenheiten und Praktiken \u00fcbereinstimmen. In einigen F\u00e4llen k\u00f6nnen die Mitarbeiter von My Eco Best Friend monet\u00e4ren Beschr\u00e4nkungen in Bezug auf den Wert solcher gesch\u00e4ftlichen Gef\u00e4lligkeiten unterliegen, die sie gew\u00e4hren oder erhalten k\u00f6nnen. In jedem Fall d\u00fcrfen die Mitarbeiter von My Eco Best Friend solche Aufmerksamkeiten niemals unter Umst\u00e4nden anbieten oder annehmen, die die Entscheidungsfindung beeinflussen oder den Anschein erwecken k\u00f6nnten, sie zu beeinflussen. Und sie d\u00fcrfen niemals Bargeld geben oder annehmen. Wir erwarten von unseren Lieferanten, dass sie diese Beschr\u00e4nkungen einhalten.<\/p><p>\u00a0<\/p><p><strong>Interessenkonflikte<\/strong><\/p><p>Die Mitarbeiter von My Eco Best Friend m\u00fcssen im besten Interesse von My Eco Best Friend handeln, wenn sie Gesch\u00e4fte f\u00fcr My Eco Best Friend t\u00e4tigen. Sie d\u00fcrfen keine finanziellen oder sonstigen Beziehungen zu einem Lieferanten unterhalten, die mit ihrer Verpflichtung, im besten Interesse von My Eco Best Friend zu handeln, in Konflikt stehen oder zu stehen scheinen. Lieferanten d\u00fcrfen keine finanziellen Beziehungen zu My Eco Best Friend-Mitarbeitern unterhalten, mit denen sie im Rahmen ihrer Zusammenarbeit mit My Eco Best Friend zu tun haben k\u00f6nnten. Lieferanten sollten darauf achten, dass eine pers\u00f6nliche Beziehung zu einem Mitarbeiter von My Eco Best Friend nicht dazu benutzt wird, das gesch\u00e4ftliche Urteil des Mitarbeiters von My Eco Best Friend zu beeinflussen. Wenn ein Lieferant eine famili\u00e4re oder sonstige Beziehung zu einem Mitarbeiter von My Eco Best Friend hat, die einen Interessenkonflikt darstellen k\u00f6nnte, sollte der Lieferant diese Tatsache My Eco Best Friend gegen\u00fcber offenlegen oder daf\u00fcr sorgen, dass der Mitarbeiter von My Eco Best Friend dies tut.<\/p><p>\u00a0<\/p><p><strong>Verpflichtungen zur Bereitstellung von vertrauensw\u00fcrdigen Informationen<\/strong><\/p><p>Anbieter, die sich auf der Plattform von My Eco Best Friend registrieren und Informationen \u00fcber ihr Unternehmen, ihre Verkaufsbedingungen sowie Informationen \u00fcber ihre Produkte und Dienstleistungen (Liefer- und R\u00fcckgabebedingungen, Umweltzeichen, \u00d6ko-Bewertungen, Preis....) einstellen, m\u00fcssen sicherstellen, dass die bereitgestellten Informationen vertrauensw\u00fcrdig sind und auf dem neuesten Stand bleiben, damit sich jeder, der diese Angaben \u00fcberpr\u00fcft, auf sie verlassen kann. My Eco Best Friend hat das Recht und die Pflicht, jeden Anbieter von der Plattform zu entfernen, wenn ein Versto\u00df festgestellt und best\u00e4tigt wird.<\/p><p>\u00a0<\/p><p><strong>Das Wort ergreifen<\/strong><\/p><p>Lieferanten, die der Meinung sind, dass ein Mitarbeiter von My Eco Best Friend oder eine andere Person, die im Namen von My Eco Best Friend handelt, ein illegales oder unangemessenes Verhalten an den Tag gelegt hat, sollten dies My Eco Best Friend melden. Die Lieferanten k\u00f6nnen die Angelegenheit mit dem Vorgesetzten des Mitarbeiters besprechen oder sich an das Ethik- und Compliance-Personal von My Eco Best Friend wenden: contact@myecobestfriend.com. Die Beziehung eines Lieferanten zu My Eco Best Friend wird durch eine ehrliche Meldung eines m\u00f6glichen Fehlverhaltens nicht beeintr\u00e4chtigt.<\/p><p>\u00a0<\/p><p><strong>Aufzeichnungen und Berichterstattung<\/strong><\/p><p>Die Lieferanten m\u00fcssen \u00fcber alle Angelegenheiten im Zusammenhang mit ihren Gesch\u00e4ften mit My Eco Best Friend genaue Aufzeichnungen f\u00fchren, einschlie\u00dflich der ordnungsgem\u00e4\u00dfen Erfassung aller Ausgaben und Zahlungen. Wenn My Eco Best Friend die Arbeitszeit eines Lieferanten in Rechnung gestellt wird, m\u00fcssen die Zeitaufzeichnungen vollst\u00e4ndig und genau sein. Die Lieferanten d\u00fcrfen die \u00dcbersendung einer Rechnung nicht verz\u00f6gern oder auf andere Weise die Verschiebung einer Ausgabe in einen anderen Abrechnungszeitraum erm\u00f6glichen.<\/p><p>\u00a0<\/p><p><strong>Anwendung und Einhaltung<\/strong><\/p><p>Mit der Annahme einer Bestellung oder einer Vereinbarung, die auf diesen Kodex Bezug nimmt, verpflichtet sich der Lieferant, dass seine gesamte T\u00e4tigkeit den Bestimmungen dieses Kodex unterliegt. Dieser Kodex oder der Nachweis seiner Einhaltung begr\u00fcndet keine Rechte Dritter f\u00fcr den Lieferanten. Die Normen dieses Kodexes gelten zus\u00e4tzlich zu und nicht anstelle von Bestimmungen in rechtlichen Vereinbarungen oder Vertr\u00e4gen zwischen Lieferanten und My Eco Best Friend. My Eco Best Friend beh\u00e4lt sich das Recht vor, stichprobenartig die Richtlinien, Verfahren oder andere Dokumente des Lieferanten in Bezug auf die Einhaltung dieses Kodex zu \u00fcberpr\u00fcfen. In einigen F\u00e4llen kann My Eco Best Friend ein Audit der Einhaltung dieses Kodex durch einen Lieferanten verlangen.<\/p><p>My Eco Best Friend beh\u00e4lt sich das Recht vor, dieses Dokument bei Bedarf zu \u00e4ndern, z. B. um \u00c4nderungen von Gesetzen, Vorschriften oder Praktiken und Verfahren von My Eco Best Friend zu ber\u00fccksichtigen.<\/p>\t\t\t\t\t\t\t\t<\/div>\n\t\t\t\t<div class=\"elementor-element elementor-element-e44b2e3 elementor-align-center elementor-mobile-align-center elementor-widget elementor-widget-button\" data-id=\"e44b2e3\" data-element_type=\"widget\" data-e-type=\"widget\" data-widget_type=\"button.default\">\n\t\t\t\t\t\t\t\t\t\t<a class=\"elementor-button elementor-button-link elementor-size-sm elementor-animation-float\" href=\"https:\/\/myecobestfriend.com\/de\/alle-bedingungen-und-konditionen\/\">\n\t\t\t\t\t\t<span class=\"elementor-button-content-wrapper\">\n\t\t\t\t\t\t\t\t\t<span class=\"elementor-button-text\">Mehr zu den Allgemeinen Gesch\u00e4ftsbedingungen von My Eco Best Friend<\/span>\n\t\t\t\t\t<\/span>\n\t\t\t\t\t<\/a>\n\t\t\t\t\t\t\t\t<\/div>\n\t\t\t\t<\/div>\n\t\t\t\t<\/div>\n\t\t\t\t<\/div>\n\t\t\t\t<\/div>\n\t\t<div class=\"elementor-element elementor-element-9f54ec9 e-flex e-con-boxed e-con e-parent\" data-id=\"9f54ec9\" data-element_type=\"container\" data-e-type=\"container\">\n\t\t\t\t\t<div class=\"e-con-inner\">\n\t\t\t\t<div class=\"elementor-element elementor-element-40548a4 elementor-widget elementor-widget-spacer\" data-id=\"40548a4\" data-element_type=\"widget\" data-e-type=\"widget\" data-widget_type=\"spacer.default\">\n\t\t\t\t\t\t\t<div class=\"elementor-spacer\">\n\t\t\t<div class=\"elementor-spacer-inner\"><\/div>\n\t\t<\/div>\n\t\t\t\t\t\t<\/div>\n\t\t\t\t\t<\/div>\n\t\t\t\t<\/div>\n\t\t\t\t<\/div>","protected":false},"excerpt":{"rendered":"<p>Charter Of Ethics Code of Conduct and Ethics for Suppliers and Partners \u00a0 My Eco Best Friend is committed to acting honestly and ethically. We expect the same of our suppliers and partners (together referred to as \u201csuppliers\u201d for ease of reading). The My Eco Best Friend Code of Conduct and Ethics establishes the principles [&hellip;]<\/p>\n","protected":false},"author":1,"featured_media":0,"parent":0,"menu_order":0,"comment_status":"closed","ping_status":"closed","template":"elementor_header_footer","meta":{"_acf_changed":false,"footnotes":""},"tags":[],"class_list":["post-35824","page","type-page","status-publish","hentry"],"acf":[],"_links":{"self":[{"href":"https:\/\/myecobestfriend.com\/de\/wp-json\/wp\/v2\/pages\/35824","targetHints":{"allow":["GET"]}}],"collection":[{"href":"https:\/\/myecobestfriend.com\/de\/wp-json\/wp\/v2\/pages"}],"about":[{"href":"https:\/\/myecobestfriend.com\/de\/wp-json\/wp\/v2\/types\/page"}],"author":[{"embeddable":true,"href":"https:\/\/myecobestfriend.com\/de\/wp-json\/wp\/v2\/users\/1"}],"replies":[{"embeddable":true,"href":"https:\/\/myecobestfriend.com\/de\/wp-json\/wp\/v2\/comments?post=35824"}],"version-history":[{"count":39,"href":"https:\/\/myecobestfriend.com\/de\/wp-json\/wp\/v2\/pages\/35824\/revisions"}],"predecessor-version":[{"id":72552,"href":"https:\/\/myecobestfriend.com\/de\/wp-json\/wp\/v2\/pages\/35824\/revisions\/72552"}],"wp:attachment":[{"href":"https:\/\/myecobestfriend.com\/de\/wp-json\/wp\/v2\/media?parent=35824"}],"wp:term":[{"taxonomy":"post_tag","embeddable":true,"href":"https:\/\/myecobestfriend.com\/de\/wp-json\/wp\/v2\/tags?post=35824"}],"curies":[{"name":"wp","href":"https:\/\/api.w.org\/{rel}","templated":true}]}}