  


{"id":35848,"date":"2022-04-12T16:21:50","date_gmt":"2022-04-12T14:21:50","guid":{"rendered":"https:\/\/myecobestfriend.com\/?page_id=35848"},"modified":"2025-02-18T01:48:15","modified_gmt":"2025-02-18T00:48:15","slug":"alle-datenschutz_richtlinien","status":"publish","type":"page","link":"https:\/\/myecobestfriend.com\/de\/all-privacy_policy\/","title":{"rendered":"Alle - Datenschutzbestimmungen"},"content":{"rendered":"<div data-elementor-type=\"wp-post\" data-elementor-id=\"35848\" class=\"elementor elementor-35848\" data-elementor-settings=\"{&quot;element_pack_global_tooltip_width&quot;:{&quot;unit&quot;:&quot;px&quot;,&quot;size&quot;:&quot;&quot;,&quot;sizes&quot;:[]},&quot;element_pack_global_tooltip_width_tablet&quot;:{&quot;unit&quot;:&quot;px&quot;,&quot;size&quot;:&quot;&quot;,&quot;sizes&quot;:[]},&quot;element_pack_global_tooltip_width_mobile&quot;:{&quot;unit&quot;:&quot;px&quot;,&quot;size&quot;:&quot;&quot;,&quot;sizes&quot;:[]},&quot;element_pack_global_tooltip_padding&quot;:{&quot;unit&quot;:&quot;px&quot;,&quot;top&quot;:&quot;&quot;,&quot;right&quot;:&quot;&quot;,&quot;bottom&quot;:&quot;&quot;,&quot;left&quot;:&quot;&quot;,&quot;isLinked&quot;:true},&quot;element_pack_global_tooltip_padding_tablet&quot;:{&quot;unit&quot;:&quot;px&quot;,&quot;top&quot;:&quot;&quot;,&quot;right&quot;:&quot;&quot;,&quot;bottom&quot;:&quot;&quot;,&quot;left&quot;:&quot;&quot;,&quot;isLinked&quot;:true},&quot;element_pack_global_tooltip_padding_mobile&quot;:{&quot;unit&quot;:&quot;px&quot;,&quot;top&quot;:&quot;&quot;,&quot;right&quot;:&quot;&quot;,&quot;bottom&quot;:&quot;&quot;,&quot;left&quot;:&quot;&quot;,&quot;isLinked&quot;:true},&quot;element_pack_global_tooltip_border_radius&quot;:{&quot;unit&quot;:&quot;px&quot;,&quot;top&quot;:&quot;&quot;,&quot;right&quot;:&quot;&quot;,&quot;bottom&quot;:&quot;&quot;,&quot;left&quot;:&quot;&quot;,&quot;isLinked&quot;:true},&quot;element_pack_global_tooltip_border_radius_tablet&quot;:{&quot;unit&quot;:&quot;px&quot;,&quot;top&quot;:&quot;&quot;,&quot;right&quot;:&quot;&quot;,&quot;bottom&quot;:&quot;&quot;,&quot;left&quot;:&quot;&quot;,&quot;isLinked&quot;:true},&quot;element_pack_global_tooltip_border_radius_mobile&quot;:{&quot;unit&quot;:&quot;px&quot;,&quot;top&quot;:&quot;&quot;,&quot;right&quot;:&quot;&quot;,&quot;bottom&quot;:&quot;&quot;,&quot;left&quot;:&quot;&quot;,&quot;isLinked&quot;:true}}\" data-elementor-post-type=\"page\">\n\t\t\t\t\t\t<section class=\"elementor-section elementor-top-section elementor-element elementor-element-752a710 elementor-section-height-min-height elementor-section-boxed elementor-section-height-default elementor-section-items-middle\" data-id=\"752a710\" data-element_type=\"section\" data-e-type=\"section\" data-settings=\"{&quot;background_background&quot;:&quot;classic&quot;}\">\n\t\t\t\t\t\t\t<div class=\"elementor-background-overlay\"><\/div>\n\t\t\t\t\t\t\t<div class=\"elementor-container elementor-column-gap-default\">\n\t\t\t\t\t<div class=\"elementor-column elementor-col-100 elementor-top-column elementor-element elementor-element-847d21e\" data-id=\"847d21e\" data-element_type=\"column\" data-e-type=\"column\">\n\t\t\t<div class=\"elementor-widget-wrap elementor-element-populated\">\n\t\t\t\t\t\t<div class=\"elementor-element elementor-element-44fe4ce elementor-widget elementor-widget-icon-box\" data-id=\"44fe4ce\" data-element_type=\"widget\" data-e-type=\"widget\" data-widget_type=\"icon-box.default\">\n\t\t\t\t\t\t\t<div class=\"elementor-icon-box-wrapper\">\n\n\t\t\t\n\t\t\t\t\t\t<div class=\"elementor-icon-box-content\">\n\n\t\t\t\t\t\t\t\t\t<h3 class=\"elementor-icon-box-title\">\n\t\t\t\t\t\t<span  >\n\t\t\t\t\t\t\tHinweis zum Datenschutz\t\t\t\t\t\t<\/span>\n\t\t\t\t\t<\/h3>\n\t\t\t\t\n\t\t\t\t\t\t\t\t\t<p class=\"elementor-icon-box-description\">\n\t\t\t\t\t\tDie wichtigsten Nutzungsbedingungen f\u00fcr diese Plattform\t\t\t\t\t<\/p>\n\t\t\t\t\n\t\t\t<\/div>\n\t\t\t\n\t\t<\/div>\n\t\t\t\t\t\t<\/div>\n\t\t\t\t\t<\/div>\n\t\t<\/div>\n\t\t\t\t\t<\/div>\n\t\t<\/section>\n\t\t\t\t<section class=\"elementor-section elementor-top-section elementor-element elementor-element-ac56b61 elementor-section-boxed elementor-section-height-default elementor-section-height-default\" data-id=\"ac56b61\" data-element_type=\"section\" data-e-type=\"section\" data-settings=\"{&quot;background_background&quot;:&quot;classic&quot;}\">\n\t\t\t\t\t\t<div class=\"elementor-container elementor-column-gap-default\">\n\t\t\t\t\t<div class=\"elementor-column elementor-col-100 elementor-top-column elementor-element elementor-element-8577210\" data-id=\"8577210\" data-element_type=\"column\" data-e-type=\"column\">\n\t\t\t<div class=\"elementor-widget-wrap elementor-element-populated\">\n\t\t\t\t\t\t<div class=\"elementor-element elementor-element-2258281 elementor-widget elementor-widget-text-editor\" data-id=\"2258281\" data-element_type=\"widget\" data-e-type=\"widget\" data-widget_type=\"text-editor.default\">\n\t\t\t\t\t\t\t\t\t<p>Hinweis zum Datenschutz<\/p>\t\t\t\t\t\t\t\t<\/div>\n\t\t\t\t<section class=\"elementor-section elementor-inner-section elementor-element elementor-element-1e312db elementor-section-full_width elementor-section-height-default elementor-section-height-default\" data-id=\"1e312db\" data-element_type=\"section\" data-e-type=\"section\">\n\t\t\t\t\t\t<div class=\"elementor-container elementor-column-gap-no\">\n\t\t\t\t\t<div class=\"elementor-column elementor-col-100 elementor-inner-column elementor-element elementor-element-270168d\" data-id=\"270168d\" data-element_type=\"column\" data-e-type=\"column\" data-settings=\"{&quot;background_background&quot;:&quot;classic&quot;}\">\n\t\t\t<div class=\"elementor-widget-wrap elementor-element-populated\">\n\t\t\t\t\t\t<div class=\"elementor-element elementor-element-448480f elementor-widget elementor-widget-image\" data-id=\"448480f\" data-element_type=\"widget\" data-e-type=\"widget\" data-widget_type=\"image.default\">\n\t\t\t\t\t\t\t\t\t\t\t\t\t\t\t<img fetchpriority=\"high\" decoding=\"async\" width=\"612\" height=\"408\" src=\"https:\/\/myecobestfriend.com\/wp-content\/uploads\/2021\/10\/istockphoto-185258639-612x612-1.jpg\" class=\"attachment-full size-full wp-image-19261\" alt=\"\" srcset=\"https:\/\/myecobestfriend.com\/wp-content\/uploads\/2021\/10\/istockphoto-185258639-612x612-1.jpg 612w, https:\/\/myecobestfriend.com\/wp-content\/uploads\/2021\/10\/istockphoto-185258639-612x612-1-600x400.jpg 600w, https:\/\/myecobestfriend.com\/wp-content\/uploads\/2021\/10\/istockphoto-185258639-612x612-1-18x12.jpg 18w, https:\/\/myecobestfriend.com\/wp-content\/uploads\/2021\/10\/istockphoto-185258639-612x612-1-25x17.jpg 25w, https:\/\/myecobestfriend.com\/wp-content\/uploads\/2021\/10\/istockphoto-185258639-612x612-1-100x67.jpg 100w\" sizes=\"(max-width: 612px) 100vw, 612px\" \/>\t\t\t\t\t\t\t\t\t\t\t\t\t\t\t<\/div>\n\t\t\t\t<div class=\"elementor-element elementor-element-d3c26b6 elementor-widget elementor-widget-text-editor\" data-id=\"d3c26b6\" data-element_type=\"widget\" data-e-type=\"widget\" data-widget_type=\"text-editor.default\">\n\t\t\t\t\t\t\t\t\t<h2><strong> EINF\u00dcHRUNG<\/strong><\/h2><h6>\u00a0<\/h6><p>1.1 Dieser Datenschutzhinweis soll Sie dar\u00fcber informieren, wie My Eco Best Friend (\"My Eco Best Friend\", \"wir\", \"uns\", \"unser\") personenbezogene Daten verarbeitet, die Sie uns zur Verf\u00fcgung gestellt haben oder die wir im Zusammenhang mit Ihrer Nutzung der My Eco Best Friend Plattform App (die \"App\") \u00fcber Sie gesammelt haben.<\/p><p>1.2 Wir werden Ihre personenbezogenen Daten nur in \u00dcbereinstimmung mit dieser Datenschutzerkl\u00e4rung und den geltenden Gesetzen, denen wir unterliegen, verarbeiten, einschlie\u00dflich der Allgemeinen Datenschutzverordnung 2016\/679 vom 27. April 2016 (im Folgenden \"DSGVO\").<\/p><p>1.3 Wir sind uns bewusst, dass der Datenschutz eine st\u00e4ndige Aufgabe ist, und wir werden diesen Hinweis bei Bedarf aktualisieren. Die aktuellste Version wird immer auf der Website verf\u00fcgbar sein.<\/p><p>\u00a0<\/p><p><strong>DIE VON UNS ERHOBENEN DATEN, DEN ZWECK UND DIE RECHTSGRUNDLAGE F\u00dcR DIE VERARBEITUNG<\/strong><\/p><p>2.1 Der Zweck der Website ist es, Ihnen dabei zu helfen, durch die Nutzung der Plattform My Eco Best Friend umweltfreundlicher zu werden. Sie k\u00f6nnen dies durch den Kauf von \u00d6ko-Produkten und -Dienstleistungen, das Lesen und Ver\u00f6ffentlichen von Videos im \u00d6ko-Blog, das Spielen von Spielen oder das Verfolgen Ihrer Mobilit\u00e4t erreichen. Dies betrifft verschiedene Arten von Daten (als Beispiel, aber nicht vollst\u00e4ndige Liste: Ihr Name, Ihre Lieferadresse, Ihr GPS-Standort - nur wenn Sie dies genehmigen....). Sie erhalten auch Benachrichtigungen, wenn My Eco Best Friend bestimmte Bestellungen best\u00e4tigt oder wenn Sie \u00d6kopunkte gewinnen.<\/p><p>2.2 Wenn Sie sich anmelden, m\u00fcssen Sie Ihren Vornamen, Nachnamen und Ihre E-Mail-Adresse sowie andere relevante pers\u00f6nliche Informationen angeben, die Sie f\u00fcr die Nutzung der Plattform My Eco Best Friend ben\u00f6tigen, insbesondere im Hinblick auf den \u00d6ko-Shop. Sie haben auch die M\u00f6glichkeit (nicht obligatorisch), Ihr Geschlecht, Ihr Bild, Ihr Geburtsdatum, Ihr Land und Ihre Vorlieben\/Allergien anzugeben. Wie bereits erw\u00e4hnt, wird auch die Information, wo (und zu welcher Zeit) Ihr GPS-Standort auf My Eco Best Friend aktiviert ist, aktiviert, wenn Sie auf der Website Ihre Zustimmung gegeben haben. Bitte beachten Sie, dass keine dieser Informationen f\u00fcr Marketingzwecke verwendet oder an Dritte weitergegeben werden, es sei denn, sie sind unbedingt erforderlich, damit die Funktionen von My Eco Best Friend funktionieren (z. B. Bestellung und Lieferung von Produkten oder Verfolgung der Mobilit\u00e4t).<\/p><p>2.3 Wir k\u00f6nnen auch \u00e4hnliche oder verwandte Informationen sammeln, insbesondere i) Informationen, die Sie freiwillig \u00fcber einen beliebigen Nachrichtenkanal \u00fcber sich mitteilen, und ii) abgeleitete Informationen, die Informationen umfassen, die aus anderen oben aufgef\u00fchrten Informationen abgeleitet wurden. Wir erstellen abgeleitete und abgeleitete Datenelemente durch die Analyse unserer Beziehungs- und Transaktionsdaten.<\/p><p>\u00a0<\/p><p><strong>WIE IHRE PERS\u00d6NLICHEN DATEN GESAMMELT WERDEN<\/strong><\/p><p>3.1 Normalerweise erheben wir Ihre personenbezogenen Daten von Ihnen, wenn Sie sie auf der Website registrieren. Wir k\u00f6nnen Ihre personenbezogenen Daten auch direkt auf der Website erheben (z. B. den GPS-Standort auf Eco-mobility, aber auch hier nur, wenn Sie dies zuvor auf My Eco Best Friend genehmigen).<\/p><p>\u00a0<\/p><p><strong>WEITERGABE IHRER PERS\u00d6NLICHEN DATEN<\/strong><\/p><p>4.1 Der Zugang zu Ihren personenbezogenen Daten wird den zust\u00e4ndigen Mitarbeitern von My Eco Best Friend gew\u00e4hrt. My Eco Best Friend hat eine Datenverarbeitungsvereinbarung abgeschlossen, die mit Artikel 28 der DSGVO \u00fcbereinstimmt, um sicherzustellen, dass das Unternehmen und seine Partner geeignete organisatorische und technische Sicherheitsma\u00dfnahmen ergreifen, so dass die Verarbeitung den Anforderungen der DSGVO entspricht und den Schutz Ihrer Rechte gew\u00e4hrleistet.<\/p><p>4.2 Der Zugang ist auf Angestellte und Auftragnehmer beschr\u00e4nkt, die einen relevanten und vern\u00fcnftigerweise erforderlichen Zugang zu Ihren pers\u00f6nlichen Daten haben, um ihre Arbeit zu verrichten.<\/p><p>4.3 Es kann auch erforderlich sein, dass wir Ihre personenbezogenen Daten verarbeiten, um unseren rechtlichen Verpflichtungen nachzukommen oder im Zusammenhang mit der Geltendmachung oder Abwehr von Rechtsanspr\u00fcchen. Dies kann z. B. der Fall sein, wenn wir im Zusammenhang mit einem Gerichtsverfahren Rechtsberatung in Anspruch nehmen m\u00fcssen oder gesetzlich verpflichtet sind, bestimmte Informationen offenzulegen.<\/p><p>\u00a0<\/p><p><strong>IHRE RECHTE<\/strong><\/p><p>Zugang zu und Kopien von den personenbezogenen Daten, die wir \u00fcber Sie gespeichert haben, zu erhalten.<\/p><p>zu verlangen, dass wir die Verarbeitung Ihrer personenbezogenen Daten einstellen, wenn die Verarbeitung Ihnen Schaden oder Kummer zuf\u00fcgt.<\/p><p>Sie k\u00f6nnen verlangen, dass wir Ihnen keine Marketingmitteilungen schicken.<\/p><p>Sie k\u00f6nnen verlangen, dass wir Ihre personenbezogenen Daten l\u00f6schen.<\/p><p>zu verlangen, dass wir unsere Datenverarbeitungst\u00e4tigkeiten in Bezug auf Ihre personenbezogenen Daten einschr\u00e4nken.<\/p><p>von uns die personenbezogenen Daten, die wir \u00fcber Sie gespeichert haben und die Sie uns zur Verf\u00fcgung gestellt haben, in einem angemessenen, von Ihnen festgelegten Format zu erhalten, auch zum Zweck der \u00dcbermittlung dieser personenbezogenen Daten an einen anderen f\u00fcr die Datenverarbeitung Verantwortlichen; und<\/p><p>Sie k\u00f6nnen von uns verlangen, dass wir die \u00fcber Sie gespeicherten personenbezogenen Daten berichtigen, wenn sie unrichtig sind.<\/p><p>Bitte beachten Sie, dass die oben genannten Rechte nicht uneingeschr\u00e4nkt gelten und dass Anfragen abgelehnt werden k\u00f6nnen, wenn gesetzliche Ausnahmen gelten.<\/p><p>Wenn Sie Fragen zu diesen Rechten oder zur Verwendung Ihrer personenbezogenen Daten durch uns haben, wenden Sie sich bitte an uns, indem Sie die Angaben in Abschnitt 7 (siehe unten) verwenden.<\/p><p>\u00a0<\/p><p><strong>DATENAUFBEWAHRUNG<\/strong><\/p><p>6.1 In der Regel werden wir Ihre personenbezogenen Daten bei L\u00f6schung Ihres Kontos l\u00f6schen, es sei denn, wir sind nach geltendem Recht oder Vorschriften verpflichtet, sie l\u00e4nger aufzubewahren, oder wenn wir vern\u00fcnftigerweise davon ausgehen, dass ein Rechtsstreit in Bezug auf unsere Beziehung zu Ihnen droht.<\/p><p>\u00a0<\/p><p><strong>KONTAKTINFORMATIONEN<\/strong><\/p><p>7.1 My Eco Best Friend mit Sitz im Kanton Waadt, Schweiz, ist der Inhaber der pers\u00f6nlichen Daten, die \u00fcber Sie gesammelt werden.<\/p><p>7.2 Wenn Sie Fragen oder Anmerkungen zu diesem Datenschutzhinweis haben oder Ihre Rechte gem\u00e4\u00df Abschnitt 5 aus\u00fcben m\u00f6chten, wenden Sie sich bitte an contact@myecobestfriend.com<\/p>\t\t\t\t\t\t\t\t<\/div>\n\t\t\t\t<div class=\"elementor-element elementor-element-910c874 elementor-align-center elementor-mobile-align-center elementor-widget elementor-widget-button\" data-id=\"910c874\" data-element_type=\"widget\" data-e-type=\"widget\" data-widget_type=\"button.default\">\n\t\t\t\t\t\t\t\t\t\t<a class=\"elementor-button elementor-button-link elementor-size-sm elementor-animation-float\" href=\"https:\/\/myecobestfriend.com\/de\/alle-bedingungen-und-konditionen\/\">\n\t\t\t\t\t\t<span class=\"elementor-button-content-wrapper\">\n\t\t\t\t\t\t\t\t\t<span class=\"elementor-button-text\">Mehr zu den Allgemeinen Gesch\u00e4ftsbedingungen von My Eco Best Friend<\/span>\n\t\t\t\t\t<\/span>\n\t\t\t\t\t<\/a>\n\t\t\t\t\t\t\t\t<\/div>\n\t\t\t\t\t<\/div>\n\t\t<\/div>\n\t\t\t\t\t<\/div>\n\t\t<\/section>\n\t\t\t\t\t<\/div>\n\t\t<\/div>\n\t\t\t\t\t<\/div>\n\t\t<\/section>\n\t\t\t\t<section class=\"elementor-section elementor-top-section elementor-element elementor-element-9536643 elementor-section-boxed elementor-section-height-default elementor-section-height-default\" data-id=\"9536643\" data-element_type=\"section\" data-e-type=\"section\" data-settings=\"{&quot;background_background&quot;:&quot;classic&quot;}\">\n\t\t\t\t\t\t<div class=\"elementor-container elementor-column-gap-default\">\n\t\t\t\t\t<div class=\"elementor-column elementor-col-100 elementor-top-column elementor-element elementor-element-5123a74\" data-id=\"5123a74\" data-element_type=\"column\" data-e-type=\"column\">\n\t\t\t<div class=\"elementor-widget-wrap\">\n\t\t\t\t\t\t\t<\/div>\n\t\t<\/div>\n\t\t\t\t\t<\/div>\n\t\t<\/section>\n\t\t\t\t<section class=\"elementor-section elementor-top-section elementor-element elementor-element-c41e268 elementor-section-boxed elementor-section-height-default elementor-section-height-default\" data-id=\"c41e268\" data-element_type=\"section\" data-e-type=\"section\" data-settings=\"{&quot;background_background&quot;:&quot;classic&quot;,&quot;shape_divider_bottom&quot;:&quot;mountains&quot;}\">\n\t\t\t\t\t<div class=\"elementor-shape elementor-shape-bottom\" aria-hidden=\"true\" data-negative=\"false\">\n\t\t\t<svg xmlns=\"http:\/\/www.w3.org\/2000\/svg\" viewbox=\"0 0 1000 100\" preserveaspectratio=\"none\">\n\t<path class=\"elementor-shape-fill\" opacity=\"0.33\" d=\"M473,67.3c-203.9,88.3-263.1-34-320.3,0C66,119.1,0,59.7,0,59.7V0h1000v59.7 c0,0-62.1,26.1-94.9,29.3c-32.8,3.3-62.8-12.3-75.8-22.1C806,49.6,745.3,8.7,694.9,4.7S492.4,59,473,67.3z\"\/>\n\t<path class=\"elementor-shape-fill\" opacity=\"0.66\" d=\"M734,67.3c-45.5,0-77.2-23.2-129.1-39.1c-28.6-8.7-150.3-10.1-254,39.1 s-91.7-34.4-149.2,0C115.7,118.3,0,39.8,0,39.8V0h1000v36.5c0,0-28.2-18.5-92.1-18.5C810.2,18.1,775.7,67.3,734,67.3z\"\/>\n\t<path class=\"elementor-shape-fill\" d=\"M766.1,28.9c-200-57.5-266,65.5-395.1,19.5C242,1.8,242,5.4,184.8,20.6C128,35.8,132.3,44.9,89.9,52.5C28.6,63.7,0,0,0,0 h1000c0,0-9.9,40.9-83.6,48.1S829.6,47,766.1,28.9z\"\/>\n<\/svg>\t\t<\/div>\n\t\t\t\t\t<div class=\"elementor-container elementor-column-gap-default\">\n\t\t\t\t\t<div class=\"elementor-column elementor-col-50 elementor-top-column elementor-element elementor-element-1734a98\" data-id=\"1734a98\" data-element_type=\"column\" data-e-type=\"column\">\n\t\t\t<div class=\"elementor-widget-wrap elementor-element-populated\">\n\t\t\t\t\t\t<div class=\"elementor-element elementor-element-a3ba90e elementor-widget elementor-widget-image\" data-id=\"a3ba90e\" data-element_type=\"widget\" data-e-type=\"widget\" data-widget_type=\"image.default\">\n\t\t\t\t\t\t\t\t\t\t\t\t\t\t\t<img decoding=\"async\" width=\"429\" height=\"475\" src=\"https:\/\/myecobestfriend.com\/wp-content\/uploads\/2021\/04\/789-removebg-preview.png\" class=\"attachment-full size-full wp-image-15953\" alt=\"\" srcset=\"https:\/\/myecobestfriend.com\/wp-content\/uploads\/2021\/04\/789-removebg-preview.png 429w, https:\/\/myecobestfriend.com\/wp-content\/uploads\/2021\/04\/789-removebg-preview-416x461.png 416w, https:\/\/myecobestfriend.com\/wp-content\/uploads\/2021\/04\/789-removebg-preview-11x12.png 11w, https:\/\/myecobestfriend.com\/wp-content\/uploads\/2021\/04\/789-removebg-preview-23x25.png 23w, https:\/\/myecobestfriend.com\/wp-content\/uploads\/2021\/04\/789-removebg-preview-90x100.png 90w\" sizes=\"(max-width: 429px) 100vw, 429px\" \/>\t\t\t\t\t\t\t\t\t\t\t\t\t\t\t<\/div>\n\t\t\t\t\t<\/div>\n\t\t<\/div>\n\t\t\t\t<div class=\"elementor-column elementor-col-50 elementor-top-column elementor-element elementor-element-5fe033d\" data-id=\"5fe033d\" data-element_type=\"column\" data-e-type=\"column\">\n\t\t\t<div class=\"elementor-widget-wrap\">\n\t\t\t\t\t\t\t<\/div>\n\t\t<\/div>\n\t\t\t\t\t<\/div>\n\t\t<\/section>\n\t\t\t\t<section class=\"elementor-section elementor-top-section elementor-element elementor-element-89cd6be elementor-section-boxed elementor-section-height-default elementor-section-height-default\" data-id=\"89cd6be\" data-element_type=\"section\" data-e-type=\"section\" data-settings=\"{&quot;background_background&quot;:&quot;classic&quot;}\">\n\t\t\t\t\t\t<div class=\"elementor-container elementor-column-gap-default\">\n\t\t\t\t\t<div class=\"elementor-column elementor-col-100 elementor-top-column elementor-element elementor-element-49e4162\" data-id=\"49e4162\" data-element_type=\"column\" data-e-type=\"column\">\n\t\t\t<div class=\"elementor-widget-wrap elementor-element-populated\">\n\t\t\t\t\t\t<div class=\"elementor-element elementor-element-4940a91 elementor-widget elementor-widget-spacer\" data-id=\"4940a91\" data-element_type=\"widget\" data-e-type=\"widget\" data-widget_type=\"spacer.default\">\n\t\t\t\t\t\t\t<div class=\"elementor-spacer\">\n\t\t\t<div class=\"elementor-spacer-inner\"><\/div>\n\t\t<\/div>\n\t\t\t\t\t\t<\/div>\n\t\t\t\t\t<\/div>\n\t\t<\/div>\n\t\t\t\t\t<\/div>\n\t\t<\/section>\n\t\t\t\t<\/div>","protected":false},"excerpt":{"rendered":"<p>Privacy Notice Key conditions of use for this platform Privacy Notice INTRODUCTION \u00a0 1.1 This Privacy Notice is intended to provide you with information on how My Eco Best Friend (&#8220;My Eco Best Friend&#8221;, &#8220;we&#8221;, &#8220;us&#8221;, &#8220;our&#8221;) processes any personal data you have provided us with, or that we have collected about you in connection [&hellip;]<\/p>\n","protected":false},"author":1,"featured_media":0,"parent":0,"menu_order":0,"comment_status":"closed","ping_status":"closed","template":"elementor_header_footer","meta":{"_acf_changed":false,"footnotes":""},"tags":[279,280,278],"class_list":["post-35848","page","type-page","status-publish","hentry","tag-eco-system","tag-ecobestfriend","tag-privacy-policy"],"acf":[],"_links":{"self":[{"href":"https:\/\/myecobestfriend.com\/de\/wp-json\/wp\/v2\/pages\/35848","targetHints":{"allow":["GET"]}}],"collection":[{"href":"https:\/\/myecobestfriend.com\/de\/wp-json\/wp\/v2\/pages"}],"about":[{"href":"https:\/\/myecobestfriend.com\/de\/wp-json\/wp\/v2\/types\/page"}],"author":[{"embeddable":true,"href":"https:\/\/myecobestfriend.com\/de\/wp-json\/wp\/v2\/users\/1"}],"replies":[{"embeddable":true,"href":"https:\/\/myecobestfriend.com\/de\/wp-json\/wp\/v2\/comments?post=35848"}],"version-history":[{"count":18,"href":"https:\/\/myecobestfriend.com\/de\/wp-json\/wp\/v2\/pages\/35848\/revisions"}],"predecessor-version":[{"id":60690,"href":"https:\/\/myecobestfriend.com\/de\/wp-json\/wp\/v2\/pages\/35848\/revisions\/60690"}],"wp:attachment":[{"href":"https:\/\/myecobestfriend.com\/de\/wp-json\/wp\/v2\/media?parent=35848"}],"wp:term":[{"taxonomy":"post_tag","embeddable":true,"href":"https:\/\/myecobestfriend.com\/de\/wp-json\/wp\/v2\/tags?post=35848"}],"curies":[{"name":"wp","href":"https:\/\/api.w.org\/{rel}","templated":true}]}}