  


{"id":47799,"date":"2022-08-16T10:32:55","date_gmt":"2022-08-16T08:32:55","guid":{"rendered":"https:\/\/myecobestfriend.com\/?page_id=47799"},"modified":"2025-11-05T13:09:50","modified_gmt":"2025-11-05T12:09:50","slug":"meine-umweltmobilitat","status":"publish","type":"page","link":"https:\/\/myecobestfriend.com\/de\/my-eco-mobility\/","title":{"rendered":"Meine \u00d6ko-Mobilit\u00e4t"},"content":{"rendered":"<div data-elementor-type=\"wp-page\" data-elementor-id=\"47799\" class=\"elementor elementor-47799\" data-elementor-settings=\"{&quot;element_pack_global_tooltip_width&quot;:{&quot;unit&quot;:&quot;px&quot;,&quot;size&quot;:&quot;&quot;,&quot;sizes&quot;:[]},&quot;element_pack_global_tooltip_width_tablet&quot;:{&quot;unit&quot;:&quot;px&quot;,&quot;size&quot;:&quot;&quot;,&quot;sizes&quot;:[]},&quot;element_pack_global_tooltip_width_mobile&quot;:{&quot;unit&quot;:&quot;px&quot;,&quot;size&quot;:&quot;&quot;,&quot;sizes&quot;:[]},&quot;element_pack_global_tooltip_padding&quot;:{&quot;unit&quot;:&quot;px&quot;,&quot;top&quot;:&quot;&quot;,&quot;right&quot;:&quot;&quot;,&quot;bottom&quot;:&quot;&quot;,&quot;left&quot;:&quot;&quot;,&quot;isLinked&quot;:true},&quot;element_pack_global_tooltip_padding_tablet&quot;:{&quot;unit&quot;:&quot;px&quot;,&quot;top&quot;:&quot;&quot;,&quot;right&quot;:&quot;&quot;,&quot;bottom&quot;:&quot;&quot;,&quot;left&quot;:&quot;&quot;,&quot;isLinked&quot;:true},&quot;element_pack_global_tooltip_padding_mobile&quot;:{&quot;unit&quot;:&quot;px&quot;,&quot;top&quot;:&quot;&quot;,&quot;right&quot;:&quot;&quot;,&quot;bottom&quot;:&quot;&quot;,&quot;left&quot;:&quot;&quot;,&quot;isLinked&quot;:true},&quot;element_pack_global_tooltip_border_radius&quot;:{&quot;unit&quot;:&quot;px&quot;,&quot;top&quot;:&quot;&quot;,&quot;right&quot;:&quot;&quot;,&quot;bottom&quot;:&quot;&quot;,&quot;left&quot;:&quot;&quot;,&quot;isLinked&quot;:true},&quot;element_pack_global_tooltip_border_radius_tablet&quot;:{&quot;unit&quot;:&quot;px&quot;,&quot;top&quot;:&quot;&quot;,&quot;right&quot;:&quot;&quot;,&quot;bottom&quot;:&quot;&quot;,&quot;left&quot;:&quot;&quot;,&quot;isLinked&quot;:true},&quot;element_pack_global_tooltip_border_radius_mobile&quot;:{&quot;unit&quot;:&quot;px&quot;,&quot;top&quot;:&quot;&quot;,&quot;right&quot;:&quot;&quot;,&quot;bottom&quot;:&quot;&quot;,&quot;left&quot;:&quot;&quot;,&quot;isLinked&quot;:true}}\" data-elementor-post-type=\"page\">\n\t\t\t\t\t\t<section class=\"elementor-section elementor-top-section elementor-element elementor-element-00fd95c elementor-section-stretched elementor-section-boxed elementor-section-height-default elementor-section-height-default\" data-id=\"00fd95c\" data-element_type=\"section\" data-e-type=\"section\" data-settings=\"{&quot;stretch_section&quot;:&quot;section-stretched&quot;,&quot;background_background&quot;:&quot;classic&quot;,&quot;shape_divider_bottom&quot;:&quot;mountains&quot;}\">\n\t\t\t\t\t<div class=\"elementor-shape elementor-shape-bottom\" aria-hidden=\"true\" data-negative=\"false\">\n\t\t\t<svg xmlns=\"http:\/\/www.w3.org\/2000\/svg\" viewbox=\"0 0 1000 100\" preserveaspectratio=\"none\">\n\t<path class=\"elementor-shape-fill\" opacity=\"0.33\" d=\"M473,67.3c-203.9,88.3-263.1-34-320.3,0C66,119.1,0,59.7,0,59.7V0h1000v59.7 c0,0-62.1,26.1-94.9,29.3c-32.8,3.3-62.8-12.3-75.8-22.1C806,49.6,745.3,8.7,694.9,4.7S492.4,59,473,67.3z\"\/>\n\t<path class=\"elementor-shape-fill\" opacity=\"0.66\" d=\"M734,67.3c-45.5,0-77.2-23.2-129.1-39.1c-28.6-8.7-150.3-10.1-254,39.1 s-91.7-34.4-149.2,0C115.7,118.3,0,39.8,0,39.8V0h1000v36.5c0,0-28.2-18.5-92.1-18.5C810.2,18.1,775.7,67.3,734,67.3z\"\/>\n\t<path class=\"elementor-shape-fill\" d=\"M766.1,28.9c-200-57.5-266,65.5-395.1,19.5C242,1.8,242,5.4,184.8,20.6C128,35.8,132.3,44.9,89.9,52.5C28.6,63.7,0,0,0,0 h1000c0,0-9.9,40.9-83.6,48.1S829.6,47,766.1,28.9z\"\/>\n<\/svg>\t\t<\/div>\n\t\t\t\t\t<div class=\"elementor-container elementor-column-gap-default\">\n\t\t\t\t\t<div class=\"elementor-column elementor-col-100 elementor-top-column elementor-element elementor-element-10c5c50\" data-id=\"10c5c50\" data-element_type=\"column\" data-e-type=\"column\" data-settings=\"{&quot;background_background&quot;:&quot;classic&quot;}\">\n\t\t\t<div class=\"elementor-widget-wrap elementor-element-populated\">\n\t\t\t\t\t\t<section class=\"elementor-section elementor-inner-section elementor-element elementor-element-ecf12df elementor-section-full_width elementor-section-height-min-height elementor-section-height-default\" data-id=\"ecf12df\" data-element_type=\"section\" data-e-type=\"section\">\n\t\t\t\t\t\t<div class=\"elementor-container elementor-column-gap-default\">\n\t\t\t\t\t<div class=\"elementor-column elementor-col-100 elementor-inner-column elementor-element elementor-element-d226305\" data-id=\"d226305\" data-element_type=\"column\" data-e-type=\"column\">\n\t\t\t<div class=\"elementor-widget-wrap elementor-element-populated\">\n\t\t\t\t\t\t<div class=\"elementor-element elementor-element-c46fe9f elementor-widget elementor-widget-icon-box\" data-id=\"c46fe9f\" data-element_type=\"widget\" data-e-type=\"widget\" data-widget_type=\"icon-box.default\">\n\t\t\t\t\t\t\t<div class=\"elementor-icon-box-wrapper\">\n\n\t\t\t\n\t\t\t\t\t\t<div class=\"elementor-icon-box-content\">\n\n\t\t\t\t\t\t\t\t\t<h3 class=\"elementor-icon-box-title\">\n\t\t\t\t\t\t<span  >\n\t\t\t\t\t\t\tMeine \u00d6ko-Mobilit\u00e4t\t\t\t\t\t\t<\/span>\n\t\t\t\t\t<\/h3>\n\t\t\t\t\n\t\t\t\t\t\t\t\t\t<p class=\"elementor-icon-box-description\">\n\t\t\t\t\t\tVerwenden Sie Mapbox GL JS Map, um jede (kleine oder gro\u00dfe) Strecke zu verfolgen, die Sie zu Fu\u00df oder mit dem Fahrrad zur\u00fccklegen! Sobald Sie 10 km zur\u00fcckgelegt haben, erhalten Sie 100 \u00d6kopunkte. Sehen Sie sich die Anweisungen unten an.\n\n\t\t\t\t\t<\/p>\n\t\t\t\t\n\t\t\t<\/div>\n\t\t\t\n\t\t<\/div>\n\t\t\t\t\t\t<\/div>\n\t\t\t\t\t<\/div>\n\t\t<\/div>\n\t\t\t\t\t<\/div>\n\t\t<\/section>\n\t\t\t\t\t<\/div>\n\t\t<\/div>\n\t\t\t\t\t<\/div>\n\t\t<\/section>\n\t\t\t\t<section class=\"elementor-section elementor-top-section elementor-element elementor-element-7d54be7 elementor-section-full_width ep-parallax-effects-yes elementor-section-content-middle elementor-section-height-default elementor-section-height-default\" data-id=\"7d54be7\" data-element_type=\"section\" data-e-type=\"section\" data-settings=\"{&quot;ep_parallax_effects_show&quot;:&quot;yes&quot;,&quot;background_background&quot;:&quot;classic&quot;,&quot;ep_parallax_effects_rotate_start&quot;:{&quot;unit&quot;:&quot;px&quot;,&quot;size&quot;:&quot;&quot;,&quot;sizes&quot;:[]},&quot;ep_parallax_effects_rotate_end&quot;:{&quot;unit&quot;:&quot;px&quot;,&quot;size&quot;:&quot;&quot;,&quot;sizes&quot;:[]},&quot;ep_parallax_effects_scale_start&quot;:{&quot;unit&quot;:&quot;px&quot;,&quot;size&quot;:1,&quot;sizes&quot;:[]},&quot;ep_parallax_effects_scale_end&quot;:{&quot;unit&quot;:&quot;px&quot;,&quot;size&quot;:1,&quot;sizes&quot;:[]},&quot;ep_parallax_effects_hue_value&quot;:{&quot;unit&quot;:&quot;px&quot;,&quot;size&quot;:&quot;&quot;,&quot;sizes&quot;:[]},&quot;ep_parallax_effects_sepia_value&quot;:{&quot;unit&quot;:&quot;px&quot;,&quot;size&quot;:1,&quot;sizes&quot;:[]},&quot;ep_parallax_effects_easing_value&quot;:{&quot;unit&quot;:&quot;px&quot;,&quot;size&quot;:1,&quot;sizes&quot;:[]},&quot;ep_parallax_effects_target&quot;:&quot;self&quot;}\">\n\t\t\t\t\t\t\t<div class=\"elementor-background-overlay\"><\/div>\n\t\t\t\t\t\t\t<div class=\"elementor-container elementor-column-gap-no\">\n\t\t\t\t\t<div class=\"elementor-column elementor-col-100 elementor-top-column elementor-element elementor-element-177e91d\" data-id=\"177e91d\" data-element_type=\"column\" data-e-type=\"column\">\n\t\t\t<div class=\"elementor-widget-wrap elementor-element-populated\">\n\t\t\t\t\t\t<div class=\"elementor-element elementor-element-b14a41b elementor-widget elementor-widget-bdt-tabs\" data-id=\"b14a41b\" data-element_type=\"widget\" data-e-type=\"widget\" data-widget_type=\"bdt-tabs.default\">\n\t\t\t\t\t        <div class=\"bdt-tabs-area\">\n\n            <div id=\"bdt-tabs-b14a41b-6858\" class=\"bdt-tabs  bdt-tabs-default\" data-settings=\"{&quot;id&quot;:&quot;bdt-tabs-b14a41b-6858&quot;,&quot;hashTopOffset&quot;:70,&quot;hashScrollspyTime&quot;:1500,&quot;navStickyOffset&quot;:1,&quot;activeItem&quot;:1,&quot;linkWidgetId&quot;:&quot;b14a41b-6858&quot;}\">\n                        <div class=\"bdt-tab-wrapper bdt-flex bdt-flex-center\">\n            <div class=\"bdt-tabs-wrap-inside\">\n                <div class=\"bdt-tab bdt-tab-default  bdt-flex bdt-flex-center\" data-bdt-tab=\"connect: #bdt-tab-content-b14a41b-6858;\" data-bdt-height-match=\"target: &gt; .bdt-tabs-item &gt; .bdt-tabs-item-title; row: false;\">\n                                            <div class=\"bdt-tabs-item bdt-active\">\n                            <a data-title=\"Welcome-to-Eco-Mobility\" class=\"bdt-tabs-item-title\" id=\"bdt-tab-Welcome-to-Eco-Mobility\" data-tab-index=\"0\" href=\"#\">\n                                <div class=\"bdt-tab-text-wrapper bdt-flex-column\">\n\n                                    <div class=\"bdt-tab-title-icon-wrapper bdt-flex bdt-flex-middle\">\n\n                                        \n                                                                                    <span class=\"bdt-tab-text\">\n                                                Willkommen bei Eco-Mobility                                            <\/span>\n                                                                                \n\n                                    <\/div>\n\n                                    \n                                <\/div>\n                            <\/a>\n                        <\/div>\n                                            <div class=\"bdt-tabs-item\">\n                            <a data-title=\"Use-Eco-Mobility-now-!\" class=\"bdt-tabs-item-title\" id=\"bdt-tab-Use-Eco-Mobility-now-!\" data-tab-index=\"1\" href=\"#\">\n                                <div class=\"bdt-tab-text-wrapper bdt-flex-column\">\n\n                                    <div class=\"bdt-tab-title-icon-wrapper bdt-flex bdt-flex-middle\">\n\n                                        \n                                                                                    <span class=\"bdt-tab-text\">\n                                                Jetzt \u00d6ko-Mobilit\u00e4t nutzen!                                            <\/span>\n                                                                                \n\n                                    <\/div>\n\n                                    \n                                <\/div>\n                            <\/a>\n                        <\/div>\n                                            <div class=\"bdt-tabs-item\">\n                            <a data-title=\"Give-your-opinion\" class=\"bdt-tabs-item-title\" id=\"bdt-tab-Give-your-opinion\" data-tab-index=\"2\" href=\"#\">\n                                <div class=\"bdt-tab-text-wrapper bdt-flex-column\">\n\n                                    <div class=\"bdt-tab-title-icon-wrapper bdt-flex bdt-flex-middle\">\n\n                                        \n                                                                                    <span class=\"bdt-tab-text\">\n                                                Geben Sie Ihre Meinung ab                                            <\/span>\n                                                                                \n\n                                    <\/div>\n\n                                    \n                                <\/div>\n                            <\/a>\n                        <\/div>\n                                    <\/div>\n            <\/div>\n        <\/div>\n\n        <div class=\"bdt-switcher-wrapper\">\n            <div id=\"bdt-tab-content-b14a41b-6858\" class=\"bdt-switcher bdt-switcher-item-content\">\n                                                        <div class=\"bdt-tab-content-item bdt-active\" \n                    data-content-id=\"welcome-to-eco-mobility\">\n                        <div>\n                            Ich bin Registerkarte #1 Inhalt. Klicken Sie auf die Schaltfl\u00e4che \"Bearbeiten\", um diesen Text zu \u00e4ndern. Eines Morgens, als Gregor Samsa aus unruhigen Tr\u00e4umen erwachte, fand er sich in seinem Bett in ein schreckliches Ungeziefer verwandelt.                        <\/div>\n                    <\/div>\n                                                        <div class=\"bdt-tab-content-item\" \n                    data-content-id=\"use-eco-mobility-now\">\n                        <div>\n                            Ich bin Registerkarte #1 Inhalt. Klicken Sie auf die Schaltfl\u00e4che \"Bearbeiten\", um diesen Text zu \u00e4ndern. Eines Morgens, als Gregor Samsa aus unruhigen Tr\u00e4umen erwachte, fand er sich in seinem Bett in ein schreckliches Ungeziefer verwandelt.                        <\/div>\n                    <\/div>\n                                                        <div class=\"bdt-tab-content-item\" \n                    data-content-id=\"give-your-opinion\">\n                        <div>\n                            Ich bin Registerkarte #1 Inhalt. Klicken Sie auf die Schaltfl\u00e4che \"Bearbeiten\", um diesen Text zu \u00e4ndern. Eines Morgens, als Gregor Samsa aus unruhigen Tr\u00e4umen erwachte, fand er sich in seinem Bett in ein schreckliches Ungeziefer verwandelt.                        <\/div>\n                    <\/div>\n                            <\/div>\n        <\/div>\n                    <a href=\"#\" id=\"bottom-anchor-b14a41b-6858\" data-bdt-hidden><\/a>\n            <\/div>\n        <\/div>\n    \t\t\t\t<\/div>\n\t\t\t\t\t<\/div>\n\t\t<\/div>\n\t\t\t\t\t<\/div>\n\t\t<\/section>\n\t\t<div class=\"elementor-element elementor-element-ae0e3cd e-flex e-con-boxed e-con e-parent\" data-id=\"ae0e3cd\" data-element_type=\"container\" data-e-type=\"container\">\n\t\t\t\t\t<div class=\"e-con-inner\">\n\t\t\t\t<div class=\"elementor-element elementor-element-a106369 elementor-widget elementor-widget-spacer\" data-id=\"a106369\" data-element_type=\"widget\" data-e-type=\"widget\" data-widget_type=\"spacer.default\">\n\t\t\t\t\t\t\t<div class=\"elementor-spacer\">\n\t\t\t<div class=\"elementor-spacer-inner\"><\/div>\n\t\t<\/div>\n\t\t\t\t\t\t<\/div>\n\t\t\t\t\t<\/div>\n\t\t\t\t<\/div>\n\t\t\t\t<\/div>","protected":false},"excerpt":{"rendered":"<p>My Eco Mobility Use Mapbox GL JS Map to track any journey (small or big) you do walking or cycling ! Once you complete 10km you get 100 eco-points. Check out the instructions below. Welcome to Eco-Mobility Use Eco-Mobility now ! Give your opinion I am tab #1 content. Click edit button to change this [&hellip;]<\/p>\n","protected":false},"author":1,"featured_media":0,"parent":0,"menu_order":0,"comment_status":"closed","ping_status":"closed","template":"elementor_header_footer","meta":{"_acf_changed":false,"footnotes":""},"tags":[],"class_list":["post-47799","page","type-page","status-publish","hentry"],"acf":[],"_links":{"self":[{"href":"https:\/\/myecobestfriend.com\/de\/wp-json\/wp\/v2\/pages\/47799","targetHints":{"allow":["GET"]}}],"collection":[{"href":"https:\/\/myecobestfriend.com\/de\/wp-json\/wp\/v2\/pages"}],"about":[{"href":"https:\/\/myecobestfriend.com\/de\/wp-json\/wp\/v2\/types\/page"}],"author":[{"embeddable":true,"href":"https:\/\/myecobestfriend.com\/de\/wp-json\/wp\/v2\/users\/1"}],"replies":[{"embeddable":true,"href":"https:\/\/myecobestfriend.com\/de\/wp-json\/wp\/v2\/comments?post=47799"}],"version-history":[{"count":3,"href":"https:\/\/myecobestfriend.com\/de\/wp-json\/wp\/v2\/pages\/47799\/revisions"}],"predecessor-version":[{"id":72467,"href":"https:\/\/myecobestfriend.com\/de\/wp-json\/wp\/v2\/pages\/47799\/revisions\/72467"}],"wp:attachment":[{"href":"https:\/\/myecobestfriend.com\/de\/wp-json\/wp\/v2\/media?parent=47799"}],"wp:term":[{"taxonomy":"post_tag","embeddable":true,"href":"https:\/\/myecobestfriend.com\/de\/wp-json\/wp\/v2\/tags?post=47799"}],"curies":[{"name":"wp","href":"https:\/\/api.w.org\/{rel}","templated":true}]}}