  


{"id":68090,"date":"2025-07-30T13:51:12","date_gmt":"2025-07-30T11:51:12","guid":{"rendered":"https:\/\/myecobestfriend.com\/?page_id=68090"},"modified":"2025-11-05T10:46:48","modified_gmt":"2025-11-05T09:46:48","slug":"pierre-11","status":"publish","type":"page","link":"https:\/\/myecobestfriend.com\/de\/pierre-11\/","title":{"rendered":"Pierre-11"},"content":{"rendered":"<div data-elementor-type=\"wp-page\" data-elementor-id=\"68090\" class=\"elementor elementor-68090\" data-elementor-settings=\"{&quot;element_pack_global_tooltip_width&quot;:{&quot;unit&quot;:&quot;px&quot;,&quot;size&quot;:&quot;&quot;,&quot;sizes&quot;:[]},&quot;element_pack_global_tooltip_width_tablet&quot;:{&quot;unit&quot;:&quot;px&quot;,&quot;size&quot;:&quot;&quot;,&quot;sizes&quot;:[]},&quot;element_pack_global_tooltip_width_mobile&quot;:{&quot;unit&quot;:&quot;px&quot;,&quot;size&quot;:&quot;&quot;,&quot;sizes&quot;:[]},&quot;element_pack_global_tooltip_padding&quot;:{&quot;unit&quot;:&quot;px&quot;,&quot;top&quot;:&quot;&quot;,&quot;right&quot;:&quot;&quot;,&quot;bottom&quot;:&quot;&quot;,&quot;left&quot;:&quot;&quot;,&quot;isLinked&quot;:true},&quot;element_pack_global_tooltip_padding_tablet&quot;:{&quot;unit&quot;:&quot;px&quot;,&quot;top&quot;:&quot;&quot;,&quot;right&quot;:&quot;&quot;,&quot;bottom&quot;:&quot;&quot;,&quot;left&quot;:&quot;&quot;,&quot;isLinked&quot;:true},&quot;element_pack_global_tooltip_padding_mobile&quot;:{&quot;unit&quot;:&quot;px&quot;,&quot;top&quot;:&quot;&quot;,&quot;right&quot;:&quot;&quot;,&quot;bottom&quot;:&quot;&quot;,&quot;left&quot;:&quot;&quot;,&quot;isLinked&quot;:true},&quot;element_pack_global_tooltip_border_radius&quot;:{&quot;unit&quot;:&quot;px&quot;,&quot;top&quot;:&quot;&quot;,&quot;right&quot;:&quot;&quot;,&quot;bottom&quot;:&quot;&quot;,&quot;left&quot;:&quot;&quot;,&quot;isLinked&quot;:true},&quot;element_pack_global_tooltip_border_radius_tablet&quot;:{&quot;unit&quot;:&quot;px&quot;,&quot;top&quot;:&quot;&quot;,&quot;right&quot;:&quot;&quot;,&quot;bottom&quot;:&quot;&quot;,&quot;left&quot;:&quot;&quot;,&quot;isLinked&quot;:true},&quot;element_pack_global_tooltip_border_radius_mobile&quot;:{&quot;unit&quot;:&quot;px&quot;,&quot;top&quot;:&quot;&quot;,&quot;right&quot;:&quot;&quot;,&quot;bottom&quot;:&quot;&quot;,&quot;left&quot;:&quot;&quot;,&quot;isLinked&quot;:true}}\" data-elementor-post-type=\"page\">\n\t\t\t\t<div class=\"elementor-element elementor-element-c0ed09e e-flex e-con-boxed e-con e-parent\" data-id=\"c0ed09e\" data-element_type=\"container\" data-e-type=\"container\">\n\t\t\t\t\t<div class=\"e-con-inner\">\n\t\t\t\t<div class=\"elementor-element elementor-element-0a58854 elementor-widget elementor-widget-spacer\" data-id=\"0a58854\" data-element_type=\"widget\" data-e-type=\"widget\" data-widget_type=\"spacer.default\">\n\t\t\t\t\t\t\t<div class=\"elementor-spacer\">\n\t\t\t<div class=\"elementor-spacer-inner\"><\/div>\n\t\t<\/div>\n\t\t\t\t\t\t<\/div>\n\t\t\t\t\t<\/div>\n\t\t\t\t<\/div>\n\t\t<div class=\"elementor-element elementor-element-dc87227 e-con-full e-flex e-con e-parent\" data-id=\"dc87227\" data-element_type=\"container\" data-e-type=\"container\">\n\t\t<div class=\"elementor-element elementor-element-79770b0 e-con-full e-flex e-con e-child\" data-id=\"79770b0\" data-element_type=\"container\" data-e-type=\"container\">\n\t\t\t\t<div class=\"elementor-element elementor-element-82210ec elementor-widget-tablet__width-inherit elementor-widget elementor-widget-image\" data-id=\"82210ec\" data-element_type=\"widget\" data-e-type=\"widget\" data-widget_type=\"image.default\">\n\t\t\t\t\t\t\t\t\t\t\t\t\t\t\t<img fetchpriority=\"high\" decoding=\"async\" width=\"1189\" height=\"892\" src=\"https:\/\/myecobestfriend.com\/wp-content\/uploads\/2025\/07\/pierre-buda.jpg\" class=\"attachment-full size-full wp-image-68021\" alt=\"jeux des pierres voyageuses- mon ecopote\" srcset=\"https:\/\/myecobestfriend.com\/wp-content\/uploads\/2025\/07\/pierre-buda.jpg 1189w, https:\/\/myecobestfriend.com\/wp-content\/uploads\/2025\/07\/pierre-buda-800x600.jpg 800w, https:\/\/myecobestfriend.com\/wp-content\/uploads\/2025\/07\/pierre-buda-768x576.jpg 768w, https:\/\/myecobestfriend.com\/wp-content\/uploads\/2025\/07\/pierre-buda-16x12.jpg 16w, https:\/\/myecobestfriend.com\/wp-content\/uploads\/2025\/07\/pierre-buda-600x450.jpg 600w\" sizes=\"(max-width: 1189px) 100vw, 1189px\" \/>\t\t\t\t\t\t\t\t\t\t\t\t\t\t\t<\/div>\n\t\t\t\t<\/div>\n\t\t<div class=\"elementor-element elementor-element-0a7e833 e-con-full e-flex e-con e-child\" data-id=\"0a7e833\" data-element_type=\"container\" data-e-type=\"container\">\n\t\t<div class=\"elementor-element elementor-element-39834f2 e-con-full elementor-hidden-mobile e-flex e-con e-child\" data-id=\"39834f2\" data-element_type=\"container\" data-e-type=\"container\">\n\t\t\t\t<div class=\"elementor-element elementor-element-129198d elementor-widget__width-initial elementor-widget elementor-widget-heading\" data-id=\"129198d\" data-element_type=\"widget\" data-e-type=\"widget\" data-widget_type=\"heading.default\">\n\t\t\t\t\t<h2 class=\"elementor-heading-title elementor-size-default\">SIE HABEN GEFUNDEN\n<span style=\"color: #115348\"> der Stein Nr. 11<\/span><\/h2>\t\t\t\t<\/div>\n\t\t\t\t<\/div>\n\t\t<div class=\"elementor-element elementor-element-ab86ea5 e-con-full elementor-hidden-desktop elementor-hidden-tablet e-flex e-con e-child\" data-id=\"ab86ea5\" data-element_type=\"container\" data-e-type=\"container\">\n\t\t\t\t<div class=\"elementor-element elementor-element-c1642c7 elementor-widget__width-initial elementor-widget elementor-widget-heading\" data-id=\"c1642c7\" data-element_type=\"widget\" data-e-type=\"widget\" data-widget_type=\"heading.default\">\n\t\t\t\t\t<h2 class=\"elementor-heading-title elementor-size-default\">SIE HABEN GEFUNDEN<br>\n<span style=\"color: #115348\"> der Stein Nr. 11<\/span><\/h2>\t\t\t\t<\/div>\n\t\t\t\t<\/div>\n\t\t\t\t<div class=\"elementor-element elementor-element-3a144e2 elementor-widget-tablet__width-initial elementor-widget elementor-widget-text-editor\" data-id=\"3a144e2\" data-element_type=\"widget\" data-e-type=\"widget\" data-widget_type=\"text-editor.default\">\n\t\t\t\t\t\t\t\t\t<p>\u2694\ufe0f <span style=\"color: #000000;\">Hier ist die Herausforderung, der Sie sich stellen k\u00f6nnen:<\/span><\/p>\t\t\t\t\t\t\t\t<\/div>\n\t\t\t\t<div class=\"elementor-element elementor-element-dfec7cf elementor-widget-tablet__width-initial elementor-widget elementor-widget-text-editor\" data-id=\"dfec7cf\" data-element_type=\"widget\" data-e-type=\"widget\" data-widget_type=\"text-editor.default\">\n\t\t\t\t\t\t\t\t\tBilden Sie eine Fahrgemeinschaft zu einer Veranstaltung.\t\t\t\t\t\t\t\t<\/div>\n\t\t\t\t<\/div>\n\t\t\t\t<\/div>\n\t\t<div class=\"elementor-element elementor-element-0d4a037 e-flex e-con-boxed e-con e-parent\" data-id=\"0d4a037\" data-element_type=\"container\" data-e-type=\"container\">\n\t\t\t\t\t<div class=\"e-con-inner\">\n\t\t\t\t<div class=\"elementor-element elementor-element-64eaa44 elementor-widget elementor-widget-spacer\" data-id=\"64eaa44\" data-element_type=\"widget\" data-e-type=\"widget\" data-widget_type=\"spacer.default\">\n\t\t\t\t\t\t\t<div class=\"elementor-spacer\">\n\t\t\t<div class=\"elementor-spacer-inner\"><\/div>\n\t\t<\/div>\n\t\t\t\t\t\t<\/div>\n\t\t\t\t\t<\/div>\n\t\t\t\t<\/div>\n\t\t<div class=\"elementor-element elementor-element-5da0eab e-flex e-con-boxed e-con e-parent\" data-id=\"5da0eab\" data-element_type=\"container\" data-e-type=\"container\">\n\t\t\t\t\t<div class=\"e-con-inner\">\n\t\t<div class=\"elementor-element elementor-element-cca4b1c e-con-full elementor-hidden-mobile e-flex e-con e-child\" data-id=\"cca4b1c\" data-element_type=\"container\" data-e-type=\"container\">\n\t\t\t\t<div class=\"elementor-element elementor-element-7cc440d elementor-widget__width-initial elementor-widget elementor-widget-heading\" data-id=\"7cc440d\" data-element_type=\"widget\" data-e-type=\"widget\" data-widget_type=\"heading.default\">\n\t\t\t\t\t<h2 class=\"elementor-heading-title elementor-size-default\">Haben Sie die\n<span style=\"color: #115348\"> die Herausforderung<\/span><\/h2>\t\t\t\t<\/div>\n\t\t\t\t<\/div>\n\t\t<div class=\"elementor-element elementor-element-c39317a e-con-full elementor-hidden-desktop elementor-hidden-tablet e-flex e-con e-child\" data-id=\"c39317a\" data-element_type=\"container\" data-e-type=\"container\">\n\t\t\t\t<div class=\"elementor-element elementor-element-e4153b4 elementor-widget__width-initial elementor-widget elementor-widget-heading\" data-id=\"e4153b4\" data-element_type=\"widget\" data-e-type=\"widget\" data-widget_type=\"heading.default\">\n\t\t\t\t\t<h2 class=\"elementor-heading-title elementor-size-default\">Haben Sie die <br>\n<span style=\"color: #115348\"> die Herausforderung<\/span><\/h2>\t\t\t\t<\/div>\n\t\t\t\t<\/div>\n\t\t\t\t<div class=\"elementor-element elementor-element-aefd7b5 elementor-widget__width-initial elementor-widget elementor-widget-text-editor\" data-id=\"aefd7b5\" data-element_type=\"widget\" data-e-type=\"widget\" data-widget_type=\"text-editor.default\">\n\t\t\t\t\t\t\t\t\t<p>\ud83d\udcf8 <span style=\"color: #000000;\">Wenn Sie die Herausforderung abgeschlossen haben, machen Sie ein Foto oder nehmen Sie ein kurzes Video als Beweis auf und schicken Sie es uns per E-Mail an contact@myecobestfriend.com.<\/span><\/p>\t\t\t\t\t\t\t\t<\/div>\n\t\t\t\t<div class=\"elementor-element elementor-element-617e551 elementor-widget__width-initial elementor-widget elementor-widget-text-editor\" data-id=\"617e551\" data-element_type=\"widget\" data-e-type=\"widget\" data-widget_type=\"text-editor.default\">\n\t\t\t\t\t\t\t\t\t<p><span style=\"color: #000000;\">\ud83c\udf81 Sie k\u00f6nnen Pr\u00e4mien gewinnen, die nachhaltige Praktiken f\u00f6rdern sollen!<\/span><\/p>\t\t\t\t\t\t\t\t<\/div>\n\t\t\t\t\t<\/div>\n\t\t\t\t<\/div>\n\t\t<div class=\"elementor-element elementor-element-55e7140 e-flex e-con-boxed e-con e-parent\" data-id=\"55e7140\" data-element_type=\"container\" data-e-type=\"container\">\n\t\t\t\t\t<div class=\"e-con-inner\">\n\t\t\t\t<div class=\"elementor-element elementor-element-2950694 elementor-widget elementor-widget-spacer\" data-id=\"2950694\" data-element_type=\"widget\" data-e-type=\"widget\" data-widget_type=\"spacer.default\">\n\t\t\t\t\t\t\t<div class=\"elementor-spacer\">\n\t\t\t<div class=\"elementor-spacer-inner\"><\/div>\n\t\t<\/div>\n\t\t\t\t\t\t<\/div>\n\t\t\t\t\t<\/div>\n\t\t\t\t<\/div>\n\t\t<div class=\"elementor-element elementor-element-5fbe656 e-con-full e-flex e-con e-child\" data-id=\"5fbe656\" data-element_type=\"container\" data-e-type=\"container\">\n\t\t<div class=\"elementor-element elementor-element-6d8ced1 e-con-full e-flex e-con e-child\" data-id=\"6d8ced1\" data-element_type=\"container\" data-e-type=\"container\" data-settings=\"{&quot;background_background&quot;:&quot;classic&quot;}\">\n\t\t<div class=\"elementor-element elementor-element-ece271b e-con-full e-flex e-con e-child\" data-id=\"ece271b\" data-element_type=\"container\" data-e-type=\"container\">\n\t\t\t\t<div class=\"elementor-element elementor-element-f8f750f elementor-widget__width-inherit elementor-widget elementor-widget-heading\" data-id=\"f8f750f\" data-element_type=\"widget\" data-e-type=\"widget\" data-widget_type=\"heading.default\">\n\t\t\t\t\t<h2 class=\"elementor-heading-title elementor-size-default\">UNTERST\u00dcTZEN SIE UNSEREN VEREIN<\/h2>\t\t\t\t<\/div>\n\t\t\t\t<\/div>\n\t\t\t\t<\/div>\n\t\t\t\t<\/div>\n\t\t<div class=\"elementor-element elementor-element-313c0ad e-grid e-con-full e-con e-parent\" data-id=\"313c0ad\" data-element_type=\"container\" data-e-type=\"container\" data-settings=\"{&quot;background_background&quot;:&quot;classic&quot;}\">\n\t\t<div data-eael-wrapper-link=\"{&quot;url&quot;:&quot;https:\\\/\\\/myecobestfriend.com\\\/contact-us\\\/&quot;,&quot;is_external&quot;:&quot;&quot;,&quot;nofollow&quot;:&quot;&quot;}\" class=\"eael-non-traditional-link elementor-element elementor-element-3ecb8b5a e-con-full e-flex e-con e-child\" data-id=\"3ecb8b5a\" data-element_type=\"container\" data-e-type=\"container\">\n\t\t<div class=\"elementor-element elementor-element-70eee2e e-con-full e-flex e-con e-child\" data-id=\"70eee2e\" data-element_type=\"container\" data-e-type=\"container\" data-settings=\"{&quot;background_background&quot;:&quot;classic&quot;}\">\n\t\t\t\t<div class=\"elementor-element elementor-element-15124a7 elementor-widget elementor-widget-image\" data-id=\"15124a7\" data-element_type=\"widget\" data-e-type=\"widget\" data-widget_type=\"image.default\">\n\t\t\t\t\t\t\t\t\t\t\t\t\t\t\t<img decoding=\"async\" src=\"https:\/\/myecobestfriend.com\/wp-content\/uploads\/elementor\/thumbs\/Mask-group-r5h0v6pwlbc3gp1kt0a50svse3ae9669qsyht5xrg6.png\" title=\"Maskengruppe\" alt=\"Coeur-Ikone\" loading=\"lazy\" \/>\t\t\t\t\t\t\t\t\t\t\t\t\t\t\t<\/div>\n\t\t\t\t<div class=\"elementor-element elementor-element-ecfdc5a elementor-widget__width-inherit elementor-widget elementor-widget-text-editor\" data-id=\"ecfdc5a\" data-element_type=\"widget\" data-e-type=\"widget\" data-widget_type=\"text-editor.default\">\n\t\t\t\t\t\t\t\t\tEhrenamtlich werden\t\t\t\t\t\t\t\t<\/div>\n\t\t\t\t<\/div>\n\t\t\t\t<\/div>\n\t\t<div data-eael-wrapper-link=\"{&quot;url&quot;:&quot;https:\\\/\\\/myecobestfriend.com\\\/contact-us\\\/&quot;,&quot;is_external&quot;:&quot;&quot;,&quot;nofollow&quot;:&quot;&quot;}\" class=\"eael-non-traditional-link elementor-element elementor-element-6a960567 e-con-full e-flex e-con e-child\" data-id=\"6a960567\" data-element_type=\"container\" data-e-type=\"container\">\n\t\t<div class=\"elementor-element elementor-element-0c7bd7f e-con-full e-flex e-con e-child\" data-id=\"0c7bd7f\" data-element_type=\"container\" data-e-type=\"container\" data-settings=\"{&quot;background_background&quot;:&quot;classic&quot;}\">\n\t\t\t\t<div class=\"elementor-element elementor-element-c8bb58d elementor-widget elementor-widget-image\" data-id=\"c8bb58d\" data-element_type=\"widget\" data-e-type=\"widget\" data-widget_type=\"image.default\">\n\t\t\t\t\t\t\t\t\t\t\t\t\t\t\t<img decoding=\"async\" src=\"https:\/\/myecobestfriend.com\/wp-content\/uploads\/elementor\/thumbs\/become-r5ij21t31nx5tdb04s20j0b90lqau3ytmokk4jdfee.png\" title=\"werden.\" alt=\"icono Mitglied myecobest friend\" loading=\"lazy\" \/>\t\t\t\t\t\t\t\t\t\t\t\t\t\t\t<\/div>\n\t\t\t\t<div class=\"elementor-element elementor-element-f08a886 elementor-widget__width-inherit elementor-widget elementor-widget-text-editor\" data-id=\"f08a886\" data-element_type=\"widget\" data-e-type=\"widget\" data-widget_type=\"text-editor.default\">\n\t\t\t\t\t\t\t\t\tMitglied werden\t\t\t\t\t\t\t\t<\/div>\n\t\t\t\t<\/div>\n\t\t\t\t<\/div>\n\t\t<div data-eael-wrapper-link=\"{&quot;url&quot;:&quot;https:\\\/\\\/myecobestfriend.com\\\/all-our-sponsors\\\/&quot;,&quot;is_external&quot;:&quot;&quot;,&quot;nofollow&quot;:&quot;&quot;}\" class=\"eael-non-traditional-link elementor-element elementor-element-69e9a49d e-con-full e-flex e-con e-child\" data-id=\"69e9a49d\" data-element_type=\"container\" data-e-type=\"container\">\n\t\t<div class=\"elementor-element elementor-element-02317fc e-con-full e-flex e-con e-child\" data-id=\"02317fc\" data-element_type=\"container\" data-e-type=\"container\" data-settings=\"{&quot;background_background&quot;:&quot;classic&quot;}\">\n\t\t\t\t<div class=\"elementor-element elementor-element-59b61e9 elementor-widget elementor-widget-image\" data-id=\"59b61e9\" data-element_type=\"widget\" data-e-type=\"widget\" data-widget_type=\"image.default\">\n\t\t\t\t\t\t\t\t\t\t\t\t\t\t\t<img decoding=\"async\" src=\"https:\/\/myecobestfriend.com\/wp-content\/uploads\/elementor\/thumbs\/sponsor-r5ij383tl7j2btlk9sc857mzqxxtghmqshxepzmpme.png\" title=\"Sponsor\" alt=\"Icono sponsert meinen besten Umweltfreund\" loading=\"lazy\" \/>\t\t\t\t\t\t\t\t\t\t\t\t\t\t\t<\/div>\n\t\t\t\t<div class=\"elementor-element elementor-element-d50bc11 elementor-widget__width-inherit elementor-widget elementor-widget-text-editor\" data-id=\"d50bc11\" data-element_type=\"widget\" data-e-type=\"widget\" data-widget_type=\"text-editor.default\">\n\t\t\t\t\t\t\t\t\tSponsern Sie uns\t\t\t\t\t\t\t\t<\/div>\n\t\t\t\t<\/div>\n\t\t\t\t<\/div>\n\t\t<div data-eael-wrapper-link=\"{&quot;url&quot;:&quot;https:\\\/\\\/myecobestfriend.com\\\/contact-us\\\/&quot;,&quot;is_external&quot;:&quot;&quot;,&quot;nofollow&quot;:&quot;&quot;}\" class=\"eael-non-traditional-link elementor-element elementor-element-15b32e43 e-con-full e-flex e-con e-child\" data-id=\"15b32e43\" data-element_type=\"container\" data-e-type=\"container\">\n\t\t<div class=\"elementor-element elementor-element-e55b5b5 e-con-full e-flex e-con e-child\" data-id=\"e55b5b5\" data-element_type=\"container\" data-e-type=\"container\" data-settings=\"{&quot;background_background&quot;:&quot;classic&quot;}\">\n\t\t\t\t<div class=\"elementor-element elementor-element-b4f2b99 elementor-widget elementor-widget-image\" data-id=\"b4f2b99\" data-element_type=\"widget\" data-e-type=\"widget\" data-widget_type=\"image.default\">\n\t\t\t\t\t\t\t\t\t\t\t\t\t\t\t<img decoding=\"async\" src=\"https:\/\/myecobestfriend.com\/wp-content\/uploads\/elementor\/thumbs\/Collaborate-r5ij4eek4r4yu9w4esmfreyqha5c2vanyba9bfvzue.png\" title=\"Zusammenarbeiten\" alt=\"Icono kollaboriert mit meinem besten \u00d6ko-Freund\" loading=\"lazy\" \/>\t\t\t\t\t\t\t\t\t\t\t\t\t\t\t<\/div>\n\t\t\t\t<div class=\"elementor-element elementor-element-ca93333 elementor-widget__width-inherit elementor-widget elementor-widget-text-editor\" data-id=\"ca93333\" data-element_type=\"widget\" data-e-type=\"widget\" data-widget_type=\"text-editor.default\">\n\t\t\t\t\t\t\t\t\tArbeiten Sie mit uns zusammen!\t\t\t\t\t\t\t\t<\/div>\n\t\t\t\t<\/div>\n\t\t\t\t<\/div>\n\t\t<div data-eael-wrapper-link=\"{&quot;url&quot;:&quot;https:\\\/\\\/myecobestfriend.com\\\/contact-us\\\/&quot;,&quot;is_external&quot;:&quot;&quot;,&quot;nofollow&quot;:&quot;&quot;}\" class=\"eael-non-traditional-link elementor-element elementor-element-583cd3c4 e-con-full e-flex e-con e-child\" data-id=\"583cd3c4\" data-element_type=\"container\" data-e-type=\"container\">\n\t\t<div class=\"elementor-element elementor-element-3784046 e-con-full e-flex e-con e-child\" data-id=\"3784046\" data-element_type=\"container\" data-e-type=\"container\" data-settings=\"{&quot;background_background&quot;:&quot;classic&quot;}\">\n\t\t\t\t<div class=\"elementor-element elementor-element-afe0b0a elementor-widget elementor-widget-image\" data-id=\"afe0b0a\" data-element_type=\"widget\" data-e-type=\"widget\" data-widget_type=\"image.default\">\n\t\t\t\t\t\t\t\t\t\t\t\t\t\t\t<img decoding=\"async\" src=\"https:\/\/myecobestfriend.com\/wp-content\/uploads\/elementor\/thumbs\/help-r5ij5d6l5mgkruhlrpnmto6sgjdwzo4qf3f82ogfg6.png\" title=\"Hilfe\" alt=\"Hilfe\" loading=\"lazy\" \/>\t\t\t\t\t\t\t\t\t\t\t\t\t\t\t<\/div>\n\t\t\t\t<div class=\"elementor-element elementor-element-026ba73 elementor-widget__width-inherit elementor-widget elementor-widget-text-editor\" data-id=\"026ba73\" data-element_type=\"widget\" data-e-type=\"widget\" data-widget_type=\"text-editor.default\">\n\t\t\t\t\t\t\t\t\tHelfen Sie uns beim Aufbau unseres Waldes!\t\t\t\t\t\t\t\t<\/div>\n\t\t\t\t<\/div>\n\t\t\t\t<\/div>\n\t\t<div data-eael-wrapper-link=\"{&quot;url&quot;:&quot;https:\\\/\\\/myecobestfriend.com\\\/contact-us\\\/&quot;,&quot;is_external&quot;:&quot;&quot;,&quot;nofollow&quot;:&quot;&quot;}\" class=\"eael-non-traditional-link elementor-element elementor-element-703d02d2 e-con-full e-flex e-con e-child\" data-id=\"703d02d2\" data-element_type=\"container\" data-e-type=\"container\">\n\t\t<div class=\"elementor-element elementor-element-4c101f8 e-con-full e-flex e-con e-child\" data-id=\"4c101f8\" data-element_type=\"container\" data-e-type=\"container\" data-settings=\"{&quot;background_background&quot;:&quot;classic&quot;}\">\n\t\t\t\t<div class=\"elementor-element elementor-element-03a5778 elementor-widget elementor-widget-image\" data-id=\"03a5778\" data-element_type=\"widget\" data-e-type=\"widget\" data-widget_type=\"image.default\">\n\t\t\t\t\t\t\t\t\t\t\t\t\t\t\t<img decoding=\"async\" src=\"https:\/\/myecobestfriend.com\/wp-content\/uploads\/elementor\/thumbs\/Participate-r5ij6duak5urcn0ctni30wxrmkd8bv69k4v5sgy2pi.png\" title=\"Teilnehmen\" alt=\"ICONO MENSCHEN BETEILIGEN SICH MIT MYECOBESTFRIEND.COM\" loading=\"lazy\" \/>\t\t\t\t\t\t\t\t\t\t\t\t\t\t\t<\/div>\n\t\t\t\t<div class=\"elementor-element elementor-element-3ecd20e elementor-widget__width-inherit elementor-widget elementor-widget-text-editor\" data-id=\"3ecd20e\" data-element_type=\"widget\" data-e-type=\"widget\" data-widget_type=\"text-editor.default\">\n\t\t\t\t\t\t\t\t\tNehmen Sie an unseren Veranstaltungen teil\t\t\t\t\t\t\t\t<\/div>\n\t\t\t\t<\/div>\n\t\t\t\t<\/div>\n\t\t\t\t<\/div>\n\t\t<div class=\"elementor-element elementor-element-6bac792 e-flex e-con-boxed e-con e-parent\" data-id=\"6bac792\" data-element_type=\"container\" data-e-type=\"container\">\n\t\t\t\t\t<div class=\"e-con-inner\">\n\t\t\t\t<div class=\"elementor-element elementor-element-c2a3e29 elementor-widget elementor-widget-spacer\" data-id=\"c2a3e29\" data-element_type=\"widget\" data-e-type=\"widget\" data-widget_type=\"spacer.default\">\n\t\t\t\t\t\t\t<div class=\"elementor-spacer\">\n\t\t\t<div class=\"elementor-spacer-inner\"><\/div>\n\t\t<\/div>\n\t\t\t\t\t\t<\/div>\n\t\t\t\t\t<\/div>\n\t\t\t\t<\/div>\n\t\t\t\t<\/div>","protected":false},"excerpt":{"rendered":"<p>YOU HAVE FOUND the n\u00b011 stone\u200b YOU HAVE FOUND the n\u00b011 stone\u200b \u2694\ufe0f Here&#8217;s the challenge you&#8217;re invited to take up: Carpool to an event. did you taken up the challenge\u200b did you taken up the challenge\u200b \ud83d\udcf8 Once you have completed the challenge, take a photo or record a short video as proof, then [&hellip;]<\/p>\n","protected":false},"author":225,"featured_media":0,"parent":0,"menu_order":0,"comment_status":"closed","ping_status":"closed","template":"","meta":{"_acf_changed":false,"footnotes":""},"tags":[],"class_list":["post-68090","page","type-page","status-publish","hentry"],"acf":[],"_links":{"self":[{"href":"https:\/\/myecobestfriend.com\/de\/wp-json\/wp\/v2\/pages\/68090","targetHints":{"allow":["GET"]}}],"collection":[{"href":"https:\/\/myecobestfriend.com\/de\/wp-json\/wp\/v2\/pages"}],"about":[{"href":"https:\/\/myecobestfriend.com\/de\/wp-json\/wp\/v2\/types\/page"}],"author":[{"embeddable":true,"href":"https:\/\/myecobestfriend.com\/de\/wp-json\/wp\/v2\/users\/225"}],"replies":[{"embeddable":true,"href":"https:\/\/myecobestfriend.com\/de\/wp-json\/wp\/v2\/comments?post=68090"}],"version-history":[{"count":49,"href":"https:\/\/myecobestfriend.com\/de\/wp-json\/wp\/v2\/pages\/68090\/revisions"}],"predecessor-version":[{"id":72336,"href":"https:\/\/myecobestfriend.com\/de\/wp-json\/wp\/v2\/pages\/68090\/revisions\/72336"}],"wp:attachment":[{"href":"https:\/\/myecobestfriend.com\/de\/wp-json\/wp\/v2\/media?parent=68090"}],"wp:term":[{"taxonomy":"post_tag","embeddable":true,"href":"https:\/\/myecobestfriend.com\/de\/wp-json\/wp\/v2\/tags?post=68090"}],"curies":[{"name":"wp","href":"https:\/\/api.w.org\/{rel}","templated":true}]}}