  


{"id":75021,"date":"2026-04-02T15:01:00","date_gmt":"2026-04-02T13:01:00","guid":{"rendered":"https:\/\/myecobestfriend.com\/?page_id=75021"},"modified":"2026-04-02T15:26:48","modified_gmt":"2026-04-02T13:26:48","slug":"loto-estavayer","status":"publish","type":"page","link":"https:\/\/myecobestfriend.com\/de\/loto-estavayer\/","title":{"rendered":"Loto - Estavayer"},"content":{"rendered":"<div data-elementor-type=\"wp-page\" data-elementor-id=\"75021\" class=\"elementor elementor-75021\" data-elementor-settings=\"{&quot;element_pack_global_tooltip_width&quot;:{&quot;unit&quot;:&quot;px&quot;,&quot;size&quot;:&quot;&quot;,&quot;sizes&quot;:[]},&quot;element_pack_global_tooltip_width_tablet&quot;:{&quot;unit&quot;:&quot;px&quot;,&quot;size&quot;:&quot;&quot;,&quot;sizes&quot;:[]},&quot;element_pack_global_tooltip_width_mobile&quot;:{&quot;unit&quot;:&quot;px&quot;,&quot;size&quot;:&quot;&quot;,&quot;sizes&quot;:[]},&quot;element_pack_global_tooltip_padding&quot;:{&quot;unit&quot;:&quot;px&quot;,&quot;top&quot;:&quot;&quot;,&quot;right&quot;:&quot;&quot;,&quot;bottom&quot;:&quot;&quot;,&quot;left&quot;:&quot;&quot;,&quot;isLinked&quot;:true},&quot;element_pack_global_tooltip_padding_tablet&quot;:{&quot;unit&quot;:&quot;px&quot;,&quot;top&quot;:&quot;&quot;,&quot;right&quot;:&quot;&quot;,&quot;bottom&quot;:&quot;&quot;,&quot;left&quot;:&quot;&quot;,&quot;isLinked&quot;:true},&quot;element_pack_global_tooltip_padding_mobile&quot;:{&quot;unit&quot;:&quot;px&quot;,&quot;top&quot;:&quot;&quot;,&quot;right&quot;:&quot;&quot;,&quot;bottom&quot;:&quot;&quot;,&quot;left&quot;:&quot;&quot;,&quot;isLinked&quot;:true},&quot;element_pack_global_tooltip_border_radius&quot;:{&quot;unit&quot;:&quot;px&quot;,&quot;top&quot;:&quot;&quot;,&quot;right&quot;:&quot;&quot;,&quot;bottom&quot;:&quot;&quot;,&quot;left&quot;:&quot;&quot;,&quot;isLinked&quot;:true},&quot;element_pack_global_tooltip_border_radius_tablet&quot;:{&quot;unit&quot;:&quot;px&quot;,&quot;top&quot;:&quot;&quot;,&quot;right&quot;:&quot;&quot;,&quot;bottom&quot;:&quot;&quot;,&quot;left&quot;:&quot;&quot;,&quot;isLinked&quot;:true},&quot;element_pack_global_tooltip_border_radius_mobile&quot;:{&quot;unit&quot;:&quot;px&quot;,&quot;top&quot;:&quot;&quot;,&quot;right&quot;:&quot;&quot;,&quot;bottom&quot;:&quot;&quot;,&quot;left&quot;:&quot;&quot;,&quot;isLinked&quot;:true}}\" data-elementor-post-type=\"page\">\n\t\t\t\t<div class=\"elementor-element elementor-element-5d82b09 e-flex e-con-boxed e-con e-parent\" data-id=\"5d82b09\" data-element_type=\"container\" data-e-type=\"container\">\n\t\t\t\t\t<div class=\"e-con-inner\">\n\t\t\t\t<div class=\"elementor-element elementor-element-7e5a141 elementor-widget elementor-widget-spacer\" data-id=\"7e5a141\" data-element_type=\"widget\" data-e-type=\"widget\" data-widget_type=\"spacer.default\">\n\t\t\t\t\t\t\t<div class=\"elementor-spacer\">\n\t\t\t<div class=\"elementor-spacer-inner\"><\/div>\n\t\t<\/div>\n\t\t\t\t\t\t<\/div>\n\t\t\t\t\t<\/div>\n\t\t\t\t<\/div>\n\t\t<div class=\"elementor-element elementor-element-e60ffc7 e-flex e-con-boxed e-con e-parent\" data-id=\"e60ffc7\" data-element_type=\"container\" data-e-type=\"container\">\n\t\t\t\t\t<div class=\"e-con-inner\">\n\t\t<div class=\"elementor-element elementor-element-f72bba1 e-con-full e-flex e-con e-child\" data-id=\"f72bba1\" data-element_type=\"container\" data-e-type=\"container\">\n\t\t\t\t<\/div>\n\t\t<div class=\"elementor-element elementor-element-acefa33 e-con-full e-flex e-con e-child\" data-id=\"acefa33\" data-element_type=\"container\" data-e-type=\"container\">\n\t\t\t\t<div class=\"elementor-element elementor-element-e625afe elementor-widget elementor-widget-image\" data-id=\"e625afe\" data-element_type=\"widget\" data-e-type=\"widget\" data-widget_type=\"image.default\">\n\t\t\t\t\t\t\t\t\t\t\t\t\t\t\t<img fetchpriority=\"high\" decoding=\"async\" width=\"800\" height=\"740\" src=\"https:\/\/myecobestfriend.com\/wp-content\/uploads\/2026\/04\/FLUX-2026-03-11-20-53-04-800x740.jpeg\" class=\"attachment-large size-large wp-image-75025\" alt=\"\" srcset=\"https:\/\/myecobestfriend.com\/wp-content\/uploads\/2026\/04\/FLUX-2026-03-11-20-53-04-800x740.jpeg 800w, https:\/\/myecobestfriend.com\/wp-content\/uploads\/2026\/04\/FLUX-2026-03-11-20-53-04-768x711.jpeg 768w, https:\/\/myecobestfriend.com\/wp-content\/uploads\/2026\/04\/FLUX-2026-03-11-20-53-04-13x12.jpeg 13w, https:\/\/myecobestfriend.com\/wp-content\/uploads\/2026\/04\/FLUX-2026-03-11-20-53-04-600x555.jpeg 600w, https:\/\/myecobestfriend.com\/wp-content\/uploads\/2026\/04\/FLUX-2026-03-11-20-53-04.jpeg 1072w\" sizes=\"(max-width: 800px) 100vw, 800px\" \/>\t\t\t\t\t\t\t\t\t\t\t\t\t\t\t<\/div>\n\t\t\t\t<\/div>\n\t\t<div class=\"elementor-element elementor-element-50e768c e-con-full e-flex e-con e-child\" data-id=\"50e768c\" data-element_type=\"container\" data-e-type=\"container\">\n\t\t\t\t<\/div>\n\t\t\t\t\t<\/div>\n\t\t\t\t<\/div>\n\t\t<div class=\"elementor-element elementor-element-161570e e-flex e-con-boxed e-con e-parent\" data-id=\"161570e\" data-element_type=\"container\" data-e-type=\"container\">\n\t\t\t\t\t<div class=\"e-con-inner\">\n\t\t<div class=\"elementor-element elementor-element-a648e6c e-con-full e-flex e-con e-child\" data-id=\"a648e6c\" data-element_type=\"container\" data-e-type=\"container\">\n\t\t\t\t<\/div>\n\t\t<div class=\"elementor-element elementor-element-162b2ee e-con-full e-flex e-con e-child\" data-id=\"162b2ee\" data-element_type=\"container\" data-e-type=\"container\">\n\t\t\t\t<div class=\"elementor-element elementor-element-02fed1a elementor-widget-mobile__width-initial elementor-invisible elementor-widget elementor-widget-text-editor\" data-id=\"02fed1a\" data-element_type=\"widget\" data-e-type=\"widget\" data-settings=\"{&quot;_animation&quot;:&quot;fadeInRight&quot;,&quot;_animation_delay&quot;:1000}\" data-widget_type=\"text-editor.default\">\n\t\t\t\t\t\t\t\t\t<p><style>\na {<br \/>    text-decoration: none;<br \/>    color: #464feb;<br \/>}<br \/>tr th, tr td {<br \/>    border: 1px solid #e6e6e6;<br \/>}<br \/>tr th {<br \/>    background-color: #f5f5f5;<br \/>}<br \/><\/style><\/p><div><h1>Informationen f\u00fcr Teilnehmer - Lotto am 17. April in Estavayer<\/h1><p><strong>\ud83d\udccd Standort:<\/strong> Salle de la Prillaz, Estavayer<br \/><strong>\ud83d\udcc5 Datum:<\/strong> Freitag, 17. April<br \/><strong>\ud83d\udd62 Zeitplan:<\/strong><\/p><p>Die T\u00fcren sind ge\u00f6ffnet: <strong>18:30 UHR<\/strong><\/p><p>Das Lotto beginnt: <strong>Punkt 19:30 Uhr<\/strong><\/p><p>Voraussichtliches Ende: ca. 10:30-11:00 Uhr<\/p><h2>\ud83c\udfae So funktioniert das Loto<\/h2><p><strong>25 Spiele-Serie<\/strong>.<\/p><p><strong>Preise pro Serie:<\/strong><\/p><p><em>Quine:<\/em> <strong>CHF 50.-<\/strong><\/p><p><em>Double Quine:<\/em> <strong>CHF 70.-<\/strong><\/p><p><em>Volle Karte:<\/em> <strong>CHF 120.-<\/strong><\/p><p><strong>Kostenlose Bonuskarten<\/strong> verteilt f\u00fcr die Serien 8 bis 12.<\/p><p>Im Falle mehrerer Gewinner betr\u00e4gt der Preis <strong>gleichm\u00e4\u00dfig verteilt<\/strong>.<\/p><h2>\ud83d\udcb0 Kartenpreise<\/h2><p><strong>Einzelne Karte:<\/strong> CHF 9.-<br \/>\u2192 Nach der Pause: <strong>CHF 5.-<\/strong><\/p><p><strong>6-Karten-Blatt:<\/strong> CHF 50.-<br \/>\u2192 Nach der Pause: <strong>CHF 28.-<\/strong><\/p><p><strong>Sonderangebot:<\/strong> Kaufen Sie 10 + erhalten Sie 1 gratis (f\u00fcr gescannte Karten).<\/p><p>Zahlungsm\u00f6glichkeiten: <strong>Bargeld<\/strong> oder <strong>TWINT QR-Code<\/strong> vor Ort verf\u00fcgbar.<\/p><h2>\ud83e\uddc1 Essen &amp; Trinken<\/h2><p>Ein Erfrischungsbereich wird ge\u00f6ffnet sein und Erfrischungen anbieten:<\/p><p>Getr\u00e4nke<\/p><p>Hausgemachte Sandwiches<\/p><p>Nachspeisen<\/p><h2>\ud83d\ude8d Transport<\/h2><p>Der Shuttle-Service wird von der USL organisiert.<br \/>Der Zeitplan wird vor Ort bekannt gegeben.<\/p><h2>\ud83d\udcdc Wichtige Regeln<\/h2><p>Alle Lottokarten sind <strong>gescannt<\/strong> beim Kauf; Sie erhalten eine <em>Kontrollkarte<\/em>.<\/p><p>Ank\u00fcndigungen und Ergebnisse werden vom offiziellen Anrufer gemacht.<\/p><p>Bitte verhalten Sie sich bei Preisausschreiben ruhig.<\/p><h2>\ud83c\udf81 Preise<\/h2><p>Gesamtwert des Preises: <strong>CHF 6'450.-<\/strong><\/p><p>Die Preisverteilung erfolgt nach den offiziellen USL-Regeln.<\/p><\/div>\t\t\t\t\t\t\t\t<\/div>\n\t\t\t\t<\/div>\n\t\t<div class=\"elementor-element elementor-element-643e0ff e-con-full e-flex e-con e-child\" data-id=\"643e0ff\" data-element_type=\"container\" data-e-type=\"container\">\n\t\t\t\t<\/div>\n\t\t\t\t\t<\/div>\n\t\t\t\t<\/div>\n\t\t<div class=\"elementor-element elementor-element-993c0c9 e-flex e-con-boxed e-con e-parent\" data-id=\"993c0c9\" data-element_type=\"container\" data-e-type=\"container\">\n\t\t\t\t\t<div class=\"e-con-inner\">\n\t\t\t\t<div class=\"elementor-element elementor-element-6981f36 elementor-widget elementor-widget-spacer\" data-id=\"6981f36\" data-element_type=\"widget\" data-e-type=\"widget\" data-widget_type=\"spacer.default\">\n\t\t\t\t\t\t\t<div class=\"elementor-spacer\">\n\t\t\t<div class=\"elementor-spacer-inner\"><\/div>\n\t\t<\/div>\n\t\t\t\t\t\t<\/div>\n\t\t\t\t\t<\/div>\n\t\t\t\t<\/div>\n\t\t<div class=\"elementor-element elementor-element-9014441 e-flex e-con-boxed elementor-invisible e-con e-parent\" data-id=\"9014441\" data-element_type=\"container\" data-e-type=\"container\" data-settings=\"{&quot;animation&quot;:&quot;headShake&quot;,&quot;animation_delay&quot;:800,&quot;background_background&quot;:&quot;classic&quot;}\">\n\t\t\t\t\t<div class=\"e-con-inner\">\n\t\t\t\t<div class=\"elementor-element elementor-element-69d3972 elementor-widget elementor-widget-heading\" data-id=\"69d3972\" data-element_type=\"widget\" data-e-type=\"widget\" data-widget_type=\"heading.default\">\n\t\t\t\t\t<h2 class=\"elementor-heading-title elementor-size-default\">UNTERST\u00dcTZEN SIE UNSEREN VEREIN<\/h2>\t\t\t\t<\/div>\n\t\t\t\t\t<\/div>\n\t\t\t\t<\/div>\n\t\t<div class=\"elementor-element elementor-element-1268c7f e-flex e-con-boxed elementor-invisible e-con e-parent\" data-id=\"1268c7f\" data-element_type=\"container\" data-e-type=\"container\" data-settings=\"{&quot;animation&quot;:&quot;headShake&quot;,&quot;animation_delay&quot;:800,&quot;background_background&quot;:&quot;classic&quot;}\">\n\t\t\t\t\t<div class=\"e-con-inner\">\n\t\t<div class=\"elementor-element elementor-element-bf4194b e-grid e-con-full e-con e-child\" data-id=\"bf4194b\" data-element_type=\"container\" data-e-type=\"container\" data-settings=\"{&quot;background_background&quot;:&quot;classic&quot;}\">\n\t\t<div data-eael-wrapper-link=\"{&quot;url&quot;:&quot;https:\\\/\\\/myecobestfriend.com\\\/contact-us\\\/&quot;,&quot;is_external&quot;:&quot;&quot;,&quot;nofollow&quot;:&quot;&quot;}\" class=\"eael-non-traditional-link elementor-element elementor-element-301c319 e-con-full e-flex e-con e-child\" data-id=\"301c319\" data-element_type=\"container\" data-e-type=\"container\">\n\t\t<div class=\"elementor-element elementor-element-54787bb e-con-full e-flex e-con e-child\" data-id=\"54787bb\" data-element_type=\"container\" data-e-type=\"container\" data-settings=\"{&quot;background_background&quot;:&quot;classic&quot;}\">\n\t\t\t\t<div class=\"elementor-element elementor-element-1c6fc2f elementor-widget elementor-widget-image\" data-id=\"1c6fc2f\" data-element_type=\"widget\" data-e-type=\"widget\" data-widget_type=\"image.default\">\n\t\t\t\t\t\t\t\t\t\t\t\t\t\t\t<img decoding=\"async\" src=\"https:\/\/myecobestfriend.com\/wp-content\/uploads\/elementor\/thumbs\/Mask-group-r5h0v6pwlbc3gp1kt0a50svse3ae9669qsyht5xrg6.png\" title=\"Maskengruppe\" alt=\"Coeur-Ikone\" loading=\"lazy\" \/>\t\t\t\t\t\t\t\t\t\t\t\t\t\t\t<\/div>\n\t\t\t\t<div class=\"elementor-element elementor-element-7337d47 elementor-widget__width-inherit elementor-widget elementor-widget-text-editor\" data-id=\"7337d47\" data-element_type=\"widget\" data-e-type=\"widget\" data-widget_type=\"text-editor.default\">\n\t\t\t\t\t\t\t\t\tEhrenamtlich werden\t\t\t\t\t\t\t\t<\/div>\n\t\t\t\t<\/div>\n\t\t\t\t<\/div>\n\t\t<div data-eael-wrapper-link=\"{&quot;url&quot;:&quot;https:\\\/\\\/myecobestfriend.com\\\/contact-us\\\/&quot;,&quot;is_external&quot;:&quot;&quot;,&quot;nofollow&quot;:&quot;&quot;}\" class=\"eael-non-traditional-link elementor-element elementor-element-873825d e-con-full e-flex e-con e-child\" data-id=\"873825d\" data-element_type=\"container\" data-e-type=\"container\">\n\t\t<div class=\"elementor-element elementor-element-956de2c e-con-full e-flex e-con e-child\" data-id=\"956de2c\" data-element_type=\"container\" data-e-type=\"container\" data-settings=\"{&quot;background_background&quot;:&quot;classic&quot;}\">\n\t\t\t\t<div class=\"elementor-element elementor-element-55b2d88 elementor-widget elementor-widget-image\" data-id=\"55b2d88\" data-element_type=\"widget\" data-e-type=\"widget\" data-widget_type=\"image.default\">\n\t\t\t\t\t\t\t\t\t\t\t\t\t\t\t<img decoding=\"async\" src=\"https:\/\/myecobestfriend.com\/wp-content\/uploads\/elementor\/thumbs\/become-r5ij21t31nx5tdb04s20j0b90lqau3ytmokk4jdfee.png\" title=\"werden.\" alt=\"icono Mitglied myecobest friend\" loading=\"lazy\" \/>\t\t\t\t\t\t\t\t\t\t\t\t\t\t\t<\/div>\n\t\t\t\t<div class=\"elementor-element elementor-element-42b0f30 elementor-widget__width-inherit elementor-widget elementor-widget-text-editor\" data-id=\"42b0f30\" data-element_type=\"widget\" data-e-type=\"widget\" data-widget_type=\"text-editor.default\">\n\t\t\t\t\t\t\t\t\tMitglied werden\t\t\t\t\t\t\t\t<\/div>\n\t\t\t\t<\/div>\n\t\t\t\t<\/div>\n\t\t<div data-eael-wrapper-link=\"{&quot;url&quot;:&quot;https:\\\/\\\/myecobestfriend.com\\\/all-our-sponsors\\\/&quot;,&quot;is_external&quot;:&quot;&quot;,&quot;nofollow&quot;:&quot;&quot;}\" class=\"eael-non-traditional-link elementor-element elementor-element-af01c77 e-con-full e-flex e-con e-child\" data-id=\"af01c77\" data-element_type=\"container\" data-e-type=\"container\">\n\t\t<div class=\"elementor-element elementor-element-028755d e-con-full e-flex e-con e-child\" data-id=\"028755d\" data-element_type=\"container\" data-e-type=\"container\" data-settings=\"{&quot;background_background&quot;:&quot;classic&quot;}\">\n\t\t\t\t<div class=\"elementor-element elementor-element-6a0bc58 elementor-widget elementor-widget-image\" data-id=\"6a0bc58\" data-element_type=\"widget\" data-e-type=\"widget\" data-widget_type=\"image.default\">\n\t\t\t\t\t\t\t\t\t\t\t\t\t\t\t<img decoding=\"async\" src=\"https:\/\/myecobestfriend.com\/wp-content\/uploads\/elementor\/thumbs\/sponsor-r5ij383tl7j2btlk9sc857mzqxxtghmqshxepzmpme.png\" title=\"Sponsor\" alt=\"Icono sponsert meinen besten Umweltfreund\" loading=\"lazy\" \/>\t\t\t\t\t\t\t\t\t\t\t\t\t\t\t<\/div>\n\t\t\t\t<div class=\"elementor-element elementor-element-dfc6c96 elementor-widget__width-inherit elementor-widget elementor-widget-text-editor\" data-id=\"dfc6c96\" data-element_type=\"widget\" data-e-type=\"widget\" data-widget_type=\"text-editor.default\">\n\t\t\t\t\t\t\t\t\tSponsern Sie uns\t\t\t\t\t\t\t\t<\/div>\n\t\t\t\t<\/div>\n\t\t\t\t<\/div>\n\t\t<div data-eael-wrapper-link=\"{&quot;url&quot;:&quot;https:\\\/\\\/myecobestfriend.com\\\/contact-us\\\/&quot;,&quot;is_external&quot;:&quot;&quot;,&quot;nofollow&quot;:&quot;&quot;}\" class=\"eael-non-traditional-link elementor-element elementor-element-61006fa e-con-full e-flex e-con e-child\" data-id=\"61006fa\" data-element_type=\"container\" data-e-type=\"container\">\n\t\t<div class=\"elementor-element elementor-element-6135cfb e-con-full e-flex e-con e-child\" data-id=\"6135cfb\" data-element_type=\"container\" data-e-type=\"container\" data-settings=\"{&quot;background_background&quot;:&quot;classic&quot;}\">\n\t\t\t\t<div class=\"elementor-element elementor-element-a0da934 elementor-widget elementor-widget-image\" data-id=\"a0da934\" data-element_type=\"widget\" data-e-type=\"widget\" data-widget_type=\"image.default\">\n\t\t\t\t\t\t\t\t\t\t\t\t\t\t\t<img decoding=\"async\" src=\"https:\/\/myecobestfriend.com\/wp-content\/uploads\/elementor\/thumbs\/Collaborate-r5ij4eek4r4yu9w4esmfreyqha5c2vanyba9bfvzue.png\" title=\"Zusammenarbeiten\" alt=\"Icono kollaboriert mit meinem besten \u00d6ko-Freund\" loading=\"lazy\" \/>\t\t\t\t\t\t\t\t\t\t\t\t\t\t\t<\/div>\n\t\t\t\t<div class=\"elementor-element elementor-element-7c58e37 elementor-widget__width-inherit elementor-widget elementor-widget-text-editor\" data-id=\"7c58e37\" data-element_type=\"widget\" data-e-type=\"widget\" data-widget_type=\"text-editor.default\">\n\t\t\t\t\t\t\t\t\tArbeiten Sie mit uns zusammen!\t\t\t\t\t\t\t\t<\/div>\n\t\t\t\t<\/div>\n\t\t\t\t<\/div>\n\t\t<div data-eael-wrapper-link=\"{&quot;url&quot;:&quot;https:\\\/\\\/myecobestfriend.com\\\/contact-us\\\/&quot;,&quot;is_external&quot;:&quot;&quot;,&quot;nofollow&quot;:&quot;&quot;}\" class=\"eael-non-traditional-link elementor-element elementor-element-4b9af72 e-con-full e-flex e-con e-child\" data-id=\"4b9af72\" data-element_type=\"container\" data-e-type=\"container\">\n\t\t<div class=\"elementor-element elementor-element-49adcef e-con-full e-flex e-con e-child\" data-id=\"49adcef\" data-element_type=\"container\" data-e-type=\"container\" data-settings=\"{&quot;background_background&quot;:&quot;classic&quot;}\">\n\t\t\t\t<div class=\"elementor-element elementor-element-eb235fd elementor-widget elementor-widget-image\" data-id=\"eb235fd\" data-element_type=\"widget\" data-e-type=\"widget\" data-widget_type=\"image.default\">\n\t\t\t\t\t\t\t\t\t\t\t\t\t\t\t<img decoding=\"async\" src=\"https:\/\/myecobestfriend.com\/wp-content\/uploads\/elementor\/thumbs\/help-r5ij5d6l5mgkruhlrpnmto6sgjdwzo4qf3f82ogfg6.png\" title=\"Hilfe\" alt=\"Hilfe\" loading=\"lazy\" \/>\t\t\t\t\t\t\t\t\t\t\t\t\t\t\t<\/div>\n\t\t\t\t<div class=\"elementor-element elementor-element-345d592 elementor-widget__width-inherit elementor-widget elementor-widget-text-editor\" data-id=\"345d592\" data-element_type=\"widget\" data-e-type=\"widget\" data-widget_type=\"text-editor.default\">\n\t\t\t\t\t\t\t\t\tHelfen Sie uns beim Aufbau unseres Waldes!\t\t\t\t\t\t\t\t<\/div>\n\t\t\t\t<\/div>\n\t\t\t\t<\/div>\n\t\t<div data-eael-wrapper-link=\"{&quot;url&quot;:&quot;https:\\\/\\\/myecobestfriend.com\\\/contact-us\\\/&quot;,&quot;is_external&quot;:&quot;&quot;,&quot;nofollow&quot;:&quot;&quot;}\" class=\"eael-non-traditional-link elementor-element elementor-element-65172f7 e-con-full e-flex e-con e-child\" data-id=\"65172f7\" data-element_type=\"container\" data-e-type=\"container\">\n\t\t<div class=\"elementor-element elementor-element-d4ab1d0 e-con-full e-flex e-con e-child\" data-id=\"d4ab1d0\" data-element_type=\"container\" data-e-type=\"container\" data-settings=\"{&quot;background_background&quot;:&quot;classic&quot;}\">\n\t\t\t\t<div class=\"elementor-element elementor-element-4126e9e elementor-widget elementor-widget-image\" data-id=\"4126e9e\" data-element_type=\"widget\" data-e-type=\"widget\" data-widget_type=\"image.default\">\n\t\t\t\t\t\t\t\t\t\t\t\t\t\t\t<img decoding=\"async\" src=\"https:\/\/myecobestfriend.com\/wp-content\/uploads\/elementor\/thumbs\/Participate-r5ij6duak5urcn0ctni30wxrmkd8bv69k4v5sgy2pi.png\" title=\"Teilnehmen\" alt=\"ICONO MENSCHEN BETEILIGEN SICH MIT MYECOBESTFRIEND.COM\" loading=\"lazy\" \/>\t\t\t\t\t\t\t\t\t\t\t\t\t\t\t<\/div>\n\t\t\t\t<div class=\"elementor-element elementor-element-d4796c8 elementor-widget__width-inherit elementor-widget elementor-widget-text-editor\" data-id=\"d4796c8\" data-element_type=\"widget\" data-e-type=\"widget\" data-widget_type=\"text-editor.default\">\n\t\t\t\t\t\t\t\t\tNehmen Sie an unseren Veranstaltungen teil\t\t\t\t\t\t\t\t<\/div>\n\t\t\t\t<\/div>\n\t\t\t\t<\/div>\n\t\t\t\t<\/div>\n\t\t\t\t\t<\/div>\n\t\t\t\t<\/div>\n\t\t<div class=\"elementor-element elementor-element-2e55929 e-flex e-con-boxed e-con e-parent\" data-id=\"2e55929\" data-element_type=\"container\" data-e-type=\"container\">\n\t\t\t\t\t<div class=\"e-con-inner\">\n\t\t\t\t<div class=\"elementor-element elementor-element-cde5c5f elementor-widget elementor-widget-spacer\" data-id=\"cde5c5f\" data-element_type=\"widget\" data-e-type=\"widget\" data-widget_type=\"spacer.default\">\n\t\t\t\t\t\t\t<div class=\"elementor-spacer\">\n\t\t\t<div class=\"elementor-spacer-inner\"><\/div>\n\t\t<\/div>\n\t\t\t\t\t\t<\/div>\n\t\t\t\t\t<\/div>\n\t\t\t\t<\/div>\n\t\t\t\t<\/div>","protected":false},"excerpt":{"rendered":"<p>Information for Participants \u2013 Loto on April 17 in Estavayer \ud83d\udccd Location: Salle de la Prillaz, Estavayer\ud83d\udcc5 Date: Friday, April 17\ud83d\udd62 Schedule: Doors open: 6:30 PM Loto starts: 7:30 PM sharp Estimated end: around 10:30\u201311:00 PM \ud83c\udfae How the Loto Works 25 game series. Prizes per series: Quine: CHF 50.\u2013 Double Quine: CHF 70.\u2013 Full [&hellip;]<\/p>\n","protected":false},"author":1,"featured_media":0,"parent":0,"menu_order":0,"comment_status":"closed","ping_status":"closed","template":"","meta":{"_acf_changed":false,"footnotes":""},"tags":[],"class_list":["post-75021","page","type-page","status-publish","hentry"],"acf":[],"_links":{"self":[{"href":"https:\/\/myecobestfriend.com\/de\/wp-json\/wp\/v2\/pages\/75021","targetHints":{"allow":["GET"]}}],"collection":[{"href":"https:\/\/myecobestfriend.com\/de\/wp-json\/wp\/v2\/pages"}],"about":[{"href":"https:\/\/myecobestfriend.com\/de\/wp-json\/wp\/v2\/types\/page"}],"author":[{"embeddable":true,"href":"https:\/\/myecobestfriend.com\/de\/wp-json\/wp\/v2\/users\/1"}],"replies":[{"embeddable":true,"href":"https:\/\/myecobestfriend.com\/de\/wp-json\/wp\/v2\/comments?post=75021"}],"version-history":[{"count":5,"href":"https:\/\/myecobestfriend.com\/de\/wp-json\/wp\/v2\/pages\/75021\/revisions"}],"predecessor-version":[{"id":75028,"href":"https:\/\/myecobestfriend.com\/de\/wp-json\/wp\/v2\/pages\/75021\/revisions\/75028"}],"wp:attachment":[{"href":"https:\/\/myecobestfriend.com\/de\/wp-json\/wp\/v2\/media?parent=75021"}],"wp:term":[{"taxonomy":"post_tag","embeddable":true,"href":"https:\/\/myecobestfriend.com\/de\/wp-json\/wp\/v2\/tags?post=75021"}],"curies":[{"name":"wp","href":"https:\/\/api.w.org\/{rel}","templated":true}]}}