  


{"id":56833,"date":"2024-11-12T14:42:56","date_gmt":"2024-11-12T13:42:56","guid":{"rendered":"https:\/\/myecobestfriend.com\/?post_type=product&#038;p=56833"},"modified":"2025-04-24T11:13:44","modified_gmt":"2025-04-24T09:13:44","slug":"book-for-children-the-adventures-of-the-mon-eco-pote-team","status":"publish","type":"product","link":"https:\/\/myecobestfriend.com\/de\/product\/book-for-children-the-adventures-of-the-mon-eco-pote-team\/","title":{"rendered":"Buch f\u00fcr Kinder - Die Abenteuer des Teams von Mon Eco Pote:"},"content":{"rendered":"<div id=\"contact\" class=\"elementor-element elementor-element-1f64b75 elementor-view-default elementor-position-top elementor-mobile-position-top elementor-widget elementor-widget-icon-box\" data-id=\"1f64b75\" data-element_type=\"widget\" data-widget_type=\"icon-box.default\">\n<div class=\"elementor-widget-container\">\n<div class=\"elementor-icon-box-wrapper\">\n<div class=\"elementor-icon-box-content\">\n<p class=\"elementor-icon-box-description\">Die Abenteuer des Teams von Mon Eco Pote: Ein Buch, das kleine \u00d6kologen weckt<\/p>\n<\/div>\n<\/div>\n<\/div>\n<\/div>\n<div class=\"elementor-element elementor-element-3a7865e elementor-widget elementor-widget-text-editor\" data-id=\"3a7865e\" data-element_type=\"widget\" data-widget_type=\"text-editor.default\">\n<div class=\"elementor-widget-container\">\n<p>Entdecken Sie Froggy, den Frosch-Superhelden, der in den Tiefen der Grande Caricaie am Ufer des Neuenburgersees in der N\u00e4he von Estavayer lebt. Dieser au\u00dfergew\u00f6hnliche Frosch mit seiner gr\u00fcnen Haut und seinen funkelnden Augen hat ein Herz so gro\u00df wie der See selbst. Zusammen mit seinem Team von Umweltsch\u00fctzern begibt sich Froggy auf eine noble Mission: die Natur zu sch\u00fctzen und alle Tiere in Not zu retten. Mit ihren spannenden Abenteuern in der sch\u00f6nen Schweizer Landschaft unterh\u00e4lt dieses Buch nicht nur, sondern erzieht und inspiriert die Kinder dazu, H\u00fcter unseres kostbaren Planeten zu werden.<br \/>\nSchenken Sie mehr als nur ein Buch: Schenken Sie einen Reisepass f\u00fcr eine gr\u00fcnere Zukunft!<\/p>\n<\/div>\n<\/div>","protected":false},"excerpt":{"rendered":"<p>Die Abenteuer des Teams von Mon Eco Pote: Ein Buch, das kleine \u00d6kologen weckt<\/p>","protected":false},"featured_media":56713,"comment_status":"open","ping_status":"closed","template":"","meta":{"_acf_changed":false},"product_brand":[],"product_cat":[92],"product_tag":[101],"class_list":{"0":"post-56833","1":"product","2":"type-product","3":"status-publish","4":"has-post-thumbnail","6":"product_cat-book","7":"product_tag-book","8":"product_shipping_class-parcel-up-to-2kg","10":"first","11":"instock","12":"shipping-taxable","13":"purchasable","14":"product-type-simple"},"acf":[],"_links":{"self":[{"href":"https:\/\/myecobestfriend.com\/de\/wp-json\/wp\/v2\/product\/56833","targetHints":{"allow":["GET"]}}],"collection":[{"href":"https:\/\/myecobestfriend.com\/de\/wp-json\/wp\/v2\/product"}],"about":[{"href":"https:\/\/myecobestfriend.com\/de\/wp-json\/wp\/v2\/types\/product"}],"replies":[{"embeddable":true,"href":"https:\/\/myecobestfriend.com\/de\/wp-json\/wp\/v2\/comments?post=56833"}],"version-history":[{"count":1,"href":"https:\/\/myecobestfriend.com\/de\/wp-json\/wp\/v2\/product\/56833\/revisions"}],"predecessor-version":[{"id":56834,"href":"https:\/\/myecobestfriend.com\/de\/wp-json\/wp\/v2\/product\/56833\/revisions\/56834"}],"wp:featuredmedia":[{"embeddable":true,"href":"https:\/\/myecobestfriend.com\/de\/wp-json\/wp\/v2\/media\/56713"}],"wp:attachment":[{"href":"https:\/\/myecobestfriend.com\/de\/wp-json\/wp\/v2\/media?parent=56833"}],"wp:term":[{"taxonomy":"product_brand","embeddable":true,"href":"https:\/\/myecobestfriend.com\/de\/wp-json\/wp\/v2\/product_brand?post=56833"},{"taxonomy":"product_cat","embeddable":true,"href":"https:\/\/myecobestfriend.com\/de\/wp-json\/wp\/v2\/product_cat?post=56833"},{"taxonomy":"product_tag","embeddable":true,"href":"https:\/\/myecobestfriend.com\/de\/wp-json\/wp\/v2\/product_tag?post=56833"}],"curies":[{"name":"wp","href":"https:\/\/api.w.org\/{rel}","templated":true}]}}