  


{"id":56839,"date":"2024-11-12T14:56:18","date_gmt":"2024-11-12T13:56:18","guid":{"rendered":"https:\/\/myecobestfriend.com\/?post_type=product&#038;p=56839"},"modified":"2025-04-24T11:13:26","modified_gmt":"2025-04-24T09:13:26","slug":"einen-baum-pflanzen-und-fur-unsere-walder-sorgen","status":"publish","type":"product","link":"https:\/\/myecobestfriend.com\/de\/product\/plant-a-tree-look-after-our-forests\/","title":{"rendered":"Pflanzen Sie einen Baum, sch\u00fctzen Sie unsere W\u00e4lder"},"content":{"rendered":"<p>Schenken Sie ein Geschenk, das die Zukunft wachsen l\u00e4sst: einen Gutschein zum Pflanzen eines Baumes. Mit dieser einfachen, aber wirkungsvollen Geste leisten Sie einen Beitrag zur Wiederaufforstung und zum Erhalt der \u00d6kosysteme. Jeder gepflanzte Baum hilft, CO2 zu absorbieren, die Artenvielfalt zu f\u00f6rdern und den Boden zu regenerieren. Das ist ein konkreter, nachhaltiger Beitrag zum Kampf gegen den Klimawandel. Mit diesem Gutschein schenken Sie mehr als nur einen Baum: Sie schenken unserem Planeten ein neues Leben.<\/p>","protected":false},"excerpt":{"rendered":"<p>Spenden Sie &amp; wir pflanzen einen Baum f\u00fcr Sie in der Schweiz!<\/p>","protected":false},"featured_media":56244,"comment_status":"open","ping_status":"closed","template":"","meta":{"_acf_changed":false},"product_brand":[],"product_cat":[118],"product_tag":[117],"class_list":{"0":"post-56839","1":"product","2":"type-product","3":"status-publish","4":"has-post-thumbnail","6":"product_cat-plants-herbs","7":"product_tag-plants-herbs","9":"first","10":"instock","11":"virtual","12":"purchasable","13":"product-type-simple"},"acf":[],"_links":{"self":[{"href":"https:\/\/myecobestfriend.com\/de\/wp-json\/wp\/v2\/product\/56839","targetHints":{"allow":["GET"]}}],"collection":[{"href":"https:\/\/myecobestfriend.com\/de\/wp-json\/wp\/v2\/product"}],"about":[{"href":"https:\/\/myecobestfriend.com\/de\/wp-json\/wp\/v2\/types\/product"}],"replies":[{"embeddable":true,"href":"https:\/\/myecobestfriend.com\/de\/wp-json\/wp\/v2\/comments?post=56839"}],"version-history":[{"count":1,"href":"https:\/\/myecobestfriend.com\/de\/wp-json\/wp\/v2\/product\/56839\/revisions"}],"predecessor-version":[{"id":56840,"href":"https:\/\/myecobestfriend.com\/de\/wp-json\/wp\/v2\/product\/56839\/revisions\/56840"}],"wp:featuredmedia":[{"embeddable":true,"href":"https:\/\/myecobestfriend.com\/de\/wp-json\/wp\/v2\/media\/56244"}],"wp:attachment":[{"href":"https:\/\/myecobestfriend.com\/de\/wp-json\/wp\/v2\/media?parent=56839"}],"wp:term":[{"taxonomy":"product_brand","embeddable":true,"href":"https:\/\/myecobestfriend.com\/de\/wp-json\/wp\/v2\/product_brand?post=56839"},{"taxonomy":"product_cat","embeddable":true,"href":"https:\/\/myecobestfriend.com\/de\/wp-json\/wp\/v2\/product_cat?post=56839"},{"taxonomy":"product_tag","embeddable":true,"href":"https:\/\/myecobestfriend.com\/de\/wp-json\/wp\/v2\/product_tag?post=56839"}],"curies":[{"name":"wp","href":"https:\/\/api.w.org\/{rel}","templated":true}]}}