  


{"id":56878,"date":"2024-11-12T17:17:16","date_gmt":"2024-11-12T16:17:16","guid":{"rendered":"https:\/\/myecobestfriend.com\/?post_type=product&#038;p=56878"},"modified":"2025-04-24T10:43:23","modified_gmt":"2025-04-24T08:43:23","slug":"nachhaltiger-kochunterricht","status":"publish","type":"product","link":"https:\/\/myecobestfriend.com\/de\/product\/sustainable-cooking-lesson\/","title":{"rendered":"Nachhaltiger Kochkurs"},"content":{"rendered":"<p>Bieten Sie die schmackhafte Erfahrung eines nachhaltigen Kochkurses und nehmen Sie Ihre Familie und Freunde mit auf ein kulinarisches Abenteuer, das gut f\u00fcr den Planeten ist! Unsere Gourmet-Workshops sind eine echte Revolution auf dem Teller: Lernen Sie, wie Sie k\u00f6stliche Gerichte zubereiten und gleichzeitig Ihren \u00f6kologischen Fu\u00dfabdruck verringern k\u00f6nnen.<\/p>\n<p>Entdecken Sie die Geheimnisse der Null-Eile-K\u00fcche, erkunden Sie die Sch\u00e4tze lokaler und saisonaler Produkte und beherrschen Sie die Kunst des nachhaltigen Kochens, ohne Kompromisse beim Geschmack einzugehen. Egal, ob Sie ein angehender Cordon-Bleu-Koch oder ein neugieriger Gourmet sind, dieses Geschenk verspricht eine k\u00f6stliche und lohnende Erfahrung zu werden.<\/p>","protected":false},"excerpt":{"rendered":"<p><strong>Werden Sie ein umweltbewusster K\u00fcchenchef<\/strong><\/p>","protected":false},"featured_media":56633,"comment_status":"open","ping_status":"closed","template":"","meta":{"_acf_changed":false},"product_brand":[],"product_cat":[133],"product_tag":[134],"class_list":{"0":"post-56878","1":"product","2":"type-product","3":"status-publish","4":"has-post-thumbnail","6":"product_cat-training-education","7":"product_tag-training-education","9":"first","10":"instock","11":"virtual","12":"purchasable","13":"product-type-simple"},"acf":[],"_links":{"self":[{"href":"https:\/\/myecobestfriend.com\/de\/wp-json\/wp\/v2\/product\/56878","targetHints":{"allow":["GET"]}}],"collection":[{"href":"https:\/\/myecobestfriend.com\/de\/wp-json\/wp\/v2\/product"}],"about":[{"href":"https:\/\/myecobestfriend.com\/de\/wp-json\/wp\/v2\/types\/product"}],"replies":[{"embeddable":true,"href":"https:\/\/myecobestfriend.com\/de\/wp-json\/wp\/v2\/comments?post=56878"}],"version-history":[{"count":1,"href":"https:\/\/myecobestfriend.com\/de\/wp-json\/wp\/v2\/product\/56878\/revisions"}],"predecessor-version":[{"id":56879,"href":"https:\/\/myecobestfriend.com\/de\/wp-json\/wp\/v2\/product\/56878\/revisions\/56879"}],"wp:featuredmedia":[{"embeddable":true,"href":"https:\/\/myecobestfriend.com\/de\/wp-json\/wp\/v2\/media\/56633"}],"wp:attachment":[{"href":"https:\/\/myecobestfriend.com\/de\/wp-json\/wp\/v2\/media?parent=56878"}],"wp:term":[{"taxonomy":"product_brand","embeddable":true,"href":"https:\/\/myecobestfriend.com\/de\/wp-json\/wp\/v2\/product_brand?post=56878"},{"taxonomy":"product_cat","embeddable":true,"href":"https:\/\/myecobestfriend.com\/de\/wp-json\/wp\/v2\/product_cat?post=56878"},{"taxonomy":"product_tag","embeddable":true,"href":"https:\/\/myecobestfriend.com\/de\/wp-json\/wp\/v2\/product_tag?post=56878"}],"curies":[{"name":"wp","href":"https:\/\/api.w.org\/{rel}","templated":true}]}}