  


{"id":73162,"date":"2026-01-14T15:00:37","date_gmt":"2026-01-14T14:00:37","guid":{"rendered":"https:\/\/myecobestfriend.com\/?post_type=product&#038;p=73162"},"modified":"2026-01-14T15:02:40","modified_gmt":"2026-01-14T14:02:40","slug":"book-for-children-luca-the-frog","status":"publish","type":"product","link":"https:\/\/myecobestfriend.com\/de\/product\/book-for-children-luca-the-frog\/","title":{"rendered":"Buch f\u00fcr Kinder - Luca der Frosch!"},"content":{"rendered":"<div id=\"contact\" class=\"elementor-element elementor-element-1f64b75 elementor-view-default elementor-position-top elementor-mobile-position-top elementor-widget elementor-widget-icon-box\" data-id=\"1f64b75\" data-element_type=\"widget\" data-widget_type=\"icon-box.default\">\n<div class=\"elementor-widget-container\">\n<div class=\"elementor-icon-box-wrapper\">\n<div class=\"elementor-icon-box-content\">\n<p>\u201cLuca der Frosch und die Rebellion der Kinder\u201d ist ein soziales Buch, das aus dem Wunsch heraus entstanden ist, Kinder - und Erwachsene - f\u00fcr \u00d6kologie und nachhaltige Entwicklung zu sensibilisieren. Das Projekt, das im Rahmen des Schweizer Vereins Mon Eco Pote entstanden ist, wurde durch den Sohn des Gr\u00fcnders, Luca, inspiriert, dessen Neugierde und Liebe zur Natur die treibenden Kr\u00e4fte waren. Mit den Abenteuern von Luca, dem Frosch, l\u00e4dt das Buch die Leser zum Nachdenken, Hoffen und Handeln f\u00fcr eine umweltfreundlichere Zukunft ein. Es w\u00fcrdigt die Freiwilligen, die zu seiner Entstehung beigetragen haben, und bekr\u00e4ftigt, dass \u00d6kologie Freude machen und verbinden kann. Dieses Buch ist ein Keim der Hoffnung, ein p\u00e4dagogisches Instrument und ein Versprechen an die Kinder: nie aufzuh\u00f6ren, an eine bessere Welt zu glauben.<\/p>\n<\/div>\n<\/div>\n<\/div>\n<\/div>","protected":false},"excerpt":{"rendered":"<p>Die Abenteuer des Teams von Mon Eco Pote: Ein Buch, das kleine \u00d6kologen weckt<\/p>","protected":false},"featured_media":0,"comment_status":"open","ping_status":"closed","template":"","meta":{"_acf_changed":false},"product_brand":[],"product_cat":[92],"product_tag":[101],"class_list":{"0":"post-73162","1":"product","2":"type-product","3":"status-publish","5":"product_cat-book","6":"product_tag-book","7":"product_shipping_class-parcel-up-to-2kg","9":"first","10":"instock","11":"shipping-taxable","12":"purchasable","13":"product-type-simple"},"acf":[],"_links":{"self":[{"href":"https:\/\/myecobestfriend.com\/de\/wp-json\/wp\/v2\/product\/73162","targetHints":{"allow":["GET"]}}],"collection":[{"href":"https:\/\/myecobestfriend.com\/de\/wp-json\/wp\/v2\/product"}],"about":[{"href":"https:\/\/myecobestfriend.com\/de\/wp-json\/wp\/v2\/types\/product"}],"replies":[{"embeddable":true,"href":"https:\/\/myecobestfriend.com\/de\/wp-json\/wp\/v2\/comments?post=73162"}],"version-history":[{"count":3,"href":"https:\/\/myecobestfriend.com\/de\/wp-json\/wp\/v2\/product\/73162\/revisions"}],"predecessor-version":[{"id":73166,"href":"https:\/\/myecobestfriend.com\/de\/wp-json\/wp\/v2\/product\/73162\/revisions\/73166"}],"wp:attachment":[{"href":"https:\/\/myecobestfriend.com\/de\/wp-json\/wp\/v2\/media?parent=73162"}],"wp:term":[{"taxonomy":"product_brand","embeddable":true,"href":"https:\/\/myecobestfriend.com\/de\/wp-json\/wp\/v2\/product_brand?post=73162"},{"taxonomy":"product_cat","embeddable":true,"href":"https:\/\/myecobestfriend.com\/de\/wp-json\/wp\/v2\/product_cat?post=73162"},{"taxonomy":"product_tag","embeddable":true,"href":"https:\/\/myecobestfriend.com\/de\/wp-json\/wp\/v2\/product_tag?post=73162"}],"curies":[{"name":"wp","href":"https:\/\/api.w.org\/{rel}","templated":true}]}}