  


{"id":29387,"date":"2022-01-11T08:11:05","date_gmt":"2022-01-11T07:11:05","guid":{"rendered":"https:\/\/myecobestfriend.com\/disclaimer\/"},"modified":"2022-04-09T19:01:24","modified_gmt":"2022-04-09T17:01:24","slug":"clause-de-non-responsabilite","status":"publish","type":"page","link":"https:\/\/myecobestfriend.com\/fr\/disclaimer\/","title":{"rendered":"Avis de non-responsabilit\u00e9"},"content":{"rendered":"<!-- Legal document generated by Complianz | GDPR\/CCPA Cookie Consent https:\/\/wordpress.org\/plugins\/complianz-gdpr -->\n<div id=\"cmplz-document\" class=\"cmplz-document disclaimer cmplz-document-all\"><p>My Eco Best Friend s'engage \u00e0 maintenir ce site web \u00e0 jour en temps et en heure. Si toutefois vous rencontriez un probl\u00e8me ou des donn\u00e9es obsol\u00e8te, nous vous serions reconnaissants de nous le faire savoir. Veuillez indiquer o\u00f9 sur le site web vous lisez les informations incorrectes. Nous examinerons cela d\u00e8s que possible. Veuillez envoyer votre r\u00e9ponse par e-mail \u00e0 : <span class=\"cmplz-obfuscate\">contact@<span class=\"cmplz-fmail-domain\">ex.com<\/span>mye&#099;o&#098;e&#115;tfr&#105;end.&#099;om<\/span>.<\/p><p>Nous ne sommes pas responsables des pertes r\u00e9sultant d'inexactitudes ou de lacunes, ni des pertes r\u00e9sultant de probl\u00e8mes caus\u00e9s par ou inh\u00e9rents \u00e0 la diffusion d'informations par Internet, tels que des perturbations ou des interruptions. Lors de l'utilisation de formulaires Web, nous nous effor\u00e7ons de limiter le nombre de champs obligatoires au minimum. Pour toute perte subie \u00e0 la suite de l'utilisation de donn\u00e9es, de conseils ou d'id\u00e9es fournis par ou au nom de My Eco Best Friend via ce site web, My Eco Best Friend n'assume aucune responsabilit\u00e9.<\/p><p>L'utilisation du site web et de tous ses composants (y compris les forums) est soumise aux <a href=\"https:\/\/myecobestfriend.com\/fr\/tous-les-termes-et-conditions\/\" target=\"_blank\">conditions d'utilisation<\/a>. La simple utilisation de ce site Web implique la connaissance et l'acceptation des pr\u00e9sentes conditions d'utilisation.<\/p><p>Les r\u00e9ponses et les demandes de renseignements personnelles soumises par e-mail ou \u00e0 l'aide d'un formulaire web seront trait\u00e9es de la m\u00eame mani\u00e8re que les lettres. Cela signifie que vous pouvez attendre une r\u00e9ponse de notre part dans un d\u00e9lai d'un mois au plus tard. En cas de demandes complexes, nous vous informerons dans un d\u00e9lai d'un mois si nous avons besoin d'un d\u00e9lai maximum de 3 mois.<\/p><p>Toutes les donn\u00e9es personnelles que vous nous fournissez dans le cadre de votre r\u00e9ponse ou de votre demande d'informations ne seront utilis\u00e9es que conform\u00e9ment \u00e0 notre d\u00e9claration de confidentialit\u00e9.<\/p><p>My Eco Best Friend doit faire tous les efforts possibles pour prot\u00e9ger ses syst\u00e8mes contre toute forme d'utilisation illicite. Mon Meilleur Ami Eco doit mettre en \u0153uvre les mesures techniques et organisationnelles appropri\u00e9es \u00e0 cette fin, en tenant compte, entre autres, de l'\u00e9tat de l'art. Toutefois, il ne saurait \u00eatre tenu pour responsable de quelque pr\u00e9judice que ce soit, direct et\/ou indirect, subi par un utilisateur du site web, r\u00e9sultant de l'utilisation ill\u00e9gale de ses syst\u00e8mes par une tierce partie.<\/p><p>My Eco Best Friend d\u00e9cline toute responsabilit\u00e9 quant au contenu des sites web auxquels ou \u00e0 partir desquels un hyperlien ou une autre r\u00e9f\u00e9rence est faite. Les produits ou services offerts par des tierces parties sont soumis aux termes et conditions applicables de ces tierces parties.<\/p><p>Nos employ\u00e9s s'efforcent de garantir l'accessibilit\u00e9 de notre site web et de l'am\u00e9liorer continuellement. Y compris pour les personnes qui utilisent un logiciel sp\u00e9cial en raison d'un handicap.<\/p><p>Tous les droits de propri\u00e9t\u00e9 intellectuelle sur le contenu de ce site web sont d\u00e9tenus par My Eco Best Friend ou par des tierces parties qui ont plac\u00e9 le contenu elles-m\u00eames ou de qui My Eco Best Friend a obtenu une licence d'utilisation.<\/p><p>La copie, la diffusion et toute autre utilisation de ces documents sont interdites sans l'autorisation \u00e9crite de My Eco Best Friend , sauf si et dans la mesure o\u00f9 le stipule une r\u00e9glementation imp\u00e9rative (telle que le droit de citer), sauf indication contraire du contenu.<\/p><p>Si vous avez des questions ou des probl\u00e8mes d'accessibilit\u00e9 du site, n'h\u00e9sitez pas \u00e0 nous contacter.<\/p><\/div>","protected":false},"excerpt":{"rendered":"","protected":false},"author":1,"featured_media":0,"parent":0,"menu_order":0,"comment_status":"closed","ping_status":"closed","template":"","meta":{"_acf_changed":false,"footnotes":""},"tags":[284],"class_list":["post-29387","page","type-page","status-publish","hentry","tag-disclaimer"],"acf":[],"_links":{"self":[{"href":"https:\/\/myecobestfriend.com\/fr\/wp-json\/wp\/v2\/pages\/29387","targetHints":{"allow":["GET"]}}],"collection":[{"href":"https:\/\/myecobestfriend.com\/fr\/wp-json\/wp\/v2\/pages"}],"about":[{"href":"https:\/\/myecobestfriend.com\/fr\/wp-json\/wp\/v2\/types\/page"}],"author":[{"embeddable":true,"href":"https:\/\/myecobestfriend.com\/fr\/wp-json\/wp\/v2\/users\/1"}],"replies":[{"embeddable":true,"href":"https:\/\/myecobestfriend.com\/fr\/wp-json\/wp\/v2\/comments?post=29387"}],"version-history":[{"count":0,"href":"https:\/\/myecobestfriend.com\/fr\/wp-json\/wp\/v2\/pages\/29387\/revisions"}],"wp:attachment":[{"href":"https:\/\/myecobestfriend.com\/fr\/wp-json\/wp\/v2\/media?parent=29387"}],"wp:term":[{"taxonomy":"post_tag","embeddable":true,"href":"https:\/\/myecobestfriend.com\/fr\/wp-json\/wp\/v2\/tags?post=29387"}],"curies":[{"name":"wp","href":"https:\/\/api.w.org\/{rel}","templated":true}]}}