  


{"id":35677,"date":"2022-04-08T16:08:02","date_gmt":"2022-04-08T14:08:02","guid":{"rendered":"https:\/\/myecobestfriend.com\/?page_id=35677"},"modified":"2025-10-09T16:15:55","modified_gmt":"2025-10-09T14:15:55","slug":"toutes-les-protections-des-donnees","status":"publish","type":"page","link":"https:\/\/myecobestfriend.com\/fr\/all-data-protection\/","title":{"rendered":"Tous - Protection des donn\u00e9es"},"content":{"rendered":"<div data-elementor-type=\"wp-post\" data-elementor-id=\"35677\" class=\"elementor elementor-35677\" data-elementor-settings=\"{&quot;element_pack_global_tooltip_width&quot;:{&quot;unit&quot;:&quot;px&quot;,&quot;size&quot;:&quot;&quot;,&quot;sizes&quot;:[]},&quot;element_pack_global_tooltip_width_tablet&quot;:{&quot;unit&quot;:&quot;px&quot;,&quot;size&quot;:&quot;&quot;,&quot;sizes&quot;:[]},&quot;element_pack_global_tooltip_width_mobile&quot;:{&quot;unit&quot;:&quot;px&quot;,&quot;size&quot;:&quot;&quot;,&quot;sizes&quot;:[]},&quot;element_pack_global_tooltip_padding&quot;:{&quot;unit&quot;:&quot;px&quot;,&quot;top&quot;:&quot;&quot;,&quot;right&quot;:&quot;&quot;,&quot;bottom&quot;:&quot;&quot;,&quot;left&quot;:&quot;&quot;,&quot;isLinked&quot;:true},&quot;element_pack_global_tooltip_padding_tablet&quot;:{&quot;unit&quot;:&quot;px&quot;,&quot;top&quot;:&quot;&quot;,&quot;right&quot;:&quot;&quot;,&quot;bottom&quot;:&quot;&quot;,&quot;left&quot;:&quot;&quot;,&quot;isLinked&quot;:true},&quot;element_pack_global_tooltip_padding_mobile&quot;:{&quot;unit&quot;:&quot;px&quot;,&quot;top&quot;:&quot;&quot;,&quot;right&quot;:&quot;&quot;,&quot;bottom&quot;:&quot;&quot;,&quot;left&quot;:&quot;&quot;,&quot;isLinked&quot;:true},&quot;element_pack_global_tooltip_border_radius&quot;:{&quot;unit&quot;:&quot;px&quot;,&quot;top&quot;:&quot;&quot;,&quot;right&quot;:&quot;&quot;,&quot;bottom&quot;:&quot;&quot;,&quot;left&quot;:&quot;&quot;,&quot;isLinked&quot;:true},&quot;element_pack_global_tooltip_border_radius_tablet&quot;:{&quot;unit&quot;:&quot;px&quot;,&quot;top&quot;:&quot;&quot;,&quot;right&quot;:&quot;&quot;,&quot;bottom&quot;:&quot;&quot;,&quot;left&quot;:&quot;&quot;,&quot;isLinked&quot;:true},&quot;element_pack_global_tooltip_border_radius_mobile&quot;:{&quot;unit&quot;:&quot;px&quot;,&quot;top&quot;:&quot;&quot;,&quot;right&quot;:&quot;&quot;,&quot;bottom&quot;:&quot;&quot;,&quot;left&quot;:&quot;&quot;,&quot;isLinked&quot;:true}}\" data-elementor-post-type=\"page\">\n\t\t\t\t\t\t<section class=\"elementor-section elementor-top-section elementor-element elementor-element-2d9aa74 elementor-section-height-min-height elementor-section-boxed elementor-section-height-default elementor-section-items-middle\" data-id=\"2d9aa74\" data-element_type=\"section\" data-e-type=\"section\" data-settings=\"{&quot;background_background&quot;:&quot;classic&quot;}\">\n\t\t\t\t\t\t\t<div class=\"elementor-background-overlay\"><\/div>\n\t\t\t\t\t\t\t<div class=\"elementor-container elementor-column-gap-default\">\n\t\t\t\t\t<div class=\"elementor-column elementor-col-100 elementor-top-column elementor-element elementor-element-506a7ca\" data-id=\"506a7ca\" data-element_type=\"column\" data-e-type=\"column\">\n\t\t\t<div class=\"elementor-widget-wrap\">\n\t\t\t\t\t\t\t<\/div>\n\t\t<\/div>\n\t\t\t\t\t<\/div>\n\t\t<\/section>\n\t\t\t\t<section class=\"elementor-section elementor-top-section elementor-element elementor-element-ac56b61 elementor-section-boxed elementor-section-height-default elementor-section-height-default\" data-id=\"ac56b61\" data-element_type=\"section\" data-e-type=\"section\" data-settings=\"{&quot;background_background&quot;:&quot;classic&quot;}\">\n\t\t\t\t\t\t<div class=\"elementor-container elementor-column-gap-default\">\n\t\t\t\t\t<div class=\"elementor-column elementor-col-100 elementor-top-column elementor-element elementor-element-8577210\" data-id=\"8577210\" data-element_type=\"column\" data-e-type=\"column\">\n\t\t\t<div class=\"elementor-widget-wrap elementor-element-populated\">\n\t\t\t\t\t\t<div class=\"elementor-element elementor-element-2258281 elementor-widget elementor-widget-text-editor\" data-id=\"2258281\" data-element_type=\"widget\" data-e-type=\"widget\" data-widget_type=\"text-editor.default\">\n\t\t\t\t\t\t\t\t\t<p>Politique de protection des donn\u00e9es<\/p>\t\t\t\t\t\t\t\t<\/div>\n\t\t\t\t\t<\/div>\n\t\t<\/div>\n\t\t\t\t\t<\/div>\n\t\t<\/section>\n\t\t\t\t<section class=\"elementor-section elementor-top-section elementor-element elementor-element-783f653c elementor-section-boxed elementor-section-height-default elementor-section-height-default\" data-id=\"783f653c\" data-element_type=\"section\" data-e-type=\"section\" data-settings=\"{&quot;background_background&quot;:&quot;classic&quot;}\">\n\t\t\t\t\t\t<div class=\"elementor-container elementor-column-gap-default\">\n\t\t\t\t\t<div class=\"elementor-column elementor-col-100 elementor-top-column elementor-element elementor-element-1fba9715\" data-id=\"1fba9715\" data-element_type=\"column\" data-e-type=\"column\">\n\t\t\t<div class=\"elementor-widget-wrap elementor-element-populated\">\n\t\t\t\t\t\t<section class=\"elementor-section elementor-inner-section elementor-element elementor-element-40b2bbb5 elementor-section-full_width elementor-section-height-default elementor-section-height-default\" data-id=\"40b2bbb5\" data-element_type=\"section\" data-e-type=\"section\">\n\t\t\t\t\t\t<div class=\"elementor-container elementor-column-gap-no\">\n\t\t\t\t\t<div class=\"elementor-column elementor-col-100 elementor-inner-column elementor-element elementor-element-115bb124\" data-id=\"115bb124\" data-element_type=\"column\" data-e-type=\"column\" data-settings=\"{&quot;background_background&quot;:&quot;classic&quot;}\">\n\t\t\t<div class=\"elementor-widget-wrap elementor-element-populated\">\n\t\t\t\t\t\t<div class=\"elementor-element elementor-element-24b1890 elementor-widget elementor-widget-image\" data-id=\"24b1890\" data-element_type=\"widget\" data-e-type=\"widget\" data-widget_type=\"image.default\">\n\t\t\t\t\t\t\t\t\t\t\t\t\t\t\t<img fetchpriority=\"high\" decoding=\"async\" width=\"612\" height=\"408\" src=\"https:\/\/myecobestfriend.com\/wp-content\/uploads\/2021\/10\/istockphoto-185258639-612x612-1.jpg\" class=\"attachment-full size-full wp-image-19261\" alt=\"\" srcset=\"https:\/\/myecobestfriend.com\/wp-content\/uploads\/2021\/10\/istockphoto-185258639-612x612-1.jpg 612w, https:\/\/myecobestfriend.com\/wp-content\/uploads\/2021\/10\/istockphoto-185258639-612x612-1-600x400.jpg 600w, https:\/\/myecobestfriend.com\/wp-content\/uploads\/2021\/10\/istockphoto-185258639-612x612-1-18x12.jpg 18w, https:\/\/myecobestfriend.com\/wp-content\/uploads\/2021\/10\/istockphoto-185258639-612x612-1-25x17.jpg 25w, https:\/\/myecobestfriend.com\/wp-content\/uploads\/2021\/10\/istockphoto-185258639-612x612-1-100x67.jpg 100w\" sizes=\"(max-width: 612px) 100vw, 612px\" \/>\t\t\t\t\t\t\t\t\t\t\t\t\t\t\t<\/div>\n\t\t\t\t<div class=\"elementor-element elementor-element-e1ba9b7 elementor-widget elementor-widget-text-editor\" data-id=\"e1ba9b7\" data-element_type=\"widget\" data-e-type=\"widget\" data-widget_type=\"text-editor.default\">\n\t\t\t\t\t\t\t\t\t<h1>POLITIQUE DE PROTECTION DES DONN\u00c9ES<\/h1><p>14 avril 2025<\/p><p><strong>Politique de protection des donn\u00e9es personnelles<\/strong><\/p><p><strong>Pr\u00e9ambule<\/strong><\/p><p>Mon Eco Pote est une association qui a pour but d'aider les citoyens et la soci\u00e9t\u00e9 suisse \u00e0 \u00eatre respectueux de l'environnement. Son si\u00e8ge social est situ\u00e9 \u00e0 la Route de Longefont,19, 1475, Autavaux, Suisse. Elle est responsable du traitement effectu\u00e9 lorsque vous naviguez, cr\u00e9ez un compte ou achetez un article sur notre site web, ou lorsque vous utilisez notre plateforme Mon Eco Best Friend.<\/p><p>My Eco Best Friend fait de la protection de la vie priv\u00e9e et des donn\u00e9es personnelles une priorit\u00e9.<\/p><p>Pour vous aider \u00e0 mieux comprendre comment nous traitons vos donn\u00e9es et \u00e0 faire des choix \u00e9clair\u00e9s sur la mani\u00e8re dont nous les utilisons, nous vous invitons \u00e0 lire ce qui suit.<\/p><p>Mon Eco Pote s'engage \u00e0 respecter toutes les obligations qui lui incombent en vertu de la r\u00e9glementation applicable au(x) traitement(s) de donn\u00e9es \u00e0 caract\u00e8re personnel, notamment :<\/p><p>Du r\u00e8glement (UE) 2016\/679 du Parlement europ\u00e9en et du Conseil du 27 avril 2016 applicable depuis le 25 mai 2018 (ci-apr\u00e8s,  ou ),<\/p><p>La loi n\u00b0 78-17 du 6 janvier 1978 relative \u00e0 l'informatique, aux fichiers et aux libert\u00e9s, telle que modifi\u00e9e,<\/p><p>Les avis et recommandations des autorit\u00e9s de contr\u00f4le, du Groupe de protection des personnes \u00e0 l'\u00e9gard du traitement des donn\u00e9es \u00e0 caract\u00e8re personnel () ou du Comit\u00e9 europ\u00e9en de protection des donn\u00e9es.<\/p><p>La loi f\u00e9d\u00e9rale sur la protection des donn\u00e9es (LPD) du 25 septembre 2020<\/p><ol><li><strong>D\u00e9finitions<\/strong><\/li><\/ol><p>Donn\u00e9es \u00e0 caract\u00e8re personnel\" : toute information concernant une personne physique identifi\u00e9e ou pouvant \u00eatre identifi\u00e9e directement ou indirectement par un identifiant tel qu'un nom, un num\u00e9ro de t\u00e9l\u00e9phone, une adresse postale, une adresse \u00e9lectronique, un num\u00e9ro d'identification, des donn\u00e9es de localisation, etc.<\/p><p>extraction, consultation, utilisation, interconnexion, limitation, effacement, destruction, etc.<\/p><p>Responsable du traitement\" : la personne physique ou morale, publique ou priv\u00e9e, ou le service qui, seul ou avec d'autres, d\u00e9termine les finalit\u00e9s et les moyens du traitement.<\/p><p>Sous-traitant\" : la personne physique ou morale, publique ou priv\u00e9e, ou le service qui traite des donn\u00e9es \u00e0 caract\u00e8re personnel pour le compte du responsable du traitement.<\/p><ol start=\"2\"><li><strong>D\u00e9l\u00e9gu\u00e9 \u00e0 la protection des donn\u00e9es<\/strong><\/li><\/ol><p>Mon Eco Pote a nomm\u00e9 Ga\u00ebtan Bio d\u00e9l\u00e9gu\u00e9 \u00e0 la protection des donn\u00e9es. Il a pour mission d'informer et de conseiller le responsable du traitement, de veiller au respect de la r\u00e9glementation applicable et notamment au respect des droits des personnes.<\/p><ol start=\"3\"><li><strong>Traitement effectu\u00e9 et base juridique<\/strong><\/li><\/ol><p>Nous utilisons vos donn\u00e9es pour :<\/p><p>cr\u00e9er et g\u00e9rer votre compte client (ex\u00e9cution des mesures pr\u00e9contractuelles et ex\u00e9cution du contrat).<\/p><p>g\u00e9rer et s\u00e9curiser vos paiements (obligation l\u00e9gale) et vous permettre d'enregistrer vos coordonn\u00e9es bancaires si vous le souhaitez (consentement) ;<\/p><p>pour assurer le bon d\u00e9roulement de vos transactions et le suivi de vos commandes (ex\u00e9cution du contrat).<\/p><p>pour nous permettre de traiter vos r\u00e9clamations aupr\u00e8s de notre service client\u00e8le, par e-mail ou par t\u00e9l\u00e9phone (ex\u00e9cution du contrat ou int\u00e9r\u00eat l\u00e9gitime si vous n'\u00eates pas membre).<\/p><p>pour r\u00e9pondre \u00e0 vos demandes d'informations via nos formulaires de contact (int\u00e9r\u00eat l\u00e9gitime).<\/p><p>assurer la s\u00e9curit\u00e9 de la Plateforme, de vos donn\u00e9es et de vos \u00e9changes, notamment en mod\u00e9rant vos commentaires et le contenu de vos messages avec les autres Membres (int\u00e9r\u00eat l\u00e9gitime).<\/p><p>assurer la s\u00e9curit\u00e9 de la Plateforme, de vos donn\u00e9es et de vos \u00e9changes, notamment en mod\u00e9rant vos commentaires et le contenu de vos messages avec les autres Membres (int\u00e9r\u00eat l\u00e9gitime).<\/p><p>pour se conformer aux lois et r\u00e8glements en vigueur ainsi qu'\u00e0 toute d\u00e9cision d'une autorit\u00e9 judiciaire comp\u00e9tente ou \u00e0 toute demande l\u00e9gale (obligations l\u00e9gales).<\/p><p>respecter nos obligations l\u00e9gales en mati\u00e8re de lutte contre la criminalit\u00e9, le terrorisme et le blanchiment d'argent (obligations l\u00e9gales).<\/p><p>lutter contre la fraude et effectuer toutes les v\u00e9rifications n\u00e9cessaires pour emp\u00eacher l'utilisation frauduleuse de notre Plateforme (int\u00e9r\u00eat l\u00e9gitime).<\/p><p>Nous prenons toutes les pr\u00e9cautions n\u00e9cessaires pour prot\u00e9ger la s\u00e9curit\u00e9 de vos donn\u00e9es.<\/p><p>Nous conservons vos donn\u00e9es aussi longtemps que vous \u00eates actif sur notre plateforme.<\/p><p>En cas d'inactivit\u00e9 prolong\u00e9e pendant une p\u00e9riode de 3 ans ou lorsque vous demandez la fermeture de votre compte, nous archiverons votre compte et conserverons les donn\u00e9es associ\u00e9es pendant une p\u00e9riode de 10 ans afin de nous conformer \u00e0 nos obligations l\u00e9gales, notamment fiscales.<\/p><p>Au terme de cette p\u00e9riode de 10 ans, nous rendons vos donn\u00e9es anonymes et les supprimons d\u00e9finitivement. Votre compte et vos donn\u00e9es deviennent alors inactifs.<\/p><p>Si vous avez cr\u00e9\u00e9 un compte sur notre Plateforme, mais que vous n'avez effectu\u00e9 aucune transaction (achat ou vente) pendant trois ann\u00e9es cons\u00e9cutives, vos donn\u00e9es seront anonymis\u00e9es et finalement supprim\u00e9es. Vous pouvez \u00e9galement demander la suppression de votre compte.<\/p><ol start=\"4\"><li><strong>Comment exercer vos droits<\/strong><\/li><\/ol><p>Conform\u00e9ment \u00e0 la r\u00e9glementation applicable, vous disposez d'un droit d'acc\u00e8s, de rectification, d'effacement, d'opposition, de limitation et de portabilit\u00e9 de vos donn\u00e9es personnelles.<\/p><p>Lorsque le traitement est fond\u00e9 sur votre consentement, vous pouvez le retirer \u00e0 tout moment. Dans ce cas, la l\u00e9galit\u00e9 du traitement effectu\u00e9 avant le retrait ne sera pas remise en cause.<\/p><p>Si la base de la lic\u00e9it\u00e9 est l'int\u00e9r\u00eat l\u00e9gitime, conform\u00e9ment \u00e0 l'article 21 du RGPD, vous avez le droit de vous opposer \u00e0 tout moment au traitement des donn\u00e9es vous concernant, pour des raisons tenant \u00e0 votre situation particuli\u00e8re.<\/p><p>Enfin, vous pouvez nous communiquer vos instructions concernant la conservation, l'effacement et la communication de vos donn\u00e9es personnelles en cas de d\u00e9c\u00e8s.<\/p><p>Vous pouvez exercer vos droits en \u00e9crivant \u00e0 l'adresse suivante<\/p><p>Ga\u00ebtan Bio<\/p><p>Route de Longefont, 19, 1475, Estavayer - Suisse<\/p><p>Ou par courrier \u00e9lectronique \u00e0 l'adresse suivante : contact@myecobestfriend.com<\/p><p>Dans l'int\u00e9r\u00eat de la confidentialit\u00e9 et de la protection des donn\u00e9es, veuillez nous \u00e9crire \u00e0 l'adresse \u00e9lectronique li\u00e9e \u00e0 votre compte.<\/p><p>Pour les demandes effectu\u00e9es par courrier \u00e9lectronique ou postal, vous devrez fournir une copie de votre pi\u00e8ce d'identit\u00e9.<\/p><p>Votre demande d'exercice de vos droits sera trait\u00e9e dans un d\u00e9lai d'un mois \u00e0 compter de la r\u00e9ception de la demande. Ce d\u00e9lai peut \u00eatre prolong\u00e9 de deux mois, en fonction de la complexit\u00e9 ou du nombre de demandes. Vous serez inform\u00e9 de cette prolongation et des raisons du report dans un d\u00e9lai d'un mois.<\/p><p>Si vous n'\u00eates pas satisfait de notre r\u00e9ponse, vous pouvez introduire une r\u00e9clamation aupr\u00e8s du Pr\u00e9pos\u00e9 f\u00e9d\u00e9ral \u00e0 la protection des donn\u00e9es et \u00e0 la transparence (PFPDT - Feldeggweg 1<\/p><p>CH - 3003 Berne).<\/p><ol start=\"5\"><li><strong>Cookies<\/strong><\/li><\/ol><p>Ce site utilise des cookies. Vous pouvez configurer les cookies en cliquant sur ce lien <a href=\"https:\/\/myecobestfriend.com\/fr\/cookie-policy-eu\/\">https:\/\/myecobestfriend.com\/fr\/cookie-policy-eu\/<\/a><\/p>\t\t\t\t\t\t\t\t<\/div>\n\t\t\t\t<div class=\"elementor-element elementor-element-05fffba elementor-align-center elementor-mobile-align-center elementor-widget elementor-widget-button\" data-id=\"05fffba\" data-element_type=\"widget\" data-e-type=\"widget\" data-widget_type=\"button.default\">\n\t\t\t\t\t\t\t\t\t\t<a class=\"elementor-button elementor-button-link elementor-size-sm elementor-animation-float\" href=\"https:\/\/myecobestfriend.com\/fr\/tous-les-termes-et-conditions\/\">\n\t\t\t\t\t\t<span class=\"elementor-button-content-wrapper\">\n\t\t\t\t\t\t\t\t\t<span class=\"elementor-button-text\">En savoir plus sur les conditions g\u00e9n\u00e9rales de Mon Eco Pote<\/span>\n\t\t\t\t\t<\/span>\n\t\t\t\t\t<\/a>\n\t\t\t\t\t\t\t\t<\/div>\n\t\t\t\t\t<\/div>\n\t\t<\/div>\n\t\t\t\t\t<\/div>\n\t\t<\/section>\n\t\t\t\t\t<\/div>\n\t\t<\/div>\n\t\t\t\t\t<\/div>\n\t\t<\/section>\n\t\t\t\t<section class=\"elementor-section elementor-top-section elementor-element elementor-element-192b80f elementor-section-boxed elementor-section-height-default elementor-section-height-default\" data-id=\"192b80f\" data-element_type=\"section\" data-e-type=\"section\" data-settings=\"{&quot;background_background&quot;:&quot;classic&quot;,&quot;shape_divider_bottom&quot;:&quot;mountains&quot;}\">\n\t\t\t\t\t<div class=\"elementor-shape elementor-shape-bottom\" aria-hidden=\"true\" data-negative=\"false\">\n\t\t\t<svg xmlns=\"http:\/\/www.w3.org\/2000\/svg\" viewbox=\"0 0 1000 100\" preserveaspectratio=\"none\">\n\t<path class=\"elementor-shape-fill\" opacity=\"0.33\" d=\"M473,67.3c-203.9,88.3-263.1-34-320.3,0C66,119.1,0,59.7,0,59.7V0h1000v59.7 c0,0-62.1,26.1-94.9,29.3c-32.8,3.3-62.8-12.3-75.8-22.1C806,49.6,745.3,8.7,694.9,4.7S492.4,59,473,67.3z\"\/>\n\t<path class=\"elementor-shape-fill\" opacity=\"0.66\" d=\"M734,67.3c-45.5,0-77.2-23.2-129.1-39.1c-28.6-8.7-150.3-10.1-254,39.1 s-91.7-34.4-149.2,0C115.7,118.3,0,39.8,0,39.8V0h1000v36.5c0,0-28.2-18.5-92.1-18.5C810.2,18.1,775.7,67.3,734,67.3z\"\/>\n\t<path class=\"elementor-shape-fill\" d=\"M766.1,28.9c-200-57.5-266,65.5-395.1,19.5C242,1.8,242,5.4,184.8,20.6C128,35.8,132.3,44.9,89.9,52.5C28.6,63.7,0,0,0,0 h1000c0,0-9.9,40.9-83.6,48.1S829.6,47,766.1,28.9z\"\/>\n<\/svg>\t\t<\/div>\n\t\t\t\t\t<div class=\"elementor-container elementor-column-gap-default\">\n\t\t\t\t\t<div class=\"elementor-column elementor-col-50 elementor-top-column elementor-element elementor-element-e26ecf2\" data-id=\"e26ecf2\" data-element_type=\"column\" data-e-type=\"column\">\n\t\t\t<div class=\"elementor-widget-wrap elementor-element-populated\">\n\t\t\t\t\t\t<div class=\"elementor-element elementor-element-b081829 elementor-widget elementor-widget-image\" data-id=\"b081829\" data-element_type=\"widget\" data-e-type=\"widget\" data-widget_type=\"image.default\">\n\t\t\t\t\t\t\t\t\t\t\t\t\t\t\t<img decoding=\"async\" width=\"429\" height=\"475\" src=\"https:\/\/myecobestfriend.com\/wp-content\/uploads\/2021\/04\/789-removebg-preview.png\" class=\"attachment-full size-full wp-image-15953\" alt=\"\" srcset=\"https:\/\/myecobestfriend.com\/wp-content\/uploads\/2021\/04\/789-removebg-preview.png 429w, https:\/\/myecobestfriend.com\/wp-content\/uploads\/2021\/04\/789-removebg-preview-416x461.png 416w, https:\/\/myecobestfriend.com\/wp-content\/uploads\/2021\/04\/789-removebg-preview-11x12.png 11w, https:\/\/myecobestfriend.com\/wp-content\/uploads\/2021\/04\/789-removebg-preview-23x25.png 23w, https:\/\/myecobestfriend.com\/wp-content\/uploads\/2021\/04\/789-removebg-preview-90x100.png 90w\" sizes=\"(max-width: 429px) 100vw, 429px\" \/>\t\t\t\t\t\t\t\t\t\t\t\t\t\t\t<\/div>\n\t\t\t\t\t<\/div>\n\t\t<\/div>\n\t\t\t\t<div class=\"elementor-column elementor-col-50 elementor-top-column elementor-element elementor-element-966edd8\" data-id=\"966edd8\" data-element_type=\"column\" data-e-type=\"column\">\n\t\t\t<div class=\"elementor-widget-wrap\">\n\t\t\t\t\t\t\t<\/div>\n\t\t<\/div>\n\t\t\t\t\t<\/div>\n\t\t<\/section>\n\t\t\t\t<section class=\"elementor-section elementor-top-section elementor-element elementor-element-89cd6be elementor-section-boxed elementor-section-height-default elementor-section-height-default\" data-id=\"89cd6be\" data-element_type=\"section\" data-e-type=\"section\" data-settings=\"{&quot;background_background&quot;:&quot;classic&quot;}\">\n\t\t\t\t\t\t<div class=\"elementor-container elementor-column-gap-default\">\n\t\t\t\t\t<div class=\"elementor-column elementor-col-100 elementor-top-column elementor-element elementor-element-49e4162\" data-id=\"49e4162\" data-element_type=\"column\" data-e-type=\"column\">\n\t\t\t<div class=\"elementor-widget-wrap elementor-element-populated\">\n\t\t\t\t\t\t<div class=\"elementor-element elementor-element-4940a91 elementor-widget elementor-widget-spacer\" data-id=\"4940a91\" data-element_type=\"widget\" data-e-type=\"widget\" data-widget_type=\"spacer.default\">\n\t\t\t\t\t\t\t<div class=\"elementor-spacer\">\n\t\t\t<div class=\"elementor-spacer-inner\"><\/div>\n\t\t<\/div>\n\t\t\t\t\t\t<\/div>\n\t\t\t\t\t<\/div>\n\t\t<\/div>\n\t\t\t\t\t<\/div>\n\t\t<\/section>\n\t\t\t\t<\/div>","protected":false},"excerpt":{"rendered":"<p>Data Protection Policy DATA PROTECTION POLICY April 14, 2025 Personal data protection policy Preamble Mon Eco Pote is an association dedicated to helping Swiss citizens and society to be environmentally friendly. Its registered office is at Route de Longefont,19, 1475, Autavaux, Switzerland. It is responsible for the processing carried out when you browse, create an [&hellip;]<\/p>\n","protected":false},"author":1,"featured_media":0,"parent":0,"menu_order":0,"comment_status":"closed","ping_status":"closed","template":"elementor_header_footer","meta":{"_acf_changed":false,"footnotes":""},"tags":[],"class_list":["post-35677","page","type-page","status-publish","hentry"],"acf":[],"_links":{"self":[{"href":"https:\/\/myecobestfriend.com\/fr\/wp-json\/wp\/v2\/pages\/35677","targetHints":{"allow":["GET"]}}],"collection":[{"href":"https:\/\/myecobestfriend.com\/fr\/wp-json\/wp\/v2\/pages"}],"about":[{"href":"https:\/\/myecobestfriend.com\/fr\/wp-json\/wp\/v2\/types\/page"}],"author":[{"embeddable":true,"href":"https:\/\/myecobestfriend.com\/fr\/wp-json\/wp\/v2\/users\/1"}],"replies":[{"embeddable":true,"href":"https:\/\/myecobestfriend.com\/fr\/wp-json\/wp\/v2\/comments?post=35677"}],"version-history":[{"count":276,"href":"https:\/\/myecobestfriend.com\/fr\/wp-json\/wp\/v2\/pages\/35677\/revisions"}],"predecessor-version":[{"id":70138,"href":"https:\/\/myecobestfriend.com\/fr\/wp-json\/wp\/v2\/pages\/35677\/revisions\/70138"}],"wp:attachment":[{"href":"https:\/\/myecobestfriend.com\/fr\/wp-json\/wp\/v2\/media?parent=35677"}],"wp:term":[{"taxonomy":"post_tag","embeddable":true,"href":"https:\/\/myecobestfriend.com\/fr\/wp-json\/wp\/v2\/tags?post=35677"}],"curies":[{"name":"wp","href":"https:\/\/api.w.org\/{rel}","templated":true}]}}