  


{"id":35824,"date":"2022-04-12T15:01:25","date_gmt":"2022-04-12T13:01:25","guid":{"rendered":"https:\/\/myecobestfriend.com\/?page_id=35824"},"modified":"2025-11-09T23:57:57","modified_gmt":"2025-11-09T22:57:57","slug":"tous-charte_ethique","status":"publish","type":"page","link":"https:\/\/myecobestfriend.com\/fr\/all-charter_of_ethics\/","title":{"rendered":"Tous - Charte d'\u00e9thique"},"content":{"rendered":"<div data-elementor-type=\"wp-post\" data-elementor-id=\"35824\" class=\"elementor elementor-35824\" data-elementor-settings=\"{&quot;element_pack_global_tooltip_width&quot;:{&quot;unit&quot;:&quot;px&quot;,&quot;size&quot;:&quot;&quot;,&quot;sizes&quot;:[]},&quot;element_pack_global_tooltip_width_tablet&quot;:{&quot;unit&quot;:&quot;px&quot;,&quot;size&quot;:&quot;&quot;,&quot;sizes&quot;:[]},&quot;element_pack_global_tooltip_width_mobile&quot;:{&quot;unit&quot;:&quot;px&quot;,&quot;size&quot;:&quot;&quot;,&quot;sizes&quot;:[]},&quot;element_pack_global_tooltip_padding&quot;:{&quot;unit&quot;:&quot;px&quot;,&quot;top&quot;:&quot;&quot;,&quot;right&quot;:&quot;&quot;,&quot;bottom&quot;:&quot;&quot;,&quot;left&quot;:&quot;&quot;,&quot;isLinked&quot;:true},&quot;element_pack_global_tooltip_padding_tablet&quot;:{&quot;unit&quot;:&quot;px&quot;,&quot;top&quot;:&quot;&quot;,&quot;right&quot;:&quot;&quot;,&quot;bottom&quot;:&quot;&quot;,&quot;left&quot;:&quot;&quot;,&quot;isLinked&quot;:true},&quot;element_pack_global_tooltip_padding_mobile&quot;:{&quot;unit&quot;:&quot;px&quot;,&quot;top&quot;:&quot;&quot;,&quot;right&quot;:&quot;&quot;,&quot;bottom&quot;:&quot;&quot;,&quot;left&quot;:&quot;&quot;,&quot;isLinked&quot;:true},&quot;element_pack_global_tooltip_border_radius&quot;:{&quot;unit&quot;:&quot;px&quot;,&quot;top&quot;:&quot;&quot;,&quot;right&quot;:&quot;&quot;,&quot;bottom&quot;:&quot;&quot;,&quot;left&quot;:&quot;&quot;,&quot;isLinked&quot;:true},&quot;element_pack_global_tooltip_border_radius_tablet&quot;:{&quot;unit&quot;:&quot;px&quot;,&quot;top&quot;:&quot;&quot;,&quot;right&quot;:&quot;&quot;,&quot;bottom&quot;:&quot;&quot;,&quot;left&quot;:&quot;&quot;,&quot;isLinked&quot;:true},&quot;element_pack_global_tooltip_border_radius_mobile&quot;:{&quot;unit&quot;:&quot;px&quot;,&quot;top&quot;:&quot;&quot;,&quot;right&quot;:&quot;&quot;,&quot;bottom&quot;:&quot;&quot;,&quot;left&quot;:&quot;&quot;,&quot;isLinked&quot;:true}}\" data-elementor-post-type=\"page\">\n\t\t\t\t\t\t<section class=\"elementor-section elementor-top-section elementor-element elementor-element-752a710 elementor-section-height-min-height elementor-section-boxed elementor-section-height-default elementor-section-items-middle\" data-id=\"752a710\" data-element_type=\"section\" data-e-type=\"section\" data-settings=\"{&quot;background_background&quot;:&quot;classic&quot;}\">\n\t\t\t\t\t\t\t<div class=\"elementor-background-overlay\"><\/div>\n\t\t\t\t\t\t\t<div class=\"elementor-container elementor-column-gap-default\">\n\t\t\t\t\t<div class=\"elementor-column elementor-col-100 elementor-top-column elementor-element elementor-element-6da1ef2\" data-id=\"6da1ef2\" data-element_type=\"column\" data-e-type=\"column\">\n\t\t\t<div class=\"elementor-widget-wrap\">\n\t\t\t\t\t\t\t<\/div>\n\t\t<\/div>\n\t\t\t\t\t<\/div>\n\t\t<\/section>\n\t\t\t\t<section class=\"elementor-section elementor-top-section elementor-element elementor-element-ac56b61 elementor-section-boxed elementor-section-height-default elementor-section-height-default\" data-id=\"ac56b61\" data-element_type=\"section\" data-e-type=\"section\" data-settings=\"{&quot;background_background&quot;:&quot;classic&quot;}\">\n\t\t\t\t\t\t<div class=\"elementor-container elementor-column-gap-default\">\n\t\t\t\t\t<div class=\"elementor-column elementor-col-100 elementor-top-column elementor-element elementor-element-8577210\" data-id=\"8577210\" data-element_type=\"column\" data-e-type=\"column\">\n\t\t\t<div class=\"elementor-widget-wrap elementor-element-populated\">\n\t\t\t\t\t\t<div class=\"elementor-element elementor-element-2258281 elementor-widget elementor-widget-text-editor\" data-id=\"2258281\" data-element_type=\"widget\" data-e-type=\"widget\" data-widget_type=\"text-editor.default\">\n\t\t\t\t\t\t\t\t\t<p>Charte d'\u00e9thique<\/p>\t\t\t\t\t\t\t\t<\/div>\n\t\t\t\t\t<\/div>\n\t\t<\/div>\n\t\t\t\t\t<\/div>\n\t\t<\/section>\n\t\t<div class=\"elementor-element elementor-element-6fbe005 e-con-full e-flex e-con e-parent\" data-id=\"6fbe005\" data-element_type=\"container\" data-e-type=\"container\" data-settings=\"{&quot;background_background&quot;:&quot;classic&quot;}\">\n\t\t<div class=\"elementor-element elementor-element-556351b e-con-full e-flex e-con e-child\" data-id=\"556351b\" data-element_type=\"container\" data-e-type=\"container\">\n\t\t<div class=\"elementor-element elementor-element-5d3436f e-con-full e-flex e-con e-child\" data-id=\"5d3436f\" data-element_type=\"container\" data-e-type=\"container\">\n\t\t<div class=\"elementor-element elementor-element-a0445b6 e-con-full e-flex e-con e-child\" data-id=\"a0445b6\" data-element_type=\"container\" data-e-type=\"container\" data-settings=\"{&quot;background_background&quot;:&quot;classic&quot;}\">\n\t\t\t\t<div class=\"elementor-element elementor-element-29d2981 elementor-widget elementor-widget-image\" data-id=\"29d2981\" data-element_type=\"widget\" data-e-type=\"widget\" data-widget_type=\"image.default\">\n\t\t\t\t\t\t\t\t\t\t\t\t\t\t\t<img fetchpriority=\"high\" decoding=\"async\" width=\"612\" height=\"408\" src=\"https:\/\/myecobestfriend.com\/wp-content\/uploads\/2021\/10\/istockphoto-185258639-612x612-1.jpg\" class=\"attachment-full size-full wp-image-19261\" alt=\"\" srcset=\"https:\/\/myecobestfriend.com\/wp-content\/uploads\/2021\/10\/istockphoto-185258639-612x612-1.jpg 612w, https:\/\/myecobestfriend.com\/wp-content\/uploads\/2021\/10\/istockphoto-185258639-612x612-1-600x400.jpg 600w, https:\/\/myecobestfriend.com\/wp-content\/uploads\/2021\/10\/istockphoto-185258639-612x612-1-18x12.jpg 18w, https:\/\/myecobestfriend.com\/wp-content\/uploads\/2021\/10\/istockphoto-185258639-612x612-1-25x17.jpg 25w, https:\/\/myecobestfriend.com\/wp-content\/uploads\/2021\/10\/istockphoto-185258639-612x612-1-100x67.jpg 100w\" sizes=\"(max-width: 612px) 100vw, 612px\" \/>\t\t\t\t\t\t\t\t\t\t\t\t\t\t\t<\/div>\n\t\t\t\t<div class=\"elementor-element elementor-element-d62a3b5 elementor-widget elementor-widget-text-editor\" data-id=\"d62a3b5\" data-element_type=\"widget\" data-e-type=\"widget\" data-widget_type=\"text-editor.default\">\n\t\t\t\t\t\t\t\t\t<h1><strong>Code de conduite et d'\u00e9thique pour les fournisseurs et partenaires<\/strong><\/h1><p>\u00a0<\/p><p>My Eco Best Friend s'engage \u00e0 agir de mani\u00e8re honn\u00eate et \u00e9thique. Nous attendons la m\u00eame chose de nos fournisseurs et partenaires (d\u00e9sign\u00e9s ensemble par le terme \"fournisseurs\" pour faciliter la lecture).<\/p><p>Le code de conduite et d'\u00e9thique de My Eco Best Friend \u00e9tablit les principes d'un comportement appropri\u00e9 et d'une conduite \u00e9thique pour les employ\u00e9s de My Eco Best Friend. Ce code de conduite et d'\u00e9thique fixe des normes similaires pour nos fournisseurs.<\/p><p>Dans le pr\u00e9sent code, les r\u00e9f\u00e9rences \u00e0 \"My Eco Best Friend\" incluent My Eco Best Friend S\u00e0rl. Il n'y a pas de filiales. Ce Code s'applique \u00e0 tous les fournisseurs de biens ou de services, ou \u00e0 toute autre personne engag\u00e9e dans une relation d'affaires avec une entit\u00e9 My Eco Best Friend, ainsi qu'\u00e0 leurs clients, leurs employ\u00e9s, leurs agents et leurs sous-traitants qui fournissent des biens ou des services \u00e0 My Eco Best Friend ou \u00e0 ses clients (c'est-\u00e0-dire les utilisateurs du site web). Il est de la responsabilit\u00e9 du fournisseur de diffuser, d'\u00e9duquer et de faire preuve de diligence dans la v\u00e9rification du respect des principes de ce Code par ses employ\u00e9s, agents et fournisseurs de rang inf\u00e9rieur.<\/p><p>\u00a0<\/p><p><strong>Actifs et informations<\/strong><\/p><p>Les fournisseurs doivent prot\u00e9ger les actifs et les informations de My Eco Best Friend. Les fournisseurs qui ont re\u00e7u l'acc\u00e8s aux actifs de My Eco Best Friend, qu'ils soient tangibles ou intangibles, ne doivent les utiliser que dans le cadre de la permission accord\u00e9e par My Eco Best Friend et aux fins de l'engagement avec My Eco Best Friend et ses clients. Les fournisseurs qui ont re\u00e7u l'acc\u00e8s aux informations confidentielles de My Eco Best Friend ne doivent pas partager ces informations avec qui que ce soit, \u00e0 moins d'y \u00eatre autoris\u00e9 par My Eco Best Friend. Si un fournisseur pense qu'il a eu acc\u00e8s par erreur \u00e0 des informations confidentielles de My Eco Best Friend, il doit imm\u00e9diatement en informer son contact chez My Eco Best Friend et s'abstenir de diffuser ces informations. Les fournisseurs ne doivent pas partager avec quiconque chez My Eco Best Friend des informations relatives \u00e0 toute autre personne ou organisation si le fournisseur est soumis \u00e0 une obligation contractuelle ou l\u00e9gale de ne pas partager ces informations.<\/p><p>\u00a0<\/p><p><strong>Pots-de-vin et corruption<\/strong><\/p><p>My Eco Best Friend a une politique de tol\u00e9rance z\u00e9ro en mati\u00e8re de versement ou d'acceptation de pots-de-vin ou de dessous-de-table. Dans le cadre de toute transaction en tant que fournisseur de My Eco Best Friend, ou qui implique My Eco Best Friend, les fournisseurs ne doivent pas transf\u00e9rer quoi que ce soit de valeur, directement ou indirectement, \u00e0 quiconque, y compris les fonctionnaires du gouvernement, les employ\u00e9s des entit\u00e9s contr\u00f4l\u00e9es par le gouvernement, ou les employ\u00e9s de My Eco Best Friend ou de toute autre organisation, afin d'obtenir tout b\u00e9n\u00e9fice ou avantage inappropri\u00e9. Les fournisseurs agissant pour le compte de My Eco Best Friend doivent se conformer \u00e0 toutes les lois locales applicables en mati\u00e8re de corruption. Les fournisseurs doivent tenir une comptabilit\u00e9 \u00e9crite de tous les paiements (y compris les cadeaux, les repas, les divertissements ou toute autre chose de valeur) effectu\u00e9s au nom de My Eco Best Friend, ou \u00e0 partir de fonds fournis par My Eco Best Friend. Les fournisseurs doivent fournir une copie de cette comptabilit\u00e9 \u00e0 My Eco Best Friend sur demande.<\/p><p>\u00a0<\/p><p><strong>Cadeaux, repas, divertissements et autres courtoisies d'affaires<\/strong><\/p><p>Les employ\u00e9s de My Eco Best Friend peuvent \u00e9changer des cadeaux, des repas, des divertissements et d'autres courtoisies d'affaires avec les fournisseurs seulement s'ils sont raisonnables, peu fr\u00e9quents et d'un montant modeste, et s'ils sont conformes aux lois, coutumes et pratiques locales. Dans certains cas, les employ\u00e9s de My Eco Best Friend peuvent \u00eatre soumis \u00e0 des limitations mon\u00e9taires sur la valeur de telles courtoisies d'affaires qui peuvent \u00eatre donn\u00e9es ou re\u00e7ues. Dans tous les cas, les employ\u00e9s de My Eco Best Friend ne doivent jamais offrir ou accepter de telles courtoisies dans des circonstances o\u00f9 elles pourraient affecter, ou sembler affecter, la prise de d\u00e9cision. Et ils ne doivent jamais donner ou recevoir d'argent liquide. Nous attendons de nos fournisseurs qu'ils respectent ces restrictions.<\/p><p>\u00a0<\/p><p><strong>Conflits d'int\u00e9r\u00eats<\/strong><\/p><p>Les employ\u00e9s de My Eco Best Friend doivent agir dans le meilleur int\u00e9r\u00eat de My Eco Best Friend lorsqu'ils conduisent les affaires de My Eco Best Friend. Ils ne doivent avoir aucune relation, financi\u00e8re ou autre, avec un fournisseur qui pourrait entrer en conflit, ou sembler entrer en conflit, avec leur obligation d'agir dans le meilleur int\u00e9r\u00eat de My Eco Best Friend. Les fournisseurs ne doivent avoir aucune relation financi\u00e8re avec un employ\u00e9 de My Eco Best Friend avec lequel le fournisseur peut interagir dans le cadre de son engagement avec My Eco Best Friend. Les fournisseurs doivent veiller \u00e0 ce que toute relation personnelle avec un employ\u00e9 de My Eco Best Friend ne soit pas utilis\u00e9e pour influencer le jugement commercial de l'employ\u00e9 de My Eco Best Friend. Si un fournisseur a un lien de parent\u00e9 ou une autre relation avec un employ\u00e9 de My Eco Best Friend qui pourrait repr\u00e9senter un conflit d'int\u00e9r\u00eats, le fournisseur doit en informer My Eco Best Friend ou s'assurer que l'employ\u00e9 de My Eco Best Friend le fait.<\/p><p>\u00a0<\/p><p><strong>Obligations de fournir des informations fiables<\/strong><\/p><p>Les fournisseurs qui s'inscrivent sur la plateforme My Eco Best Friend et qui ajoutent des informations sur leur entreprise, leurs conditions de vente ainsi que toute information sur leurs produits et services (conditions de livraison et de retour, \u00e9co-labels, \u00e9co-notations, prix....) doivent s'assurer que les informations fournies sont fiables et restent \u00e0 jour afin que toute personne examinant ces d\u00e9tails puisse s'y fier. My Eco Best Friend a le droit et l'obligation de retirer tout fournisseur de la plateforme en cas d'infraction identifi\u00e9e et confirm\u00e9e.<\/p><p>\u00a0<\/p><p><strong>S'exprimer<\/strong><\/p><p>Les fournisseurs qui pensent qu'un employ\u00e9 de My Eco Best Friend, ou toute personne agissant au nom de My Eco Best Friend, s'est engag\u00e9 dans une conduite ill\u00e9gale ou inappropri\u00e9e, doivent le signaler \u00e0 My Eco Best Friend. Les fournisseurs peuvent soulever la question aupr\u00e8s du responsable de l'employ\u00e9 ou contacter le personnel charg\u00e9 de l'\u00e9thique et de la conformit\u00e9 de My Eco Best Friend \u00e0 l'adresse contact@myecobestfriend.com. La relation d'un fournisseur avec My Eco Best Friend ne sera pas affect\u00e9e par un rapport honn\u00eate de mauvaise conduite potentielle.<\/p><p>\u00a0<\/p><p><strong>Enregistrements et rapports<\/strong><\/p><p>Les fournisseurs doivent tenir des registres pr\u00e9cis de toutes les questions li\u00e9es \u00e0 leurs activit\u00e9s avec My Eco Best Friend, y compris l'enregistrement correct de toutes les d\u00e9penses et de tous les paiements. Si My Eco Best Friend est factur\u00e9 pour le temps de travail d'un fournisseur, les relev\u00e9s de temps doivent \u00eatre complets et exacts. Les fournisseurs ne doivent pas retarder l'envoi d'une facture ou permettre le report d'une d\u00e9pense sur une autre p\u00e9riode comptable.<\/p><p>\u00a0<\/p><p><strong>Application et conformit\u00e9<\/strong><\/p><p>Par l'acceptation de tout bon de commande ou accord faisant r\u00e9f\u00e9rence au pr\u00e9sent code, le fournisseur s'engage \u00e0 ce que toutes ses op\u00e9rations soient soumises aux dispositions contenues dans le pr\u00e9sent code. Le pr\u00e9sent code, ou la d\u00e9monstration de sa conformit\u00e9, ne cr\u00e9e aucun droit de tiers b\u00e9n\u00e9ficiaire pour le fournisseur. Les normes de ce Code s'ajoutent et ne remplacent pas les dispositions de tout accord juridique ou contrat entre les fournisseurs et My Eco Best Friend. My Eco Best Friend se r\u00e9serve le droit d'examiner au hasard les politiques, les proc\u00e9dures ou tout autre document du fournisseur relatif \u00e0 l'adh\u00e9sion au pr\u00e9sent Code. Dans certains cas, My Eco Best Friend peut exiger un audit de l'adh\u00e9sion d'un fournisseur \u00e0 ce Code.<\/p><p>My Eco Best Friend se r\u00e9serve le droit de modifier ce document si n\u00e9cessaire, par exemple pour se conformer \u00e0 des changements dans les lois, les r\u00e8glements ou les pratiques et proc\u00e9dures de My Eco Best Friend.<\/p>\t\t\t\t\t\t\t\t<\/div>\n\t\t\t\t<div class=\"elementor-element elementor-element-e44b2e3 elementor-align-center elementor-mobile-align-center elementor-widget elementor-widget-button\" data-id=\"e44b2e3\" data-element_type=\"widget\" data-e-type=\"widget\" data-widget_type=\"button.default\">\n\t\t\t\t\t\t\t\t\t\t<a class=\"elementor-button elementor-button-link elementor-size-sm elementor-animation-float\" href=\"https:\/\/myecobestfriend.com\/fr\/tous-les-termes-et-conditions\/\">\n\t\t\t\t\t\t<span class=\"elementor-button-content-wrapper\">\n\t\t\t\t\t\t\t\t\t<span class=\"elementor-button-text\">En savoir plus sur les conditions g\u00e9n\u00e9rales de Mon Eco Pote<\/span>\n\t\t\t\t\t<\/span>\n\t\t\t\t\t<\/a>\n\t\t\t\t\t\t\t\t<\/div>\n\t\t\t\t<\/div>\n\t\t\t\t<\/div>\n\t\t\t\t<\/div>\n\t\t\t\t<\/div>\n\t\t<div class=\"elementor-element elementor-element-9f54ec9 e-flex e-con-boxed e-con e-parent\" data-id=\"9f54ec9\" data-element_type=\"container\" data-e-type=\"container\">\n\t\t\t\t\t<div class=\"e-con-inner\">\n\t\t\t\t<div class=\"elementor-element elementor-element-40548a4 elementor-widget elementor-widget-spacer\" data-id=\"40548a4\" data-element_type=\"widget\" data-e-type=\"widget\" data-widget_type=\"spacer.default\">\n\t\t\t\t\t\t\t<div class=\"elementor-spacer\">\n\t\t\t<div class=\"elementor-spacer-inner\"><\/div>\n\t\t<\/div>\n\t\t\t\t\t\t<\/div>\n\t\t\t\t\t<\/div>\n\t\t\t\t<\/div>\n\t\t\t\t<\/div>","protected":false},"excerpt":{"rendered":"<p>Charter Of Ethics Code of Conduct and Ethics for Suppliers and Partners \u00a0 My Eco Best Friend is committed to acting honestly and ethically. We expect the same of our suppliers and partners (together referred to as \u201csuppliers\u201d for ease of reading). The My Eco Best Friend Code of Conduct and Ethics establishes the principles [&hellip;]<\/p>\n","protected":false},"author":1,"featured_media":0,"parent":0,"menu_order":0,"comment_status":"closed","ping_status":"closed","template":"elementor_header_footer","meta":{"_acf_changed":false,"footnotes":""},"tags":[],"class_list":["post-35824","page","type-page","status-publish","hentry"],"acf":[],"_links":{"self":[{"href":"https:\/\/myecobestfriend.com\/fr\/wp-json\/wp\/v2\/pages\/35824","targetHints":{"allow":["GET"]}}],"collection":[{"href":"https:\/\/myecobestfriend.com\/fr\/wp-json\/wp\/v2\/pages"}],"about":[{"href":"https:\/\/myecobestfriend.com\/fr\/wp-json\/wp\/v2\/types\/page"}],"author":[{"embeddable":true,"href":"https:\/\/myecobestfriend.com\/fr\/wp-json\/wp\/v2\/users\/1"}],"replies":[{"embeddable":true,"href":"https:\/\/myecobestfriend.com\/fr\/wp-json\/wp\/v2\/comments?post=35824"}],"version-history":[{"count":39,"href":"https:\/\/myecobestfriend.com\/fr\/wp-json\/wp\/v2\/pages\/35824\/revisions"}],"predecessor-version":[{"id":72552,"href":"https:\/\/myecobestfriend.com\/fr\/wp-json\/wp\/v2\/pages\/35824\/revisions\/72552"}],"wp:attachment":[{"href":"https:\/\/myecobestfriend.com\/fr\/wp-json\/wp\/v2\/media?parent=35824"}],"wp:term":[{"taxonomy":"post_tag","embeddable":true,"href":"https:\/\/myecobestfriend.com\/fr\/wp-json\/wp\/v2\/tags?post=35824"}],"curies":[{"name":"wp","href":"https:\/\/api.w.org\/{rel}","templated":true}]}}