  


{"id":35848,"date":"2022-04-12T16:21:50","date_gmt":"2022-04-12T14:21:50","guid":{"rendered":"https:\/\/myecobestfriend.com\/?page_id=35848"},"modified":"2025-02-18T01:48:15","modified_gmt":"2025-02-18T00:48:15","slug":"all-privacy_policy","status":"publish","type":"page","link":"https:\/\/myecobestfriend.com\/fr\/all-privacy_policy\/","title":{"rendered":"Tous - Politique de confidentialit\u00e9"},"content":{"rendered":"<div data-elementor-type=\"wp-post\" data-elementor-id=\"35848\" class=\"elementor elementor-35848\" data-elementor-settings=\"{&quot;element_pack_global_tooltip_width&quot;:{&quot;unit&quot;:&quot;px&quot;,&quot;size&quot;:&quot;&quot;,&quot;sizes&quot;:[]},&quot;element_pack_global_tooltip_width_tablet&quot;:{&quot;unit&quot;:&quot;px&quot;,&quot;size&quot;:&quot;&quot;,&quot;sizes&quot;:[]},&quot;element_pack_global_tooltip_width_mobile&quot;:{&quot;unit&quot;:&quot;px&quot;,&quot;size&quot;:&quot;&quot;,&quot;sizes&quot;:[]},&quot;element_pack_global_tooltip_padding&quot;:{&quot;unit&quot;:&quot;px&quot;,&quot;top&quot;:&quot;&quot;,&quot;right&quot;:&quot;&quot;,&quot;bottom&quot;:&quot;&quot;,&quot;left&quot;:&quot;&quot;,&quot;isLinked&quot;:true},&quot;element_pack_global_tooltip_padding_tablet&quot;:{&quot;unit&quot;:&quot;px&quot;,&quot;top&quot;:&quot;&quot;,&quot;right&quot;:&quot;&quot;,&quot;bottom&quot;:&quot;&quot;,&quot;left&quot;:&quot;&quot;,&quot;isLinked&quot;:true},&quot;element_pack_global_tooltip_padding_mobile&quot;:{&quot;unit&quot;:&quot;px&quot;,&quot;top&quot;:&quot;&quot;,&quot;right&quot;:&quot;&quot;,&quot;bottom&quot;:&quot;&quot;,&quot;left&quot;:&quot;&quot;,&quot;isLinked&quot;:true},&quot;element_pack_global_tooltip_border_radius&quot;:{&quot;unit&quot;:&quot;px&quot;,&quot;top&quot;:&quot;&quot;,&quot;right&quot;:&quot;&quot;,&quot;bottom&quot;:&quot;&quot;,&quot;left&quot;:&quot;&quot;,&quot;isLinked&quot;:true},&quot;element_pack_global_tooltip_border_radius_tablet&quot;:{&quot;unit&quot;:&quot;px&quot;,&quot;top&quot;:&quot;&quot;,&quot;right&quot;:&quot;&quot;,&quot;bottom&quot;:&quot;&quot;,&quot;left&quot;:&quot;&quot;,&quot;isLinked&quot;:true},&quot;element_pack_global_tooltip_border_radius_mobile&quot;:{&quot;unit&quot;:&quot;px&quot;,&quot;top&quot;:&quot;&quot;,&quot;right&quot;:&quot;&quot;,&quot;bottom&quot;:&quot;&quot;,&quot;left&quot;:&quot;&quot;,&quot;isLinked&quot;:true}}\" data-elementor-post-type=\"page\">\n\t\t\t\t\t\t<section class=\"elementor-section elementor-top-section elementor-element elementor-element-752a710 elementor-section-height-min-height elementor-section-boxed elementor-section-height-default elementor-section-items-middle\" data-id=\"752a710\" data-element_type=\"section\" data-e-type=\"section\" data-settings=\"{&quot;background_background&quot;:&quot;classic&quot;}\">\n\t\t\t\t\t\t\t<div class=\"elementor-background-overlay\"><\/div>\n\t\t\t\t\t\t\t<div class=\"elementor-container elementor-column-gap-default\">\n\t\t\t\t\t<div class=\"elementor-column elementor-col-100 elementor-top-column elementor-element elementor-element-847d21e\" data-id=\"847d21e\" data-element_type=\"column\" data-e-type=\"column\">\n\t\t\t<div class=\"elementor-widget-wrap elementor-element-populated\">\n\t\t\t\t\t\t<div class=\"elementor-element elementor-element-44fe4ce elementor-widget elementor-widget-icon-box\" data-id=\"44fe4ce\" data-element_type=\"widget\" data-e-type=\"widget\" data-widget_type=\"icon-box.default\">\n\t\t\t\t\t\t\t<div class=\"elementor-icon-box-wrapper\">\n\n\t\t\t\n\t\t\t\t\t\t<div class=\"elementor-icon-box-content\">\n\n\t\t\t\t\t\t\t\t\t<h3 class=\"elementor-icon-box-title\">\n\t\t\t\t\t\t<span  >\n\t\t\t\t\t\t\tAvis de confidentialit\u00e9\t\t\t\t\t\t<\/span>\n\t\t\t\t\t<\/h3>\n\t\t\t\t\n\t\t\t\t\t\t\t\t\t<p class=\"elementor-icon-box-description\">\n\t\t\t\t\t\tPrincipales conditions d'utilisation de cette plateforme\t\t\t\t\t<\/p>\n\t\t\t\t\n\t\t\t<\/div>\n\t\t\t\n\t\t<\/div>\n\t\t\t\t\t\t<\/div>\n\t\t\t\t\t<\/div>\n\t\t<\/div>\n\t\t\t\t\t<\/div>\n\t\t<\/section>\n\t\t\t\t<section class=\"elementor-section elementor-top-section elementor-element elementor-element-ac56b61 elementor-section-boxed elementor-section-height-default elementor-section-height-default\" data-id=\"ac56b61\" data-element_type=\"section\" data-e-type=\"section\" data-settings=\"{&quot;background_background&quot;:&quot;classic&quot;}\">\n\t\t\t\t\t\t<div class=\"elementor-container elementor-column-gap-default\">\n\t\t\t\t\t<div class=\"elementor-column elementor-col-100 elementor-top-column elementor-element elementor-element-8577210\" data-id=\"8577210\" data-element_type=\"column\" data-e-type=\"column\">\n\t\t\t<div class=\"elementor-widget-wrap elementor-element-populated\">\n\t\t\t\t\t\t<div class=\"elementor-element elementor-element-2258281 elementor-widget elementor-widget-text-editor\" data-id=\"2258281\" data-element_type=\"widget\" data-e-type=\"widget\" data-widget_type=\"text-editor.default\">\n\t\t\t\t\t\t\t\t\t<p>Avis de confidentialit\u00e9<\/p>\t\t\t\t\t\t\t\t<\/div>\n\t\t\t\t<section class=\"elementor-section elementor-inner-section elementor-element elementor-element-1e312db elementor-section-full_width elementor-section-height-default elementor-section-height-default\" data-id=\"1e312db\" data-element_type=\"section\" data-e-type=\"section\">\n\t\t\t\t\t\t<div class=\"elementor-container elementor-column-gap-no\">\n\t\t\t\t\t<div class=\"elementor-column elementor-col-100 elementor-inner-column elementor-element elementor-element-270168d\" data-id=\"270168d\" data-element_type=\"column\" data-e-type=\"column\" data-settings=\"{&quot;background_background&quot;:&quot;classic&quot;}\">\n\t\t\t<div class=\"elementor-widget-wrap elementor-element-populated\">\n\t\t\t\t\t\t<div class=\"elementor-element elementor-element-448480f elementor-widget elementor-widget-image\" data-id=\"448480f\" data-element_type=\"widget\" data-e-type=\"widget\" data-widget_type=\"image.default\">\n\t\t\t\t\t\t\t\t\t\t\t\t\t\t\t<img fetchpriority=\"high\" decoding=\"async\" width=\"612\" height=\"408\" src=\"https:\/\/myecobestfriend.com\/wp-content\/uploads\/2021\/10\/istockphoto-185258639-612x612-1.jpg\" class=\"attachment-full size-full wp-image-19261\" alt=\"\" srcset=\"https:\/\/myecobestfriend.com\/wp-content\/uploads\/2021\/10\/istockphoto-185258639-612x612-1.jpg 612w, https:\/\/myecobestfriend.com\/wp-content\/uploads\/2021\/10\/istockphoto-185258639-612x612-1-600x400.jpg 600w, https:\/\/myecobestfriend.com\/wp-content\/uploads\/2021\/10\/istockphoto-185258639-612x612-1-18x12.jpg 18w, https:\/\/myecobestfriend.com\/wp-content\/uploads\/2021\/10\/istockphoto-185258639-612x612-1-25x17.jpg 25w, https:\/\/myecobestfriend.com\/wp-content\/uploads\/2021\/10\/istockphoto-185258639-612x612-1-100x67.jpg 100w\" sizes=\"(max-width: 612px) 100vw, 612px\" \/>\t\t\t\t\t\t\t\t\t\t\t\t\t\t\t<\/div>\n\t\t\t\t<div class=\"elementor-element elementor-element-d3c26b6 elementor-widget elementor-widget-text-editor\" data-id=\"d3c26b6\" data-element_type=\"widget\" data-e-type=\"widget\" data-widget_type=\"text-editor.default\">\n\t\t\t\t\t\t\t\t\t<h2><strong> INTRODUCTION<\/strong><\/h2><h6>\u00a0<\/h6><p>1.1 Cet avis de confidentialit\u00e9 a pour but de vous fournir des informations sur la mani\u00e8re dont My Eco Best Friend (\"My Eco Best Friend\", \"nous\", \"notre\", \"nos\") traite les donn\u00e9es personnelles que vous nous avez fournies ou que nous avons collect\u00e9es \u00e0 votre sujet dans le cadre de votre utilisation de l'application de la plateforme My Eco Best Friend (l'\"application\").<\/p><p>1.2 Nous ne traiterons vos donn\u00e9es personnelles que conform\u00e9ment au pr\u00e9sent avis de confidentialit\u00e9 et aux lois applicables auxquelles nous sommes soumis, y compris le R\u00e8glement g\u00e9n\u00e9ral sur la protection des donn\u00e9es 2016\/679 du 27 avril 2016 (ci-apr\u00e8s le \" RGPD \").<\/p><p>1.3 Nous reconnaissons que la protection de la vie priv\u00e9e est une responsabilit\u00e9 permanente et nous mettrons \u00e0 jour le pr\u00e9sent avis chaque fois que cela sera n\u00e9cessaire. La version la plus r\u00e9cente sera toujours disponible sur le site web.<\/p><p>\u00a0<\/p><p><strong>LES DONN\u00c9ES QUE NOUS COLLECTONS, LA FINALIT\u00c9 ET LA BASE JURIDIQUE DU TRAITEMENT.<\/strong><\/p><p>2.1 L'objectif du site web est de vous aider \u00e0 devenir plus \u00e9co-responsable gr\u00e2ce \u00e0 l'utilisation de la plateforme My Eco Best Friend. Vous pouvez y parvenir en achetant des produits et services \u00e9cologiques, en lisant et en publiant des vid\u00e9os sur l'\u00e9co-blog, en jouant \u00e0 des jeux ou en suivant votre mobilit\u00e9. Cela concerne plusieurs types de donn\u00e9es (\u00e0 titre d'exemple, mais sans que la liste soit exhaustive : votre nom, l'adresse de livraison, la localisation GPS - uniquement lorsque vous l'autorisez....). Vous recevrez \u00e9galement des notifications lorsque My Eco Best Friend confirme certaines commandes ou lorsque vous gagnez des \u00e9co-points.<\/p><p>2.2 Lorsque vous vous inscrivez, vous devez fournir votre pr\u00e9nom, votre nom de famille et votre adresse \u00e9lectronique, ainsi que d'autres informations personnelles pertinentes n\u00e9cessaires \u00e0 l'utilisation de la plateforme My Eco Best Friend, en particulier en ce qui concerne l'\u00e9co-boutique. Vous avez \u00e9galement la possibilit\u00e9 (non obligatoire) d'ajouter votre sexe, votre photo, votre date de naissance, votre pays, vos pr\u00e9f\u00e9rences\/allergies. Comme indiqu\u00e9 ci-dessus, les informations relatives \u00e0 l'endroit (et \u00e0 l'heure) o\u00f9 votre position GPS est activ\u00e9e sur My Eco Best Friend le sont \u00e9galement si vous avez donn\u00e9 votre accord sur le site web. Veuillez noter qu'aucune de ces informations n'est utilis\u00e9e \u00e0 des fins de marketing ou partag\u00e9e avec des tiers, \u00e0 moins qu'elle ne soit strictement n\u00e9cessaire au fonctionnement des fonctionnalit\u00e9s de My Eco Best Friend (par exemple, de la commande \u00e0 la livraison des produits, ou du suivi de la mobilit\u00e9).<\/p><p>2.3 Nous pouvons \u00e9galement recueillir des informations similaires ou connexes et notamment i) des informations que vous choisissez de partager volontairement \u00e0 votre sujet par le biais de tout canal de messagerie et ii) des informations inf\u00e9r\u00e9es qui comprennent des informations d\u00e9riv\u00e9es d'autres informations \u00e9num\u00e9r\u00e9es ci-dessus. Nous cr\u00e9ons des \u00e9l\u00e9ments de donn\u00e9es inf\u00e9r\u00e9es et d\u00e9riv\u00e9es en analysant nos informations relationnelles et transactionnelles.<\/p><p>\u00a0<\/p><p><strong>COMMENT VOS DONN\u00c9ES PERSONNELLES SONT COLLECT\u00c9ES<\/strong><\/p><p>3.1 Nous collectons g\u00e9n\u00e9ralement vos donn\u00e9es personnelles au moment o\u00f9 vous les enregistrez sur le site web. Nous pouvons \u00e9galement collecter vos donn\u00e9es personnelles \u00e0 partir du site web directement (par exemple la localisation GPS sur Eco-Mobilit\u00e9, mais l\u00e0 encore uniquement si vous l'autorisez au pr\u00e9alable sur Mon Eco Pote).<\/p><p>\u00a0<\/p><p><strong>DIVULGATION DE VOS DONN\u00c9ES PERSONNELLES<\/strong><\/p><p>4.1 L'acc\u00e8s \u00e0 vos donn\u00e9es personnelles est accord\u00e9 au personnel concern\u00e9 de Mon Eco Pote. Mon Eco Pote a conclu un accord de traitement des donn\u00e9es conforme \u00e0 l'article 28 du GDPR afin de garantir que la soci\u00e9t\u00e9 et ses partenaires mettent en \u0153uvre des mesures de s\u00e9curit\u00e9 organisationnelles et techniques appropri\u00e9es de mani\u00e8re \u00e0 ce que le traitement soit conforme aux exigences du GDPR et assure la protection de vos droits.<\/p><p>4.2 L'acc\u00e8s est limit\u00e9 aux employ\u00e9s et aux contractants qui ont un besoin pertinent et raisonnablement requis d'acc\u00e9der \u00e0 vos informations personnelles pour effectuer leur travail.<\/p><p>4.3 Nous pouvons \u00e9galement \u00eatre amen\u00e9s \u00e0 traiter vos donn\u00e9es \u00e0 caract\u00e8re personnel pour nous conformer \u00e0 nos obligations l\u00e9gales ou dans le cadre de l'exercice ou de la d\u00e9fense de droits en justice. Cela peut se produire, par exemple, lorsque nous devons prendre un avis juridique dans le cadre d'une proc\u00e9dure judiciaire ou lorsque nous sommes tenus par la loi de divulguer certaines informations.<\/p><p>\u00a0<\/p><p><strong>VOS DROITS<\/strong><\/p><p>Pour obtenir l'acc\u00e8s aux donn\u00e9es personnelles que nous d\u00e9tenons \u00e0 votre sujet, ainsi que des copies de celles-ci.<\/p><p>Pour exiger que nous cessions de traiter vos donn\u00e9es personnelles si le traitement vous cause des dommages ou de la d\u00e9tresse.<\/p><p>Pour nous demander de ne pas vous envoyer de communications commerciales.<\/p><p>Pour nous demander d'effacer vos donn\u00e9es personnelles.<\/p><p>Pour demander que nous limitions nos activit\u00e9s de traitement des donn\u00e9es relatives \u00e0 vos donn\u00e9es personnelles.<\/p><p>Pour recevoir de notre part les donn\u00e9es personnelles que nous d\u00e9tenons \u00e0 votre sujet et que vous nous avez fournies, dans un format raisonnable sp\u00e9cifi\u00e9 par vous, y compris dans le but de transmettre ces donn\u00e9es personnelles \u00e0 un autre contr\u00f4leur de donn\u00e9es ; et<\/p><p>Pour nous demander de corriger les donn\u00e9es personnelles que nous d\u00e9tenons \u00e0 votre sujet si elles sont incorrectes.<\/p><p>Veuillez noter que les droits susmentionn\u00e9s ne sont pas absolus et que les demandes peuvent \u00eatre refus\u00e9es lorsque des exceptions l\u00e9gales s'appliquent.<\/p><p>Si vous avez des questions sur ces droits ou sur la mani\u00e8re dont nous utilisons vos donn\u00e9es personnelles, vous pouvez nous contacter en utilisant les coordonn\u00e9es indiqu\u00e9es dans la section 7 (voir ci-dessous).<\/p><p>\u00a0<\/p><p><strong>CONSERVATION DES DONN\u00c9ES<\/strong><\/p><p>6.1 En r\u00e8gle g\u00e9n\u00e9rale, nous supprimerons vos donn\u00e9es \u00e0 caract\u00e8re personnel lors de la suppression de votre compte, sauf si nous sommes oblig\u00e9s de les conserver pendant une p\u00e9riode plus longue en vertu de la l\u00e9gislation ou de la r\u00e9glementation applicable ou si nous pensons raisonnablement qu'il existe une perspective de litige en ce qui concerne notre relation avec vous.<\/p><p>\u00a0<\/p><p><strong>COORDONN\u00c9ES<\/strong><\/p><p>7.1 My Eco Best Friend, dont le si\u00e8ge social est situ\u00e9 dans le canton de Vaud, en Suisse, est le responsable du traitement des donn\u00e9es personnelles recueillies \u00e0 votre sujet.<\/p><p>7.2 Si vous avez des questions ou des commentaires concernant le pr\u00e9sent avis sur la protection de la vie priv\u00e9e ou si vous souhaitez exercer vos droits tels que d\u00e9crits \u00e0 la section 5, veuillez nous contacter \u00e0 l'adresse contact@myecobestfriend.com.<\/p>\t\t\t\t\t\t\t\t<\/div>\n\t\t\t\t<div class=\"elementor-element elementor-element-910c874 elementor-align-center elementor-mobile-align-center elementor-widget elementor-widget-button\" data-id=\"910c874\" data-element_type=\"widget\" data-e-type=\"widget\" data-widget_type=\"button.default\">\n\t\t\t\t\t\t\t\t\t\t<a class=\"elementor-button elementor-button-link elementor-size-sm elementor-animation-float\" href=\"https:\/\/myecobestfriend.com\/fr\/tous-les-termes-et-conditions\/\">\n\t\t\t\t\t\t<span class=\"elementor-button-content-wrapper\">\n\t\t\t\t\t\t\t\t\t<span class=\"elementor-button-text\">En savoir plus sur les conditions g\u00e9n\u00e9rales de Mon Eco Pote<\/span>\n\t\t\t\t\t<\/span>\n\t\t\t\t\t<\/a>\n\t\t\t\t\t\t\t\t<\/div>\n\t\t\t\t\t<\/div>\n\t\t<\/div>\n\t\t\t\t\t<\/div>\n\t\t<\/section>\n\t\t\t\t\t<\/div>\n\t\t<\/div>\n\t\t\t\t\t<\/div>\n\t\t<\/section>\n\t\t\t\t<section class=\"elementor-section elementor-top-section elementor-element elementor-element-9536643 elementor-section-boxed elementor-section-height-default elementor-section-height-default\" data-id=\"9536643\" data-element_type=\"section\" data-e-type=\"section\" data-settings=\"{&quot;background_background&quot;:&quot;classic&quot;}\">\n\t\t\t\t\t\t<div class=\"elementor-container elementor-column-gap-default\">\n\t\t\t\t\t<div class=\"elementor-column elementor-col-100 elementor-top-column elementor-element elementor-element-5123a74\" data-id=\"5123a74\" data-element_type=\"column\" data-e-type=\"column\">\n\t\t\t<div class=\"elementor-widget-wrap\">\n\t\t\t\t\t\t\t<\/div>\n\t\t<\/div>\n\t\t\t\t\t<\/div>\n\t\t<\/section>\n\t\t\t\t<section class=\"elementor-section elementor-top-section elementor-element elementor-element-c41e268 elementor-section-boxed elementor-section-height-default elementor-section-height-default\" data-id=\"c41e268\" data-element_type=\"section\" data-e-type=\"section\" data-settings=\"{&quot;background_background&quot;:&quot;classic&quot;,&quot;shape_divider_bottom&quot;:&quot;mountains&quot;}\">\n\t\t\t\t\t<div class=\"elementor-shape elementor-shape-bottom\" aria-hidden=\"true\" data-negative=\"false\">\n\t\t\t<svg xmlns=\"http:\/\/www.w3.org\/2000\/svg\" viewbox=\"0 0 1000 100\" preserveaspectratio=\"none\">\n\t<path class=\"elementor-shape-fill\" opacity=\"0.33\" d=\"M473,67.3c-203.9,88.3-263.1-34-320.3,0C66,119.1,0,59.7,0,59.7V0h1000v59.7 c0,0-62.1,26.1-94.9,29.3c-32.8,3.3-62.8-12.3-75.8-22.1C806,49.6,745.3,8.7,694.9,4.7S492.4,59,473,67.3z\"\/>\n\t<path class=\"elementor-shape-fill\" opacity=\"0.66\" d=\"M734,67.3c-45.5,0-77.2-23.2-129.1-39.1c-28.6-8.7-150.3-10.1-254,39.1 s-91.7-34.4-149.2,0C115.7,118.3,0,39.8,0,39.8V0h1000v36.5c0,0-28.2-18.5-92.1-18.5C810.2,18.1,775.7,67.3,734,67.3z\"\/>\n\t<path class=\"elementor-shape-fill\" d=\"M766.1,28.9c-200-57.5-266,65.5-395.1,19.5C242,1.8,242,5.4,184.8,20.6C128,35.8,132.3,44.9,89.9,52.5C28.6,63.7,0,0,0,0 h1000c0,0-9.9,40.9-83.6,48.1S829.6,47,766.1,28.9z\"\/>\n<\/svg>\t\t<\/div>\n\t\t\t\t\t<div class=\"elementor-container elementor-column-gap-default\">\n\t\t\t\t\t<div class=\"elementor-column elementor-col-50 elementor-top-column elementor-element elementor-element-1734a98\" data-id=\"1734a98\" data-element_type=\"column\" data-e-type=\"column\">\n\t\t\t<div class=\"elementor-widget-wrap elementor-element-populated\">\n\t\t\t\t\t\t<div class=\"elementor-element elementor-element-a3ba90e elementor-widget elementor-widget-image\" data-id=\"a3ba90e\" data-element_type=\"widget\" data-e-type=\"widget\" data-widget_type=\"image.default\">\n\t\t\t\t\t\t\t\t\t\t\t\t\t\t\t<img decoding=\"async\" width=\"429\" height=\"475\" src=\"https:\/\/myecobestfriend.com\/wp-content\/uploads\/2021\/04\/789-removebg-preview.png\" class=\"attachment-full size-full wp-image-15953\" alt=\"\" srcset=\"https:\/\/myecobestfriend.com\/wp-content\/uploads\/2021\/04\/789-removebg-preview.png 429w, https:\/\/myecobestfriend.com\/wp-content\/uploads\/2021\/04\/789-removebg-preview-416x461.png 416w, https:\/\/myecobestfriend.com\/wp-content\/uploads\/2021\/04\/789-removebg-preview-11x12.png 11w, https:\/\/myecobestfriend.com\/wp-content\/uploads\/2021\/04\/789-removebg-preview-23x25.png 23w, https:\/\/myecobestfriend.com\/wp-content\/uploads\/2021\/04\/789-removebg-preview-90x100.png 90w\" sizes=\"(max-width: 429px) 100vw, 429px\" \/>\t\t\t\t\t\t\t\t\t\t\t\t\t\t\t<\/div>\n\t\t\t\t\t<\/div>\n\t\t<\/div>\n\t\t\t\t<div class=\"elementor-column elementor-col-50 elementor-top-column elementor-element elementor-element-5fe033d\" data-id=\"5fe033d\" data-element_type=\"column\" data-e-type=\"column\">\n\t\t\t<div class=\"elementor-widget-wrap\">\n\t\t\t\t\t\t\t<\/div>\n\t\t<\/div>\n\t\t\t\t\t<\/div>\n\t\t<\/section>\n\t\t\t\t<section class=\"elementor-section elementor-top-section elementor-element elementor-element-89cd6be elementor-section-boxed elementor-section-height-default elementor-section-height-default\" data-id=\"89cd6be\" data-element_type=\"section\" data-e-type=\"section\" data-settings=\"{&quot;background_background&quot;:&quot;classic&quot;}\">\n\t\t\t\t\t\t<div class=\"elementor-container elementor-column-gap-default\">\n\t\t\t\t\t<div class=\"elementor-column elementor-col-100 elementor-top-column elementor-element elementor-element-49e4162\" data-id=\"49e4162\" data-element_type=\"column\" data-e-type=\"column\">\n\t\t\t<div class=\"elementor-widget-wrap elementor-element-populated\">\n\t\t\t\t\t\t<div class=\"elementor-element elementor-element-4940a91 elementor-widget elementor-widget-spacer\" data-id=\"4940a91\" data-element_type=\"widget\" data-e-type=\"widget\" data-widget_type=\"spacer.default\">\n\t\t\t\t\t\t\t<div class=\"elementor-spacer\">\n\t\t\t<div class=\"elementor-spacer-inner\"><\/div>\n\t\t<\/div>\n\t\t\t\t\t\t<\/div>\n\t\t\t\t\t<\/div>\n\t\t<\/div>\n\t\t\t\t\t<\/div>\n\t\t<\/section>\n\t\t\t\t<\/div>","protected":false},"excerpt":{"rendered":"<p>Privacy Notice Key conditions of use for this platform Privacy Notice INTRODUCTION \u00a0 1.1 This Privacy Notice is intended to provide you with information on how My Eco Best Friend (&#8220;My Eco Best Friend&#8221;, &#8220;we&#8221;, &#8220;us&#8221;, &#8220;our&#8221;) processes any personal data you have provided us with, or that we have collected about you in connection [&hellip;]<\/p>\n","protected":false},"author":1,"featured_media":0,"parent":0,"menu_order":0,"comment_status":"closed","ping_status":"closed","template":"elementor_header_footer","meta":{"_acf_changed":false,"footnotes":""},"tags":[279,280,278],"class_list":["post-35848","page","type-page","status-publish","hentry","tag-eco-system","tag-ecobestfriend","tag-privacy-policy"],"acf":[],"_links":{"self":[{"href":"https:\/\/myecobestfriend.com\/fr\/wp-json\/wp\/v2\/pages\/35848","targetHints":{"allow":["GET"]}}],"collection":[{"href":"https:\/\/myecobestfriend.com\/fr\/wp-json\/wp\/v2\/pages"}],"about":[{"href":"https:\/\/myecobestfriend.com\/fr\/wp-json\/wp\/v2\/types\/page"}],"author":[{"embeddable":true,"href":"https:\/\/myecobestfriend.com\/fr\/wp-json\/wp\/v2\/users\/1"}],"replies":[{"embeddable":true,"href":"https:\/\/myecobestfriend.com\/fr\/wp-json\/wp\/v2\/comments?post=35848"}],"version-history":[{"count":18,"href":"https:\/\/myecobestfriend.com\/fr\/wp-json\/wp\/v2\/pages\/35848\/revisions"}],"predecessor-version":[{"id":60690,"href":"https:\/\/myecobestfriend.com\/fr\/wp-json\/wp\/v2\/pages\/35848\/revisions\/60690"}],"wp:attachment":[{"href":"https:\/\/myecobestfriend.com\/fr\/wp-json\/wp\/v2\/media?parent=35848"}],"wp:term":[{"taxonomy":"post_tag","embeddable":true,"href":"https:\/\/myecobestfriend.com\/fr\/wp-json\/wp\/v2\/tags?post=35848"}],"curies":[{"name":"wp","href":"https:\/\/api.w.org\/{rel}","templated":true}]}}