  


{"id":75613,"date":"2026-04-28T15:50:49","date_gmt":"2026-04-28T13:50:49","guid":{"rendered":"https:\/\/myecobestfriend.com\/vendor-onboarding\/"},"modified":"2026-04-28T15:50:49","modified_gmt":"2026-04-28T13:50:49","slug":"vendor-onboarding","status":"publish","type":"page","link":"https:\/\/myecobestfriend.com\/fr\/vendor-onboarding\/","title":{"rendered":"L'int\u00e9gration des fournisseurs"},"content":{"rendered":"<div class=\"dokan-vendor-onboarding\">\n    <div class=\"dokan-onboarding-container\">\n        <!-- Login Section -->\n        <div class=\"dokan-login-section\">\n            <h2>Connexion<\/h2>\n            <form class=\"woocommerce-form woocommerce-form-login login\" method=\"post\" action=\"\" >\n\n\t\n\t\n\t<p class=\"form-row form-row-first\">\n\t\t<label for=\"username\">Identifiant ou e-mail&nbsp;<span class=\"required\" aria-hidden=\"true\">*<\/span><span class=\"screen-reader-text\" data-no-translation=\"\" data-trp-gettext=\"\">Obligatoire<\/span><\/label>\n\t\t<input type=\"text\" class=\"input-text\" name=\"username\" id=\"username\" autocomplete=\"username\" required aria-required=\"true\" \/>\n\t<\/p>\n\t<p class=\"form-row form-row-last\">\n\t\t<label for=\"password\">Mot de passe&nbsp;<span class=\"required\" aria-hidden=\"true\">*<\/span><span class=\"screen-reader-text\" data-no-translation=\"\" data-trp-gettext=\"\">Obligatoire<\/span><\/label>\n\t\t<input class=\"input-text woocommerce-Input\" type=\"password\" name=\"password\" id=\"password\" autocomplete=\"current-password\" required aria-required=\"true\" \/>\n\t<\/p>\n\t<div class=\"clear\"><\/div>\n\n\t\n\t<p class=\"form-row\">\n\t\t<label class=\"woocommerce-form__label woocommerce-form__label-for-checkbox woocommerce-form-login__rememberme\">\n\t\t\t<input class=\"woocommerce-form__input woocommerce-form__input-checkbox\" name=\"rememberme\" type=\"checkbox\" id=\"rememberme\" value=\"forever\" \/> <span data-no-translation=\"\" data-trp-gettext=\"\">Se souvenir de moi<\/span>\n\t\t<\/label>\n\t\t<input type=\"hidden\" id=\"woocommerce-login-nonce\" name=\"woocommerce-login-nonce\" value=\"a66f43000a\" \/><input type=\"hidden\" name=\"_wp_http_referer\" value=\"\/fr\/wp-json\/wp\/v2\/pages\/75613\" \/>\t\t<input type=\"hidden\" name=\"redirect\" value=\"https:\/\/myecobestfriend.com\/fr\/my-account\/\" \/>\n\t\t<button type=\"submit\" class=\"woocommerce-button button woocommerce-form-login__submit\" name=\"login\" value=\"Connexion\" data-no-translation=\"\" data-trp-gettext=\"\" data-no-translation-value=\"\">Connexion<\/button>\n\t<\/p>\n\t<p class=\"lost_password\">\n\t\t<a href=\"https:\/\/myecobestfriend.com\/fr\/my-account\/lost-password\/\" data-no-translation=\"\" data-trp-gettext=\"\">Mot de passe perdu\u00a0?<\/a>\n\t<\/p>\n\n\t<div class=\"clear\"><\/div>\n\n\t\n<input type=\"hidden\" name=\"trp-form-language\" value=\"fr\"\/><\/form>\n        <\/div>\n\n        <!-- Registration Section -->\n        <div class=\"dokan-registration-section\">\n            <h2>Inscription<\/h2>\n            \n<form id=\"dokan-vendor-register\" method=\"post\" class=\"register dokan-vendor-register\" action=\"\">\n\n    \n    <div class=\"split-row name-field form-row-wide\">\n        <p class=\"form-row form-group\">\n            <label for=\"first-name\">Pr\u00e9nom <span class=\"required\">*<\/span><\/label>\n            <input type=\"text\" class=\"input-text form-control\" name=\"fname\" id=\"first-name\" value=\"\" required=\"required\" \/>\n        <\/p>\n\n        <p class=\"form-row form-group\">\n            <label for=\"last-name\">Nom de famille <span class=\"required\">*<\/span><\/label>\n            <input type=\"text\" class=\"input-text form-control\" name=\"lname\" id=\"last-name\" value=\"\" required=\"required\" \/>\n        <\/p>\n    <\/div>\n\n    \n    <p class=\"form-row form-group form-row-wide\">\n        <label for=\"reg_email\">Adresse \u00e9lectronique <span class=\"required\">*<\/span><\/label>\n        <input type=\"email\" class=\"input-text form-control\" name=\"email\" id=\"reg_email\" value=\"\" required=\"required\" \/>\n        <label class=\"reg_email_error\"><\/label>\n            <\/p>\n\n    <p class=\"form-row form-group form-row-wide\">\n        <label for=\"shop-phone\">Num\u00e9ro de t\u00e9l\u00e9phone<span class=\"required\">*<\/span><\/label>\n        <input type=\"text\" class=\"input-text form-control\" name=\"phone\" id=\"shop-phone\" value=\"\" required=\"required\" \/>\n        <input type=\"hidden\" name=\"role\" value=\"seller\">\n    <\/p>\n\n        <p class=\"form-row form-group form-row-wide\">\n        <label for=\"reg_password\">Mot de passe <span class=\"required\">*<\/span><\/label>\n        <input type=\"password\" class=\"input-text form-control\" name=\"password\" id=\"reg_password\" value=\"\" required=\"required\" minlength=\"6\" \/>\n    <\/p>\n    \n    <!-- Spam Trap -->\n    <div style=\"left:-999em; position:absolute;\"><label for=\"trap\">Anti-spam<\/label><input type=\"text\" name=\"email_2\" id=\"trap\" tabindex=\"-1\" \/><\/div>\n\n    <p class=\"form-row form-group form-row-wide\">\n        <label for=\"company-name\">Nom de la boutique <span class=\"required\">*<\/span><\/label>\n        <input type=\"text\" class=\"input-text form-control\" name=\"shopname\" id=\"company-name\" value=\"\" required=\"required\" \/>\n    <\/p>\n\n    <p class=\"form-row form-group form-row-wide\">\n        <label for=\"seller-url\" class=\"pull-left\">URL de la boutique <span class=\"required\">*<\/span><\/label>\n        <strong id=\"url-alart-mgs\" class=\"pull-right\"><\/strong>\n        <input type=\"text\" class=\"input-text form-control\" name=\"shopurl\" id=\"seller-url\" value=\"\" required=\"required\" \/>\n        <small>https:\/\/myecobestfriend.com\/fr\/eco-shop\/<strong id=\"url-alart\"><\/strong><\/small>\n    <\/p>\n\n    \n    \n    \n    \n    \n    <p class=\"form-row\">\n        <input type=\"hidden\" id=\"woocommerce-register-nonce\" name=\"woocommerce-register-nonce\" value=\"3a9d63b2ae\" \/><input type=\"hidden\" name=\"_wp_http_referer\" value=\"\/fr\/wp-json\/wp\/v2\/pages\/75613\" \/>\n        <input type=\"submit\" class=\"woocommerce-Button woocommerce-button button\" name=\"register\" value=\"Registre\" \/>\n    <\/p>\n\n    <input type=\"hidden\" name=\"trp-form-language\" value=\"fr\"\/><\/form>\n        <\/div>\n    <\/div>\n<\/div>","protected":false},"excerpt":{"rendered":"","protected":false},"author":1,"featured_media":0,"parent":0,"menu_order":0,"comment_status":"closed","ping_status":"closed","template":"","meta":{"_acf_changed":false,"footnotes":""},"tags":[],"class_list":["post-75613","page","type-page","status-publish","hentry"],"acf":[],"_links":{"self":[{"href":"https:\/\/myecobestfriend.com\/fr\/wp-json\/wp\/v2\/pages\/75613","targetHints":{"allow":["GET"]}}],"collection":[{"href":"https:\/\/myecobestfriend.com\/fr\/wp-json\/wp\/v2\/pages"}],"about":[{"href":"https:\/\/myecobestfriend.com\/fr\/wp-json\/wp\/v2\/types\/page"}],"author":[{"embeddable":true,"href":"https:\/\/myecobestfriend.com\/fr\/wp-json\/wp\/v2\/users\/1"}],"replies":[{"embeddable":true,"href":"https:\/\/myecobestfriend.com\/fr\/wp-json\/wp\/v2\/comments?post=75613"}],"version-history":[{"count":0,"href":"https:\/\/myecobestfriend.com\/fr\/wp-json\/wp\/v2\/pages\/75613\/revisions"}],"wp:attachment":[{"href":"https:\/\/myecobestfriend.com\/fr\/wp-json\/wp\/v2\/media?parent=75613"}],"wp:term":[{"taxonomy":"post_tag","embeddable":true,"href":"https:\/\/myecobestfriend.com\/fr\/wp-json\/wp\/v2\/tags?post=75613"}],"curies":[{"name":"wp","href":"https:\/\/api.w.org\/{rel}","templated":true}]}}