  


{"id":53918,"date":"2024-06-20T23:25:44","date_gmt":"2024-06-20T21:25:44","guid":{"rendered":"https:\/\/myecobestfriend.com\/?post_type=product&#038;p=53918"},"modified":"2025-04-24T11:45:46","modified_gmt":"2025-04-24T09:45:46","slug":"sac-a-main-top-bag","status":"publish","type":"product","link":"https:\/\/myecobestfriend.com\/fr\/product\/top-bag-handbag\/","title":{"rendered":"Sac \u00e0 main Top bag"},"content":{"rendered":"<p>Couleur - brun animal\/noir<\/p>","protected":false},"excerpt":{"rendered":"<p>Sac \u00e0 main fabriqu\u00e9 \u00e0 partir de tissu, de chambres \u00e0 air de v\u00e9lo et de caoutchouc de pneu. Tous les mat\u00e9riaux du sac sont recycl\u00e9s. Fabriqu\u00e9 localement en Suisse, tant pour les mat\u00e9riaux collect\u00e9s que pour la main d'\u0153uvre. Cette pi\u00e8ce est unique !<\/p>","protected":false},"featured_media":53940,"comment_status":"open","ping_status":"closed","template":"","meta":{"_acf_changed":false},"product_brand":[],"product_cat":[139],"product_tag":[],"class_list":{"0":"post-53918","1":"product","2":"type-product","3":"status-publish","4":"has-post-thumbnail","6":"product_cat-bag","8":"first","9":"instock","10":"taxable","11":"shipping-taxable","12":"purchasable","13":"product-type-simple"},"acf":[],"_links":{"self":[{"href":"https:\/\/myecobestfriend.com\/fr\/wp-json\/wp\/v2\/product\/53918","targetHints":{"allow":["GET"]}}],"collection":[{"href":"https:\/\/myecobestfriend.com\/fr\/wp-json\/wp\/v2\/product"}],"about":[{"href":"https:\/\/myecobestfriend.com\/fr\/wp-json\/wp\/v2\/types\/product"}],"replies":[{"embeddable":true,"href":"https:\/\/myecobestfriend.com\/fr\/wp-json\/wp\/v2\/comments?post=53918"}],"version-history":[{"count":2,"href":"https:\/\/myecobestfriend.com\/fr\/wp-json\/wp\/v2\/product\/53918\/revisions"}],"predecessor-version":[{"id":53931,"href":"https:\/\/myecobestfriend.com\/fr\/wp-json\/wp\/v2\/product\/53918\/revisions\/53931"}],"wp:featuredmedia":[{"embeddable":true,"href":"https:\/\/myecobestfriend.com\/fr\/wp-json\/wp\/v2\/media\/53940"}],"wp:attachment":[{"href":"https:\/\/myecobestfriend.com\/fr\/wp-json\/wp\/v2\/media?parent=53918"}],"wp:term":[{"taxonomy":"product_brand","embeddable":true,"href":"https:\/\/myecobestfriend.com\/fr\/wp-json\/wp\/v2\/product_brand?post=53918"},{"taxonomy":"product_cat","embeddable":true,"href":"https:\/\/myecobestfriend.com\/fr\/wp-json\/wp\/v2\/product_cat?post=53918"},{"taxonomy":"product_tag","embeddable":true,"href":"https:\/\/myecobestfriend.com\/fr\/wp-json\/wp\/v2\/product_tag?post=53918"}],"curies":[{"name":"wp","href":"https:\/\/api.w.org\/{rel}","templated":true}]}}