  


{"id":53921,"date":"2024-06-20T23:36:17","date_gmt":"2024-06-20T21:36:17","guid":{"rendered":"https:\/\/myecobestfriend.com\/?post_type=product&#038;p=53921"},"modified":"2025-04-24T11:45:46","modified_gmt":"2025-04-24T09:45:46","slug":"sac-a-bandouliere","status":"publish","type":"product","link":"https:\/\/myecobestfriend.com\/fr\/product\/shoulder-bag\/","title":{"rendered":"Sac \u00e0 bandouli\u00e8re"},"content":{"rendered":"<p>Couleur - noir<\/p>","protected":false},"excerpt":{"rendered":"<p>Sac \u00e0 bandouli\u00e8re fabriqu\u00e9 \u00e0 partir de chambres \u00e0 air de camion, de pneus de v\u00e9lo et de tissu, 100% mat\u00e9riaux r\u00e9cup\u00e9r\u00e9s localement. Conception et fabrication locales<\/p>","protected":false},"featured_media":53942,"comment_status":"open","ping_status":"closed","template":"","meta":{"_acf_changed":false},"product_brand":[],"product_cat":[139],"product_tag":[],"class_list":{"0":"post-53921","1":"product","2":"type-product","3":"status-publish","4":"has-post-thumbnail","6":"product_cat-bag","8":"first","9":"instock","10":"taxable","11":"shipping-taxable","12":"purchasable","13":"product-type-simple"},"acf":[],"_links":{"self":[{"href":"https:\/\/myecobestfriend.com\/fr\/wp-json\/wp\/v2\/product\/53921","targetHints":{"allow":["GET"]}}],"collection":[{"href":"https:\/\/myecobestfriend.com\/fr\/wp-json\/wp\/v2\/product"}],"about":[{"href":"https:\/\/myecobestfriend.com\/fr\/wp-json\/wp\/v2\/types\/product"}],"replies":[{"embeddable":true,"href":"https:\/\/myecobestfriend.com\/fr\/wp-json\/wp\/v2\/comments?post=53921"}],"version-history":[{"count":2,"href":"https:\/\/myecobestfriend.com\/fr\/wp-json\/wp\/v2\/product\/53921\/revisions"}],"predecessor-version":[{"id":53932,"href":"https:\/\/myecobestfriend.com\/fr\/wp-json\/wp\/v2\/product\/53921\/revisions\/53932"}],"wp:featuredmedia":[{"embeddable":true,"href":"https:\/\/myecobestfriend.com\/fr\/wp-json\/wp\/v2\/media\/53942"}],"wp:attachment":[{"href":"https:\/\/myecobestfriend.com\/fr\/wp-json\/wp\/v2\/media?parent=53921"}],"wp:term":[{"taxonomy":"product_brand","embeddable":true,"href":"https:\/\/myecobestfriend.com\/fr\/wp-json\/wp\/v2\/product_brand?post=53921"},{"taxonomy":"product_cat","embeddable":true,"href":"https:\/\/myecobestfriend.com\/fr\/wp-json\/wp\/v2\/product_cat?post=53921"},{"taxonomy":"product_tag","embeddable":true,"href":"https:\/\/myecobestfriend.com\/fr\/wp-json\/wp\/v2\/product_tag?post=53921"}],"curies":[{"name":"wp","href":"https:\/\/api.w.org\/{rel}","templated":true}]}}