  


{"id":53954,"date":"2024-06-21T00:06:25","date_gmt":"2024-06-20T22:06:25","guid":{"rendered":"https:\/\/myecobestfriend.com\/?post_type=product&#038;p=53954"},"modified":"2025-04-24T11:45:45","modified_gmt":"2025-04-24T09:45:45","slug":"sac-a-bandouliere-2","status":"publish","type":"product","link":"https:\/\/myecobestfriend.com\/fr\/product\/shoulder-bag-2\/","title":{"rendered":"sac \u00e0 bandouli\u00e8re"},"content":{"rendered":"<p>Couleur - Noir, jaune et marron<\/p>","protected":false},"excerpt":{"rendered":"<p>Sac \u00e0 main fabriqu\u00e9 \u00e0 partir de chambre \u00e0 air de v\u00e9lo et de tissu. 100% mat\u00e9riaux r\u00e9cup\u00e9r\u00e9s localement. Design et artisanat locaux.<\/p>","protected":false},"featured_media":53958,"comment_status":"open","ping_status":"closed","template":"","meta":{"_acf_changed":false},"product_brand":[],"product_cat":[139],"product_tag":[],"class_list":{"0":"post-53954","1":"product","2":"type-product","3":"status-publish","4":"has-post-thumbnail","6":"product_cat-bag","8":"first","9":"instock","10":"taxable","11":"shipping-taxable","12":"purchasable","13":"product-type-simple"},"acf":[],"_links":{"self":[{"href":"https:\/\/myecobestfriend.com\/fr\/wp-json\/wp\/v2\/product\/53954","targetHints":{"allow":["GET"]}}],"collection":[{"href":"https:\/\/myecobestfriend.com\/fr\/wp-json\/wp\/v2\/product"}],"about":[{"href":"https:\/\/myecobestfriend.com\/fr\/wp-json\/wp\/v2\/types\/product"}],"replies":[{"embeddable":true,"href":"https:\/\/myecobestfriend.com\/fr\/wp-json\/wp\/v2\/comments?post=53954"}],"version-history":[{"count":1,"href":"https:\/\/myecobestfriend.com\/fr\/wp-json\/wp\/v2\/product\/53954\/revisions"}],"predecessor-version":[{"id":53959,"href":"https:\/\/myecobestfriend.com\/fr\/wp-json\/wp\/v2\/product\/53954\/revisions\/53959"}],"wp:featuredmedia":[{"embeddable":true,"href":"https:\/\/myecobestfriend.com\/fr\/wp-json\/wp\/v2\/media\/53958"}],"wp:attachment":[{"href":"https:\/\/myecobestfriend.com\/fr\/wp-json\/wp\/v2\/media?parent=53954"}],"wp:term":[{"taxonomy":"product_brand","embeddable":true,"href":"https:\/\/myecobestfriend.com\/fr\/wp-json\/wp\/v2\/product_brand?post=53954"},{"taxonomy":"product_cat","embeddable":true,"href":"https:\/\/myecobestfriend.com\/fr\/wp-json\/wp\/v2\/product_cat?post=53954"},{"taxonomy":"product_tag","embeddable":true,"href":"https:\/\/myecobestfriend.com\/fr\/wp-json\/wp\/v2\/product_tag?post=53954"}],"curies":[{"name":"wp","href":"https:\/\/api.w.org\/{rel}","templated":true}]}}