  


{"id":53960,"date":"2024-06-21T00:12:16","date_gmt":"2024-06-20T22:12:16","guid":{"rendered":"https:\/\/myecobestfriend.com\/?post_type=product&#038;p=53960"},"modified":"2025-04-24T11:45:45","modified_gmt":"2025-04-24T09:45:45","slug":"sac-a-main-hessian","status":"publish","type":"product","link":"https:\/\/myecobestfriend.com\/fr\/product\/hessian-handbag\/","title":{"rendered":"Sac \u00e0 main en toile de jute"},"content":{"rendered":"<p>Couleur - Beige, noir et bleu<\/p>","protected":false},"excerpt":{"rendered":"<p>Sac \u00e0 main en toile de jute et chambre \u00e0 air. 100% mat\u00e9riaux r\u00e9cup\u00e9r\u00e9s localement. Conception et fabrication locales. Le jute provient de sacs de transport de caf\u00e9.<\/p>","protected":false},"featured_media":53963,"comment_status":"open","ping_status":"closed","template":"","meta":{"_acf_changed":false},"product_brand":[],"product_cat":[139],"product_tag":[],"class_list":{"0":"post-53960","1":"product","2":"type-product","3":"status-publish","4":"has-post-thumbnail","6":"product_cat-bag","8":"first","9":"instock","10":"taxable","11":"shipping-taxable","12":"purchasable","13":"product-type-simple"},"acf":[],"_links":{"self":[{"href":"https:\/\/myecobestfriend.com\/fr\/wp-json\/wp\/v2\/product\/53960","targetHints":{"allow":["GET"]}}],"collection":[{"href":"https:\/\/myecobestfriend.com\/fr\/wp-json\/wp\/v2\/product"}],"about":[{"href":"https:\/\/myecobestfriend.com\/fr\/wp-json\/wp\/v2\/types\/product"}],"replies":[{"embeddable":true,"href":"https:\/\/myecobestfriend.com\/fr\/wp-json\/wp\/v2\/comments?post=53960"}],"version-history":[{"count":1,"href":"https:\/\/myecobestfriend.com\/fr\/wp-json\/wp\/v2\/product\/53960\/revisions"}],"predecessor-version":[{"id":53964,"href":"https:\/\/myecobestfriend.com\/fr\/wp-json\/wp\/v2\/product\/53960\/revisions\/53964"}],"wp:featuredmedia":[{"embeddable":true,"href":"https:\/\/myecobestfriend.com\/fr\/wp-json\/wp\/v2\/media\/53963"}],"wp:attachment":[{"href":"https:\/\/myecobestfriend.com\/fr\/wp-json\/wp\/v2\/media?parent=53960"}],"wp:term":[{"taxonomy":"product_brand","embeddable":true,"href":"https:\/\/myecobestfriend.com\/fr\/wp-json\/wp\/v2\/product_brand?post=53960"},{"taxonomy":"product_cat","embeddable":true,"href":"https:\/\/myecobestfriend.com\/fr\/wp-json\/wp\/v2\/product_cat?post=53960"},{"taxonomy":"product_tag","embeddable":true,"href":"https:\/\/myecobestfriend.com\/fr\/wp-json\/wp\/v2\/product_tag?post=53960"}],"curies":[{"name":"wp","href":"https:\/\/api.w.org\/{rel}","templated":true}]}}