  


{"id":56833,"date":"2024-11-12T14:42:56","date_gmt":"2024-11-12T13:42:56","guid":{"rendered":"https:\/\/myecobestfriend.com\/?post_type=product&#038;p=56833"},"modified":"2025-04-24T11:13:44","modified_gmt":"2025-04-24T09:13:44","slug":"book-for-children-the-adventures-of-the-mon-eco-pote-team","status":"publish","type":"product","link":"https:\/\/myecobestfriend.com\/fr\/product\/book-for-children-the-adventures-of-the-mon-eco-pote-team\/","title":{"rendered":"Livre pour enfants - Les aventures de l'\u00e9quipe de Mon Eco Pote :"},"content":{"rendered":"<div id=\"contact\" class=\"elementor-element elementor-element-1f64b75 elementor-view-default elementor-position-top elementor-mobile-position-top elementor-widget elementor-widget-icon-box\" data-id=\"1f64b75\" data-element_type=\"widget\" data-widget_type=\"icon-box.default\">\n<div class=\"elementor-widget-container\">\n<div class=\"elementor-icon-box-wrapper\">\n<div class=\"elementor-icon-box-content\">\n<p class=\"elementor-icon-box-description\">Les aventures de l'\u00e9quipe de Mon Eco Pote : Un livre pour \u00e9veiller les petits \u00e9cologistes<\/p>\n<\/div>\n<\/div>\n<\/div>\n<\/div>\n<div class=\"elementor-element elementor-element-3a7865e elementor-widget elementor-widget-text-editor\" data-id=\"3a7865e\" data-element_type=\"widget\" data-widget_type=\"text-editor.default\">\n<div class=\"elementor-widget-container\">\n<p>D\u00e9couvrez Froggy, le super-h\u00e9ros grenouille qui vit dans les profondeurs de la Grande Caricaie, au bord du lac de Neuch\u00e2tel, pr\u00e8s d'Estavayer. Cette grenouille extraordinaire, \u00e0 la peau verte et aux yeux p\u00e9tillants, a un coeur aussi grand que le lac lui-m\u00eame. Avec son \u00e9quipe d'\u00e9cologistes, Froggy se lance dans une noble mission : prot\u00e9ger la nature et sauver tous les animaux en d\u00e9tresse. \u00c0 travers leurs aventures palpitantes dans la belle campagne suisse, ce livre ne se contente pas de divertir, il \u00e9duque et incite les enfants \u00e0 devenir les gardiens de notre pr\u00e9cieuse plan\u00e8te.<br \/>\nOffrez plus qu'un livre : offrez un passeport pour un avenir plus vert !<\/p>\n<\/div>\n<\/div>","protected":false},"excerpt":{"rendered":"<p>Les aventures de l'\u00e9quipe de Mon Eco Pote : Un livre pour \u00e9veiller les petits \u00e9cologistes<\/p>","protected":false},"featured_media":56713,"comment_status":"open","ping_status":"closed","template":"","meta":{"_acf_changed":false},"product_brand":[],"product_cat":[92],"product_tag":[101],"class_list":{"0":"post-56833","1":"product","2":"type-product","3":"status-publish","4":"has-post-thumbnail","6":"product_cat-book","7":"product_tag-book","8":"product_shipping_class-parcel-up-to-2kg","10":"first","11":"instock","12":"shipping-taxable","13":"purchasable","14":"product-type-simple"},"acf":[],"_links":{"self":[{"href":"https:\/\/myecobestfriend.com\/fr\/wp-json\/wp\/v2\/product\/56833","targetHints":{"allow":["GET"]}}],"collection":[{"href":"https:\/\/myecobestfriend.com\/fr\/wp-json\/wp\/v2\/product"}],"about":[{"href":"https:\/\/myecobestfriend.com\/fr\/wp-json\/wp\/v2\/types\/product"}],"replies":[{"embeddable":true,"href":"https:\/\/myecobestfriend.com\/fr\/wp-json\/wp\/v2\/comments?post=56833"}],"version-history":[{"count":1,"href":"https:\/\/myecobestfriend.com\/fr\/wp-json\/wp\/v2\/product\/56833\/revisions"}],"predecessor-version":[{"id":56834,"href":"https:\/\/myecobestfriend.com\/fr\/wp-json\/wp\/v2\/product\/56833\/revisions\/56834"}],"wp:featuredmedia":[{"embeddable":true,"href":"https:\/\/myecobestfriend.com\/fr\/wp-json\/wp\/v2\/media\/56713"}],"wp:attachment":[{"href":"https:\/\/myecobestfriend.com\/fr\/wp-json\/wp\/v2\/media?parent=56833"}],"wp:term":[{"taxonomy":"product_brand","embeddable":true,"href":"https:\/\/myecobestfriend.com\/fr\/wp-json\/wp\/v2\/product_brand?post=56833"},{"taxonomy":"product_cat","embeddable":true,"href":"https:\/\/myecobestfriend.com\/fr\/wp-json\/wp\/v2\/product_cat?post=56833"},{"taxonomy":"product_tag","embeddable":true,"href":"https:\/\/myecobestfriend.com\/fr\/wp-json\/wp\/v2\/product_tag?post=56833"}],"curies":[{"name":"wp","href":"https:\/\/api.w.org\/{rel}","templated":true}]}}