  


{"id":56839,"date":"2024-11-12T14:56:18","date_gmt":"2024-11-12T13:56:18","guid":{"rendered":"https:\/\/myecobestfriend.com\/?post_type=product&#038;p=56839"},"modified":"2025-04-24T11:13:26","modified_gmt":"2025-04-24T09:13:26","slug":"planter-un-arbre-prendre-soin-de-nos-forets","status":"publish","type":"product","link":"https:\/\/myecobestfriend.com\/fr\/product\/plant-a-tree-look-after-our-forests\/","title":{"rendered":"Plantez un arbre, prenez soin de nos for\u00eats"},"content":{"rendered":"<p>Offrez un cadeau qui fait grandir l'avenir : un bon pour planter un arbre. Par ce geste simple mais puissant, vous contribuez \u00e0 la reforestation et \u00e0 la pr\u00e9servation des \u00e9cosyst\u00e8mes. Chaque arbre plant\u00e9 contribue \u00e0 l'absorption du CO2, au maintien de la biodiversit\u00e9 et \u00e0 la r\u00e9g\u00e9n\u00e9ration des sols. C'est une mani\u00e8re concr\u00e8te et durable de contribuer \u00e0 la lutte contre le changement climatique. En offrant ce bon, vous donnez plus qu'un arbre : vous offrez une nouvelle vie \u00e0 la plan\u00e8te.<\/p>","protected":false},"excerpt":{"rendered":"<p>Faites un don et nous planterons un arbre pour vous en Suisse !<\/p>","protected":false},"featured_media":56244,"comment_status":"open","ping_status":"closed","template":"","meta":{"_acf_changed":false},"product_brand":[],"product_cat":[118],"product_tag":[117],"class_list":{"0":"post-56839","1":"product","2":"type-product","3":"status-publish","4":"has-post-thumbnail","6":"product_cat-plants-herbs","7":"product_tag-plants-herbs","9":"first","10":"instock","11":"virtual","12":"purchasable","13":"product-type-simple"},"acf":[],"_links":{"self":[{"href":"https:\/\/myecobestfriend.com\/fr\/wp-json\/wp\/v2\/product\/56839","targetHints":{"allow":["GET"]}}],"collection":[{"href":"https:\/\/myecobestfriend.com\/fr\/wp-json\/wp\/v2\/product"}],"about":[{"href":"https:\/\/myecobestfriend.com\/fr\/wp-json\/wp\/v2\/types\/product"}],"replies":[{"embeddable":true,"href":"https:\/\/myecobestfriend.com\/fr\/wp-json\/wp\/v2\/comments?post=56839"}],"version-history":[{"count":1,"href":"https:\/\/myecobestfriend.com\/fr\/wp-json\/wp\/v2\/product\/56839\/revisions"}],"predecessor-version":[{"id":56840,"href":"https:\/\/myecobestfriend.com\/fr\/wp-json\/wp\/v2\/product\/56839\/revisions\/56840"}],"wp:featuredmedia":[{"embeddable":true,"href":"https:\/\/myecobestfriend.com\/fr\/wp-json\/wp\/v2\/media\/56244"}],"wp:attachment":[{"href":"https:\/\/myecobestfriend.com\/fr\/wp-json\/wp\/v2\/media?parent=56839"}],"wp:term":[{"taxonomy":"product_brand","embeddable":true,"href":"https:\/\/myecobestfriend.com\/fr\/wp-json\/wp\/v2\/product_brand?post=56839"},{"taxonomy":"product_cat","embeddable":true,"href":"https:\/\/myecobestfriend.com\/fr\/wp-json\/wp\/v2\/product_cat?post=56839"},{"taxonomy":"product_tag","embeddable":true,"href":"https:\/\/myecobestfriend.com\/fr\/wp-json\/wp\/v2\/product_tag?post=56839"}],"curies":[{"name":"wp","href":"https:\/\/api.w.org\/{rel}","templated":true}]}}