  


{"id":56856,"date":"2024-11-12T16:57:39","date_gmt":"2024-11-12T15:57:39","guid":{"rendered":"https:\/\/myecobestfriend.com\/?post_type=product&#038;p=56856"},"modified":"2025-04-24T11:11:59","modified_gmt":"2025-04-24T09:11:59","slug":"faire-un-don-a-notre-association","status":"publish","type":"product","link":"https:\/\/myecobestfriend.com\/fr\/product\/make-a-donation-to-our-association\/","title":{"rendered":"Faire un don \u00e0 notre association - 25 CHF"},"content":{"rendered":"<h2 class=\"elementor-heading-title elementor-size-default\">Devenez un h\u00e9ros de l'environnement !<\/h2>\n<p>Faites de ces f\u00eates de fin d'ann\u00e9e une occasion d'agir concr\u00e8tement pour notre plan\u00e8te. En choisissant de faire un don \u00e0 l'association Mon Eco Pote, vous participez activement \u00e0 notre combat pour l'environnement.<\/p>\n<p>Chaque contribution, quel que soit son montant, sert \u00e0 financer nos programmes d'\u00e9ducation \u00e0 l'environnement, nos campagnes de sensibilisation et nos actions de protection de la nature. En signe de reconnaissance, nous honorerons votre g\u00e9n\u00e9rosit\u00e9 en vous pr\u00e9sentant comme un donateur engag\u00e9 sur nos plateformes num\u00e9riques.<\/p>\n<p>De plus, notre association \u00e9tant reconnue d'utilit\u00e9 publique, vos dons seront exon\u00e9r\u00e9s d'imp\u00f4ts.<\/p>","protected":false},"excerpt":{"rendered":"<div class=\"elementor-element elementor-element-1ebe1b6 e-flex e-con-boxed e-con e-parent e-lazyloaded\" data-id=\"1ebe1b6\" data-element_type=\"container\">\n<div class=\"e-con-inner\">\n<div class=\"elementor-element elementor-element-e258372 elementor-widget elementor-widget-heading\" data-id=\"e258372\" data-element_type=\"widget\" data-widget_type=\"heading.default\">\n<div class=\"elementor-widget-container\">\n<h2 class=\"elementor-heading-title elementor-size-default\">Faites un don maintenant !<\/h2>\n<\/div>\n<\/div>\n<\/div>\n<\/div>\n<div class=\"elementor-element elementor-element-376d6bd e-flex e-con-boxed e-con e-parent e-lazyloaded\" data-id=\"376d6bd\" data-element_type=\"container\">\n<div class=\"e-con-inner\">\n<div class=\"elementor-element elementor-element-8bde6f6 elementor-widget elementor-widget-text-editor\" data-id=\"8bde6f6\" data-element_type=\"widget\" data-widget_type=\"text-editor.default\">\n<div class=\"elementor-widget-container\">\n<p>Chaque cadeau est accompagn\u00e9 d'une carte cadeau en ligne que vous pouvez envoyer \u00e0 la personne \u00e0 qui vous offrez ce cadeau.<\/p>\n<\/div>\n<\/div>\n<\/div>\n<\/div>","protected":false},"featured_media":56637,"comment_status":"open","ping_status":"closed","template":"","meta":{"_acf_changed":false},"product_brand":[],"product_cat":[133],"product_tag":[134],"class_list":{"0":"post-56856","1":"product","2":"type-product","3":"status-publish","4":"has-post-thumbnail","6":"product_cat-training-education","7":"product_tag-training-education","9":"first","10":"instock","11":"virtual","12":"purchasable","13":"product-type-simple"},"acf":[],"_links":{"self":[{"href":"https:\/\/myecobestfriend.com\/fr\/wp-json\/wp\/v2\/product\/56856","targetHints":{"allow":["GET"]}}],"collection":[{"href":"https:\/\/myecobestfriend.com\/fr\/wp-json\/wp\/v2\/product"}],"about":[{"href":"https:\/\/myecobestfriend.com\/fr\/wp-json\/wp\/v2\/types\/product"}],"replies":[{"embeddable":true,"href":"https:\/\/myecobestfriend.com\/fr\/wp-json\/wp\/v2\/comments?post=56856"}],"version-history":[{"count":4,"href":"https:\/\/myecobestfriend.com\/fr\/wp-json\/wp\/v2\/product\/56856\/revisions"}],"predecessor-version":[{"id":64600,"href":"https:\/\/myecobestfriend.com\/fr\/wp-json\/wp\/v2\/product\/56856\/revisions\/64600"}],"wp:featuredmedia":[{"embeddable":true,"href":"https:\/\/myecobestfriend.com\/fr\/wp-json\/wp\/v2\/media\/56637"}],"wp:attachment":[{"href":"https:\/\/myecobestfriend.com\/fr\/wp-json\/wp\/v2\/media?parent=56856"}],"wp:term":[{"taxonomy":"product_brand","embeddable":true,"href":"https:\/\/myecobestfriend.com\/fr\/wp-json\/wp\/v2\/product_brand?post=56856"},{"taxonomy":"product_cat","embeddable":true,"href":"https:\/\/myecobestfriend.com\/fr\/wp-json\/wp\/v2\/product_cat?post=56856"},{"taxonomy":"product_tag","embeddable":true,"href":"https:\/\/myecobestfriend.com\/fr\/wp-json\/wp\/v2\/product_tag?post=56856"}],"curies":[{"name":"wp","href":"https:\/\/api.w.org\/{rel}","templated":true}]}}