  


{"id":56878,"date":"2024-11-12T17:17:16","date_gmt":"2024-11-12T16:17:16","guid":{"rendered":"https:\/\/myecobestfriend.com\/?post_type=product&#038;p=56878"},"modified":"2025-04-24T10:43:23","modified_gmt":"2025-04-24T08:43:23","slug":"cours-de-cuisine-durable","status":"publish","type":"product","link":"https:\/\/myecobestfriend.com\/fr\/product\/sustainable-cooking-lesson\/","title":{"rendered":"Cours de cuisine durable"},"content":{"rendered":"<p>Offrez l'exp\u00e9rience savoureuse d'un cours de cuisine durable et emmenez votre famille et vos amis dans une aventure culinaire bonne pour la plan\u00e8te ! Nos ateliers gourmands sont une v\u00e9ritable r\u00e9volution dans l'assiette : apprenez \u00e0 concocter de d\u00e9licieux plats tout en r\u00e9duisant votre empreinte \u00e9cologique.<\/p>\n<p>D\u00e9couvrez les secrets de la cuisine z\u00e9ro-temps, explorez les tr\u00e9sors des produits locaux et de saison, et ma\u00eetrisez l'art de la cuisine durable sans faire de compromis sur le go\u00fbt. Que vous soyez un cordon bleu en herbe ou un gourmet curieux, ce cadeau promet d'\u00eatre une exp\u00e9rience d\u00e9licieuse et enrichissante.<\/p>","protected":false},"excerpt":{"rendered":"<p><strong>Devenir un chef \u00e9co-responsable<\/strong><\/p>","protected":false},"featured_media":56633,"comment_status":"open","ping_status":"closed","template":"","meta":{"_acf_changed":false},"product_brand":[],"product_cat":[133],"product_tag":[134],"class_list":{"0":"post-56878","1":"product","2":"type-product","3":"status-publish","4":"has-post-thumbnail","6":"product_cat-training-education","7":"product_tag-training-education","9":"first","10":"instock","11":"virtual","12":"purchasable","13":"product-type-simple"},"acf":[],"_links":{"self":[{"href":"https:\/\/myecobestfriend.com\/fr\/wp-json\/wp\/v2\/product\/56878","targetHints":{"allow":["GET"]}}],"collection":[{"href":"https:\/\/myecobestfriend.com\/fr\/wp-json\/wp\/v2\/product"}],"about":[{"href":"https:\/\/myecobestfriend.com\/fr\/wp-json\/wp\/v2\/types\/product"}],"replies":[{"embeddable":true,"href":"https:\/\/myecobestfriend.com\/fr\/wp-json\/wp\/v2\/comments?post=56878"}],"version-history":[{"count":1,"href":"https:\/\/myecobestfriend.com\/fr\/wp-json\/wp\/v2\/product\/56878\/revisions"}],"predecessor-version":[{"id":56879,"href":"https:\/\/myecobestfriend.com\/fr\/wp-json\/wp\/v2\/product\/56878\/revisions\/56879"}],"wp:featuredmedia":[{"embeddable":true,"href":"https:\/\/myecobestfriend.com\/fr\/wp-json\/wp\/v2\/media\/56633"}],"wp:attachment":[{"href":"https:\/\/myecobestfriend.com\/fr\/wp-json\/wp\/v2\/media?parent=56878"}],"wp:term":[{"taxonomy":"product_brand","embeddable":true,"href":"https:\/\/myecobestfriend.com\/fr\/wp-json\/wp\/v2\/product_brand?post=56878"},{"taxonomy":"product_cat","embeddable":true,"href":"https:\/\/myecobestfriend.com\/fr\/wp-json\/wp\/v2\/product_cat?post=56878"},{"taxonomy":"product_tag","embeddable":true,"href":"https:\/\/myecobestfriend.com\/fr\/wp-json\/wp\/v2\/product_tag?post=56878"}],"curies":[{"name":"wp","href":"https:\/\/api.w.org\/{rel}","templated":true}]}}