  


{"id":35677,"date":"2022-04-08T16:08:02","date_gmt":"2022-04-08T14:08:02","guid":{"rendered":"https:\/\/myecobestfriend.com\/?page_id=35677"},"modified":"2025-10-09T16:15:55","modified_gmt":"2025-10-09T14:15:55","slug":"tutti-i-dati-protetti","status":"publish","type":"page","link":"https:\/\/myecobestfriend.com\/it\/all-data-protection\/","title":{"rendered":"Tutti - Protezione dei dati"},"content":{"rendered":"<div data-elementor-type=\"wp-post\" data-elementor-id=\"35677\" class=\"elementor elementor-35677\" data-elementor-settings=\"{&quot;element_pack_global_tooltip_width&quot;:{&quot;unit&quot;:&quot;px&quot;,&quot;size&quot;:&quot;&quot;,&quot;sizes&quot;:[]},&quot;element_pack_global_tooltip_width_tablet&quot;:{&quot;unit&quot;:&quot;px&quot;,&quot;size&quot;:&quot;&quot;,&quot;sizes&quot;:[]},&quot;element_pack_global_tooltip_width_mobile&quot;:{&quot;unit&quot;:&quot;px&quot;,&quot;size&quot;:&quot;&quot;,&quot;sizes&quot;:[]},&quot;element_pack_global_tooltip_padding&quot;:{&quot;unit&quot;:&quot;px&quot;,&quot;top&quot;:&quot;&quot;,&quot;right&quot;:&quot;&quot;,&quot;bottom&quot;:&quot;&quot;,&quot;left&quot;:&quot;&quot;,&quot;isLinked&quot;:true},&quot;element_pack_global_tooltip_padding_tablet&quot;:{&quot;unit&quot;:&quot;px&quot;,&quot;top&quot;:&quot;&quot;,&quot;right&quot;:&quot;&quot;,&quot;bottom&quot;:&quot;&quot;,&quot;left&quot;:&quot;&quot;,&quot;isLinked&quot;:true},&quot;element_pack_global_tooltip_padding_mobile&quot;:{&quot;unit&quot;:&quot;px&quot;,&quot;top&quot;:&quot;&quot;,&quot;right&quot;:&quot;&quot;,&quot;bottom&quot;:&quot;&quot;,&quot;left&quot;:&quot;&quot;,&quot;isLinked&quot;:true},&quot;element_pack_global_tooltip_border_radius&quot;:{&quot;unit&quot;:&quot;px&quot;,&quot;top&quot;:&quot;&quot;,&quot;right&quot;:&quot;&quot;,&quot;bottom&quot;:&quot;&quot;,&quot;left&quot;:&quot;&quot;,&quot;isLinked&quot;:true},&quot;element_pack_global_tooltip_border_radius_tablet&quot;:{&quot;unit&quot;:&quot;px&quot;,&quot;top&quot;:&quot;&quot;,&quot;right&quot;:&quot;&quot;,&quot;bottom&quot;:&quot;&quot;,&quot;left&quot;:&quot;&quot;,&quot;isLinked&quot;:true},&quot;element_pack_global_tooltip_border_radius_mobile&quot;:{&quot;unit&quot;:&quot;px&quot;,&quot;top&quot;:&quot;&quot;,&quot;right&quot;:&quot;&quot;,&quot;bottom&quot;:&quot;&quot;,&quot;left&quot;:&quot;&quot;,&quot;isLinked&quot;:true}}\" data-elementor-post-type=\"page\">\n\t\t\t\t\t\t<section class=\"elementor-section elementor-top-section elementor-element elementor-element-2d9aa74 elementor-section-height-min-height elementor-section-boxed elementor-section-height-default elementor-section-items-middle\" data-id=\"2d9aa74\" data-element_type=\"section\" data-e-type=\"section\" data-settings=\"{&quot;background_background&quot;:&quot;classic&quot;}\">\n\t\t\t\t\t\t\t<div class=\"elementor-background-overlay\"><\/div>\n\t\t\t\t\t\t\t<div class=\"elementor-container elementor-column-gap-default\">\n\t\t\t\t\t<div class=\"elementor-column elementor-col-100 elementor-top-column elementor-element elementor-element-506a7ca\" data-id=\"506a7ca\" data-element_type=\"column\" data-e-type=\"column\">\n\t\t\t<div class=\"elementor-widget-wrap\">\n\t\t\t\t\t\t\t<\/div>\n\t\t<\/div>\n\t\t\t\t\t<\/div>\n\t\t<\/section>\n\t\t\t\t<section class=\"elementor-section elementor-top-section elementor-element elementor-element-ac56b61 elementor-section-boxed elementor-section-height-default elementor-section-height-default\" data-id=\"ac56b61\" data-element_type=\"section\" data-e-type=\"section\" data-settings=\"{&quot;background_background&quot;:&quot;classic&quot;}\">\n\t\t\t\t\t\t<div class=\"elementor-container elementor-column-gap-default\">\n\t\t\t\t\t<div class=\"elementor-column elementor-col-100 elementor-top-column elementor-element elementor-element-8577210\" data-id=\"8577210\" data-element_type=\"column\" data-e-type=\"column\">\n\t\t\t<div class=\"elementor-widget-wrap elementor-element-populated\">\n\t\t\t\t\t\t<div class=\"elementor-element elementor-element-2258281 elementor-widget elementor-widget-text-editor\" data-id=\"2258281\" data-element_type=\"widget\" data-e-type=\"widget\" data-widget_type=\"text-editor.default\">\n\t\t\t\t\t\t\t\t\t<p>Politica di protezione dei dati<\/p>\t\t\t\t\t\t\t\t<\/div>\n\t\t\t\t\t<\/div>\n\t\t<\/div>\n\t\t\t\t\t<\/div>\n\t\t<\/section>\n\t\t\t\t<section class=\"elementor-section elementor-top-section elementor-element elementor-element-783f653c elementor-section-boxed elementor-section-height-default elementor-section-height-default\" data-id=\"783f653c\" data-element_type=\"section\" data-e-type=\"section\" data-settings=\"{&quot;background_background&quot;:&quot;classic&quot;}\">\n\t\t\t\t\t\t<div class=\"elementor-container elementor-column-gap-default\">\n\t\t\t\t\t<div class=\"elementor-column elementor-col-100 elementor-top-column elementor-element elementor-element-1fba9715\" data-id=\"1fba9715\" data-element_type=\"column\" data-e-type=\"column\">\n\t\t\t<div class=\"elementor-widget-wrap elementor-element-populated\">\n\t\t\t\t\t\t<section class=\"elementor-section elementor-inner-section elementor-element elementor-element-40b2bbb5 elementor-section-full_width elementor-section-height-default elementor-section-height-default\" data-id=\"40b2bbb5\" data-element_type=\"section\" data-e-type=\"section\">\n\t\t\t\t\t\t<div class=\"elementor-container elementor-column-gap-no\">\n\t\t\t\t\t<div class=\"elementor-column elementor-col-100 elementor-inner-column elementor-element elementor-element-115bb124\" data-id=\"115bb124\" data-element_type=\"column\" data-e-type=\"column\" data-settings=\"{&quot;background_background&quot;:&quot;classic&quot;}\">\n\t\t\t<div class=\"elementor-widget-wrap elementor-element-populated\">\n\t\t\t\t\t\t<div class=\"elementor-element elementor-element-24b1890 elementor-widget elementor-widget-image\" data-id=\"24b1890\" data-element_type=\"widget\" data-e-type=\"widget\" data-widget_type=\"image.default\">\n\t\t\t\t\t\t\t\t\t\t\t\t\t\t\t<img fetchpriority=\"high\" decoding=\"async\" width=\"612\" height=\"408\" src=\"https:\/\/myecobestfriend.com\/wp-content\/uploads\/2021\/10\/istockphoto-185258639-612x612-1.jpg\" class=\"attachment-full size-full wp-image-19261\" alt=\"\" srcset=\"https:\/\/myecobestfriend.com\/wp-content\/uploads\/2021\/10\/istockphoto-185258639-612x612-1.jpg 612w, https:\/\/myecobestfriend.com\/wp-content\/uploads\/2021\/10\/istockphoto-185258639-612x612-1-600x400.jpg 600w, https:\/\/myecobestfriend.com\/wp-content\/uploads\/2021\/10\/istockphoto-185258639-612x612-1-18x12.jpg 18w, https:\/\/myecobestfriend.com\/wp-content\/uploads\/2021\/10\/istockphoto-185258639-612x612-1-25x17.jpg 25w, https:\/\/myecobestfriend.com\/wp-content\/uploads\/2021\/10\/istockphoto-185258639-612x612-1-100x67.jpg 100w\" sizes=\"(max-width: 612px) 100vw, 612px\" \/>\t\t\t\t\t\t\t\t\t\t\t\t\t\t\t<\/div>\n\t\t\t\t<div class=\"elementor-element elementor-element-e1ba9b7 elementor-widget elementor-widget-text-editor\" data-id=\"e1ba9b7\" data-element_type=\"widget\" data-e-type=\"widget\" data-widget_type=\"text-editor.default\">\n\t\t\t\t\t\t\t\t\t<h1>POLITICA DI PROTEZIONE DEI DATI<\/h1><p>14 aprile 2025<\/p><p><strong>Politica di protezione dei dati personali<\/strong><\/p><p><strong>Preambolo<\/strong><\/p><p>Mon Eco Pote \u00e8 un'associazione che si occupa di aiutare i cittadini e la societ\u00e0 svizzera a rispettare l'ambiente. La sua sede legale \u00e8 in Route de Longefont,19, 1475, Autavaux, Svizzera. \u00c8 responsabile del trattamento effettuato quando si naviga, si crea un account o si acquista un articolo dal nostro sito web, o quando si utilizza la nostra piattaforma My Eco Best Friend.<\/p><p>My Eco Best Friend considera la privacy e la protezione dei dati personali una priorit\u00e0.<\/p><p>Per aiutarvi a capire meglio come trattiamo i vostri dati e a fare scelte informate su come li utilizziamo, vi invitiamo a continuare a leggere.<\/p><p>Mon Eco Pote si impegna a rispettare tutti gli obblighi derivanti dalla normativa applicabile al trattamento dei dati personali, in particolare:<\/p><p>Del Regolamento (UE) 2016\/679 del Parlamento europeo e del Consiglio del 27 aprile 2016 applicabile dal 25 maggio 2018 (di seguito European Data Protection Regulation o GDPR)<\/p><p>La legge francese sulla protezione dei dati personali n. 78-17 del 6 gennaio 1978 e successive modifiche,<\/p><p>I pareri e le raccomandazioni delle Autorit\u00e0 di controllo, del Gruppo per la tutela delle persone con riguardo al trattamento dei dati personali o del Comitato europeo per la protezione dei dati.<\/p><p>La Legge federale sulla protezione dei dati (LPD) del 25 settembre 2020<\/p><ol><li><strong>Definizioni<\/strong><\/li><\/ol><p>\"Dati personali\": qualsiasi informazione relativa a una persona fisica identificata o identificabile, direttamente o indirettamente, mediante un identificatore come nome, numero di telefono, indirizzo postale, indirizzo e-mail, numero di identificazione, dati relativi all'ubicazione, ecc.<\/p><p>estrazione, consultazione, utilizzo, interconnessione, limitazione, cancellazione, distruzione, ecc.<\/p><p>\"Titolare del trattamento\": la persona fisica o giuridica, pubblica o privata, o il servizio, che da solo o con altri determina le finalit\u00e0 e i mezzi del trattamento.<\/p><p>\"Subincaricato\": la persona fisica o giuridica, pubblica o privata, o il servizio che tratta i dati personali per conto del responsabile del trattamento.<\/p><ol start=\"2\"><li><strong>Responsabile della protezione dei dati<\/strong><\/li><\/ol><p>Mon Eco Pote ha nominato Ga\u00ebtan Bio responsabile della protezione dei dati. La sua missione \u00e8 quella di informare e consigliare il responsabile del trattamento dei dati, garantire la conformit\u00e0 alle normative vigenti e in particolare assicurare il rispetto dei diritti delle persone.<\/p><ol start=\"3\"><li><strong>Trattamento effettuato e base giuridica<\/strong><\/li><\/ol><p>Utilizziamo i vostri dati per:<\/p><p>creare e gestire il vostro conto cliente (esecuzione delle misure precontrattuali ed esecuzione del contratto).<\/p><p>gestire e proteggere i vostri pagamenti (obbligo di legge) e consentirvi di registrare i vostri dati bancari se lo desiderate (consenso);<\/p><p>per garantire il corretto svolgimento delle vostre transazioni e per monitorare i vostri ordini (esecuzione del contratto).<\/p><p>per consentirci di gestire i vostri reclami al nostro servizio clienti, via e-mail o per telefono (esecuzione del contratto o interesse legittimo se non siete un Socio).<\/p><p>per rispondere alle vostre richieste di informazioni tramite i nostri moduli di contatto (interesse legittimo).<\/p><p>garantire la sicurezza della Piattaforma, dei vostri dati e dei vostri scambi, in particolare moderando i vostri commenti e il contenuto dei vostri messaggi con altri Membri (interesse legittimo).<\/p><p>garantire la sicurezza della Piattaforma, dei vostri dati e dei vostri scambi, in particolare moderando i vostri commenti e il contenuto dei vostri messaggi con altri Membri (interesse legittimo).<\/p><p>per conformarsi alle leggi e ai regolamenti in vigore e a qualsiasi decisione di un'autorit\u00e0 giudiziaria competente o a qualsiasi richiesta legale (obblighi legali).<\/p><p>adempiere ai nostri obblighi legali di lotta alla criminalit\u00e0, al terrorismo e al riciclaggio di denaro (obblighi legali).<\/p><p>combattere le frodi ed effettuare tutti i controlli necessari per prevenire l'uso fraudolento della nostra Piattaforma (interesse legittimo).<\/p><p>Prendiamo tutte le precauzioni necessarie per proteggere la sicurezza dei vostri dati.<\/p><p>Conserviamo i vostri dati per tutto il tempo in cui siete attivi sulla nostra Piattaforma.<\/p><p>In caso di inattivit\u00e0 prolungata per un periodo di 3 anni o in caso di richiesta di chiusura dell'account, archivieremo l'account e conserveremo i dati associati per un periodo di 10 anni, in modo da poter adempiere ai nostri obblighi legali, in particolare agli obblighi fiscali.<\/p><p>Al termine di questo periodo di 10 anni, i dati vengono anonimizzati e infine cancellati. Il vostro account e i vostri dati diventeranno quindi inattivi.<\/p><p>Se avete creato un account sulla nostra Piattaforma, ma non avete effettuato alcuna transazione (acquisti o vendite) per tre anni consecutivi, i vostri dati saranno resi anonimi e infine cancellati. Potete anche richiedere la cancellazione del vostro account.<\/p><ol start=\"4\"><li><strong>Come esercitare i propri diritti<\/strong><\/li><\/ol><p>In conformit\u00e0 alla normativa vigente, l'utente ha il diritto di accedere, rettificare, cancellare, opporsi, limitare e trasferire i propri dati personali.<\/p><p>Nel caso in cui il trattamento sia basato sul vostro consenso, potete revocarlo in qualsiasi momento. In questo caso, la liceit\u00e0 del trattamento effettuato prima della revoca non sar\u00e0 messa in discussione.<\/p><p>Se la base di legittimit\u00e0 \u00e8 il legittimo interesse, ai sensi dell'articolo 21 del GDPR, avete il diritto di opporvi in qualsiasi momento al trattamento dei dati che vi riguardano, per motivi legati alla vostra situazione particolare.<\/p><p>Infine, potete comunicarci le vostre istruzioni in merito alla conservazione, alla cancellazione e alla comunicazione dei vostri dati personali in caso di decesso.<\/p><p>\u00c8 possibile esercitare i propri diritti scrivendo al seguente indirizzo<\/p><p>Ga\u00ebtan Bio<\/p><p>Route de Longefont, 19, 1475, Estavayer - Svizzera<\/p><p>Oppure via e-mail al seguente indirizzo: contact@myecobestfriend.com<\/p><p>Nell'interesse della riservatezza e della protezione dei dati, vi preghiamo di scriverci all'indirizzo e-mail collegato al vostro account.<\/p><p>Per le richieste effettuate via e-mail o per posta, \u00e8 necessario fornire una copia del documento d'identit\u00e0.<\/p><p>Alla richiesta di esercizio dei diritti verr\u00e0 data risposta entro un mese dal ricevimento della richiesta. Questo periodo pu\u00f2 essere prorogato di due mesi, a seconda della complessit\u00e0 o del numero di richieste. L'utente sar\u00e0 informato di tale proroga e dei motivi del rinvio entro un mese.<\/p><p>Se non siete soddisfatti della nostra risposta, potete presentare un reclamo all'Incaricato federale della protezione dei dati e delle informazioni (FDPIC - Feldeggweg 1).<\/p><p>CH - 3003 Berna).<\/p><ol start=\"5\"><li><strong>Cookie<\/strong><\/li><\/ol><p>Questo sito utilizza i cookie. \u00c8 possibile configurare i cookie facendo clic su questo link <a href=\"https:\/\/myecobestfriend.com\/fr\/cookie-policy-eu\/\">https:\/\/myecobestfriend.com\/fr\/cookie-policy-eu\/<\/a><\/p>\t\t\t\t\t\t\t\t<\/div>\n\t\t\t\t<div class=\"elementor-element elementor-element-05fffba elementor-align-center elementor-mobile-align-center elementor-widget elementor-widget-button\" data-id=\"05fffba\" data-element_type=\"widget\" data-e-type=\"widget\" data-widget_type=\"button.default\">\n\t\t\t\t\t\t\t\t\t\t<a class=\"elementor-button elementor-button-link elementor-size-sm elementor-animation-float\" href=\"https:\/\/myecobestfriend.com\/it\/tutti-i-termini-e-le-condizioni\/\">\n\t\t\t\t\t\t<span class=\"elementor-button-content-wrapper\">\n\t\t\t\t\t\t\t\t\t<span class=\"elementor-button-text\">Pi\u00f9 su Il Mio Migliore Amico Eco Termini e condizioni<\/span>\n\t\t\t\t\t<\/span>\n\t\t\t\t\t<\/a>\n\t\t\t\t\t\t\t\t<\/div>\n\t\t\t\t\t<\/div>\n\t\t<\/div>\n\t\t\t\t\t<\/div>\n\t\t<\/section>\n\t\t\t\t\t<\/div>\n\t\t<\/div>\n\t\t\t\t\t<\/div>\n\t\t<\/section>\n\t\t\t\t<section class=\"elementor-section elementor-top-section elementor-element elementor-element-192b80f elementor-section-boxed elementor-section-height-default elementor-section-height-default\" data-id=\"192b80f\" data-element_type=\"section\" data-e-type=\"section\" data-settings=\"{&quot;background_background&quot;:&quot;classic&quot;,&quot;shape_divider_bottom&quot;:&quot;mountains&quot;}\">\n\t\t\t\t\t<div class=\"elementor-shape elementor-shape-bottom\" aria-hidden=\"true\" data-negative=\"false\">\n\t\t\t<svg xmlns=\"http:\/\/www.w3.org\/2000\/svg\" viewbox=\"0 0 1000 100\" preserveaspectratio=\"none\">\n\t<path class=\"elementor-shape-fill\" opacity=\"0.33\" d=\"M473,67.3c-203.9,88.3-263.1-34-320.3,0C66,119.1,0,59.7,0,59.7V0h1000v59.7 c0,0-62.1,26.1-94.9,29.3c-32.8,3.3-62.8-12.3-75.8-22.1C806,49.6,745.3,8.7,694.9,4.7S492.4,59,473,67.3z\"\/>\n\t<path class=\"elementor-shape-fill\" opacity=\"0.66\" d=\"M734,67.3c-45.5,0-77.2-23.2-129.1-39.1c-28.6-8.7-150.3-10.1-254,39.1 s-91.7-34.4-149.2,0C115.7,118.3,0,39.8,0,39.8V0h1000v36.5c0,0-28.2-18.5-92.1-18.5C810.2,18.1,775.7,67.3,734,67.3z\"\/>\n\t<path class=\"elementor-shape-fill\" d=\"M766.1,28.9c-200-57.5-266,65.5-395.1,19.5C242,1.8,242,5.4,184.8,20.6C128,35.8,132.3,44.9,89.9,52.5C28.6,63.7,0,0,0,0 h1000c0,0-9.9,40.9-83.6,48.1S829.6,47,766.1,28.9z\"\/>\n<\/svg>\t\t<\/div>\n\t\t\t\t\t<div class=\"elementor-container elementor-column-gap-default\">\n\t\t\t\t\t<div class=\"elementor-column elementor-col-50 elementor-top-column elementor-element elementor-element-e26ecf2\" data-id=\"e26ecf2\" data-element_type=\"column\" data-e-type=\"column\">\n\t\t\t<div class=\"elementor-widget-wrap elementor-element-populated\">\n\t\t\t\t\t\t<div class=\"elementor-element elementor-element-b081829 elementor-widget elementor-widget-image\" data-id=\"b081829\" data-element_type=\"widget\" data-e-type=\"widget\" data-widget_type=\"image.default\">\n\t\t\t\t\t\t\t\t\t\t\t\t\t\t\t<img decoding=\"async\" width=\"429\" height=\"475\" src=\"https:\/\/myecobestfriend.com\/wp-content\/uploads\/2021\/04\/789-removebg-preview.png\" class=\"attachment-full size-full wp-image-15953\" alt=\"\" srcset=\"https:\/\/myecobestfriend.com\/wp-content\/uploads\/2021\/04\/789-removebg-preview.png 429w, https:\/\/myecobestfriend.com\/wp-content\/uploads\/2021\/04\/789-removebg-preview-416x461.png 416w, https:\/\/myecobestfriend.com\/wp-content\/uploads\/2021\/04\/789-removebg-preview-11x12.png 11w, https:\/\/myecobestfriend.com\/wp-content\/uploads\/2021\/04\/789-removebg-preview-23x25.png 23w, https:\/\/myecobestfriend.com\/wp-content\/uploads\/2021\/04\/789-removebg-preview-90x100.png 90w\" sizes=\"(max-width: 429px) 100vw, 429px\" \/>\t\t\t\t\t\t\t\t\t\t\t\t\t\t\t<\/div>\n\t\t\t\t\t<\/div>\n\t\t<\/div>\n\t\t\t\t<div class=\"elementor-column elementor-col-50 elementor-top-column elementor-element elementor-element-966edd8\" data-id=\"966edd8\" data-element_type=\"column\" data-e-type=\"column\">\n\t\t\t<div class=\"elementor-widget-wrap\">\n\t\t\t\t\t\t\t<\/div>\n\t\t<\/div>\n\t\t\t\t\t<\/div>\n\t\t<\/section>\n\t\t\t\t<section class=\"elementor-section elementor-top-section elementor-element elementor-element-89cd6be elementor-section-boxed elementor-section-height-default elementor-section-height-default\" data-id=\"89cd6be\" data-element_type=\"section\" data-e-type=\"section\" data-settings=\"{&quot;background_background&quot;:&quot;classic&quot;}\">\n\t\t\t\t\t\t<div class=\"elementor-container elementor-column-gap-default\">\n\t\t\t\t\t<div class=\"elementor-column elementor-col-100 elementor-top-column elementor-element elementor-element-49e4162\" data-id=\"49e4162\" data-element_type=\"column\" data-e-type=\"column\">\n\t\t\t<div class=\"elementor-widget-wrap elementor-element-populated\">\n\t\t\t\t\t\t<div class=\"elementor-element elementor-element-4940a91 elementor-widget elementor-widget-spacer\" data-id=\"4940a91\" data-element_type=\"widget\" data-e-type=\"widget\" data-widget_type=\"spacer.default\">\n\t\t\t\t\t\t\t<div class=\"elementor-spacer\">\n\t\t\t<div class=\"elementor-spacer-inner\"><\/div>\n\t\t<\/div>\n\t\t\t\t\t\t<\/div>\n\t\t\t\t\t<\/div>\n\t\t<\/div>\n\t\t\t\t\t<\/div>\n\t\t<\/section>\n\t\t\t\t<\/div>","protected":false},"excerpt":{"rendered":"<p>Data Protection Policy DATA PROTECTION POLICY April 14, 2025 Personal data protection policy Preamble Mon Eco Pote is an association dedicated to helping Swiss citizens and society to be environmentally friendly. Its registered office is at Route de Longefont,19, 1475, Autavaux, Switzerland. It is responsible for the processing carried out when you browse, create an [&hellip;]<\/p>\n","protected":false},"author":1,"featured_media":0,"parent":0,"menu_order":0,"comment_status":"closed","ping_status":"closed","template":"elementor_header_footer","meta":{"_acf_changed":false,"footnotes":""},"tags":[],"class_list":["post-35677","page","type-page","status-publish","hentry"],"acf":[],"_links":{"self":[{"href":"https:\/\/myecobestfriend.com\/it\/wp-json\/wp\/v2\/pages\/35677","targetHints":{"allow":["GET"]}}],"collection":[{"href":"https:\/\/myecobestfriend.com\/it\/wp-json\/wp\/v2\/pages"}],"about":[{"href":"https:\/\/myecobestfriend.com\/it\/wp-json\/wp\/v2\/types\/page"}],"author":[{"embeddable":true,"href":"https:\/\/myecobestfriend.com\/it\/wp-json\/wp\/v2\/users\/1"}],"replies":[{"embeddable":true,"href":"https:\/\/myecobestfriend.com\/it\/wp-json\/wp\/v2\/comments?post=35677"}],"version-history":[{"count":276,"href":"https:\/\/myecobestfriend.com\/it\/wp-json\/wp\/v2\/pages\/35677\/revisions"}],"predecessor-version":[{"id":70138,"href":"https:\/\/myecobestfriend.com\/it\/wp-json\/wp\/v2\/pages\/35677\/revisions\/70138"}],"wp:attachment":[{"href":"https:\/\/myecobestfriend.com\/it\/wp-json\/wp\/v2\/media?parent=35677"}],"wp:term":[{"taxonomy":"post_tag","embeddable":true,"href":"https:\/\/myecobestfriend.com\/it\/wp-json\/wp\/v2\/tags?post=35677"}],"curies":[{"name":"wp","href":"https:\/\/api.w.org\/{rel}","templated":true}]}}