  


{"id":35848,"date":"2022-04-12T16:21:50","date_gmt":"2022-04-12T14:21:50","guid":{"rendered":"https:\/\/myecobestfriend.com\/?page_id=35848"},"modified":"2025-02-18T01:48:15","modified_gmt":"2025-02-18T00:48:15","slug":"tutti-privacy_policy","status":"publish","type":"page","link":"https:\/\/myecobestfriend.com\/it\/all-privacy_policy\/","title":{"rendered":"Tutti - Informativa sulla privacy"},"content":{"rendered":"<div data-elementor-type=\"wp-post\" data-elementor-id=\"35848\" class=\"elementor elementor-35848\" data-elementor-settings=\"{&quot;element_pack_global_tooltip_width&quot;:{&quot;unit&quot;:&quot;px&quot;,&quot;size&quot;:&quot;&quot;,&quot;sizes&quot;:[]},&quot;element_pack_global_tooltip_width_tablet&quot;:{&quot;unit&quot;:&quot;px&quot;,&quot;size&quot;:&quot;&quot;,&quot;sizes&quot;:[]},&quot;element_pack_global_tooltip_width_mobile&quot;:{&quot;unit&quot;:&quot;px&quot;,&quot;size&quot;:&quot;&quot;,&quot;sizes&quot;:[]},&quot;element_pack_global_tooltip_padding&quot;:{&quot;unit&quot;:&quot;px&quot;,&quot;top&quot;:&quot;&quot;,&quot;right&quot;:&quot;&quot;,&quot;bottom&quot;:&quot;&quot;,&quot;left&quot;:&quot;&quot;,&quot;isLinked&quot;:true},&quot;element_pack_global_tooltip_padding_tablet&quot;:{&quot;unit&quot;:&quot;px&quot;,&quot;top&quot;:&quot;&quot;,&quot;right&quot;:&quot;&quot;,&quot;bottom&quot;:&quot;&quot;,&quot;left&quot;:&quot;&quot;,&quot;isLinked&quot;:true},&quot;element_pack_global_tooltip_padding_mobile&quot;:{&quot;unit&quot;:&quot;px&quot;,&quot;top&quot;:&quot;&quot;,&quot;right&quot;:&quot;&quot;,&quot;bottom&quot;:&quot;&quot;,&quot;left&quot;:&quot;&quot;,&quot;isLinked&quot;:true},&quot;element_pack_global_tooltip_border_radius&quot;:{&quot;unit&quot;:&quot;px&quot;,&quot;top&quot;:&quot;&quot;,&quot;right&quot;:&quot;&quot;,&quot;bottom&quot;:&quot;&quot;,&quot;left&quot;:&quot;&quot;,&quot;isLinked&quot;:true},&quot;element_pack_global_tooltip_border_radius_tablet&quot;:{&quot;unit&quot;:&quot;px&quot;,&quot;top&quot;:&quot;&quot;,&quot;right&quot;:&quot;&quot;,&quot;bottom&quot;:&quot;&quot;,&quot;left&quot;:&quot;&quot;,&quot;isLinked&quot;:true},&quot;element_pack_global_tooltip_border_radius_mobile&quot;:{&quot;unit&quot;:&quot;px&quot;,&quot;top&quot;:&quot;&quot;,&quot;right&quot;:&quot;&quot;,&quot;bottom&quot;:&quot;&quot;,&quot;left&quot;:&quot;&quot;,&quot;isLinked&quot;:true}}\" data-elementor-post-type=\"page\">\n\t\t\t\t\t\t<section class=\"elementor-section elementor-top-section elementor-element elementor-element-752a710 elementor-section-height-min-height elementor-section-boxed elementor-section-height-default elementor-section-items-middle\" data-id=\"752a710\" data-element_type=\"section\" data-e-type=\"section\" data-settings=\"{&quot;background_background&quot;:&quot;classic&quot;}\">\n\t\t\t\t\t\t\t<div class=\"elementor-background-overlay\"><\/div>\n\t\t\t\t\t\t\t<div class=\"elementor-container elementor-column-gap-default\">\n\t\t\t\t\t<div class=\"elementor-column elementor-col-100 elementor-top-column elementor-element elementor-element-847d21e\" data-id=\"847d21e\" data-element_type=\"column\" data-e-type=\"column\">\n\t\t\t<div class=\"elementor-widget-wrap elementor-element-populated\">\n\t\t\t\t\t\t<div class=\"elementor-element elementor-element-44fe4ce elementor-widget elementor-widget-icon-box\" data-id=\"44fe4ce\" data-element_type=\"widget\" data-e-type=\"widget\" data-widget_type=\"icon-box.default\">\n\t\t\t\t\t\t\t<div class=\"elementor-icon-box-wrapper\">\n\n\t\t\t\n\t\t\t\t\t\t<div class=\"elementor-icon-box-content\">\n\n\t\t\t\t\t\t\t\t\t<h3 class=\"elementor-icon-box-title\">\n\t\t\t\t\t\t<span  >\n\t\t\t\t\t\t\tInformativa sulla privacy\t\t\t\t\t\t<\/span>\n\t\t\t\t\t<\/h3>\n\t\t\t\t\n\t\t\t\t\t\t\t\t\t<p class=\"elementor-icon-box-description\">\n\t\t\t\t\t\tCondizioni chiave di utilizzo di questa piattaforma\t\t\t\t\t<\/p>\n\t\t\t\t\n\t\t\t<\/div>\n\t\t\t\n\t\t<\/div>\n\t\t\t\t\t\t<\/div>\n\t\t\t\t\t<\/div>\n\t\t<\/div>\n\t\t\t\t\t<\/div>\n\t\t<\/section>\n\t\t\t\t<section class=\"elementor-section elementor-top-section elementor-element elementor-element-ac56b61 elementor-section-boxed elementor-section-height-default elementor-section-height-default\" data-id=\"ac56b61\" data-element_type=\"section\" data-e-type=\"section\" data-settings=\"{&quot;background_background&quot;:&quot;classic&quot;}\">\n\t\t\t\t\t\t<div class=\"elementor-container elementor-column-gap-default\">\n\t\t\t\t\t<div class=\"elementor-column elementor-col-100 elementor-top-column elementor-element elementor-element-8577210\" data-id=\"8577210\" data-element_type=\"column\" data-e-type=\"column\">\n\t\t\t<div class=\"elementor-widget-wrap elementor-element-populated\">\n\t\t\t\t\t\t<div class=\"elementor-element elementor-element-2258281 elementor-widget elementor-widget-text-editor\" data-id=\"2258281\" data-element_type=\"widget\" data-e-type=\"widget\" data-widget_type=\"text-editor.default\">\n\t\t\t\t\t\t\t\t\t<p>Informativa sulla privacy<\/p>\t\t\t\t\t\t\t\t<\/div>\n\t\t\t\t<section class=\"elementor-section elementor-inner-section elementor-element elementor-element-1e312db elementor-section-full_width elementor-section-height-default elementor-section-height-default\" data-id=\"1e312db\" data-element_type=\"section\" data-e-type=\"section\">\n\t\t\t\t\t\t<div class=\"elementor-container elementor-column-gap-no\">\n\t\t\t\t\t<div class=\"elementor-column elementor-col-100 elementor-inner-column elementor-element elementor-element-270168d\" data-id=\"270168d\" data-element_type=\"column\" data-e-type=\"column\" data-settings=\"{&quot;background_background&quot;:&quot;classic&quot;}\">\n\t\t\t<div class=\"elementor-widget-wrap elementor-element-populated\">\n\t\t\t\t\t\t<div class=\"elementor-element elementor-element-448480f elementor-widget elementor-widget-image\" data-id=\"448480f\" data-element_type=\"widget\" data-e-type=\"widget\" data-widget_type=\"image.default\">\n\t\t\t\t\t\t\t\t\t\t\t\t\t\t\t<img fetchpriority=\"high\" decoding=\"async\" width=\"612\" height=\"408\" src=\"https:\/\/myecobestfriend.com\/wp-content\/uploads\/2021\/10\/istockphoto-185258639-612x612-1.jpg\" class=\"attachment-full size-full wp-image-19261\" alt=\"\" srcset=\"https:\/\/myecobestfriend.com\/wp-content\/uploads\/2021\/10\/istockphoto-185258639-612x612-1.jpg 612w, https:\/\/myecobestfriend.com\/wp-content\/uploads\/2021\/10\/istockphoto-185258639-612x612-1-600x400.jpg 600w, https:\/\/myecobestfriend.com\/wp-content\/uploads\/2021\/10\/istockphoto-185258639-612x612-1-18x12.jpg 18w, https:\/\/myecobestfriend.com\/wp-content\/uploads\/2021\/10\/istockphoto-185258639-612x612-1-25x17.jpg 25w, https:\/\/myecobestfriend.com\/wp-content\/uploads\/2021\/10\/istockphoto-185258639-612x612-1-100x67.jpg 100w\" sizes=\"(max-width: 612px) 100vw, 612px\" \/>\t\t\t\t\t\t\t\t\t\t\t\t\t\t\t<\/div>\n\t\t\t\t<div class=\"elementor-element elementor-element-d3c26b6 elementor-widget elementor-widget-text-editor\" data-id=\"d3c26b6\" data-element_type=\"widget\" data-e-type=\"widget\" data-widget_type=\"text-editor.default\">\n\t\t\t\t\t\t\t\t\t<h2><strong> INTRODUZIONE<\/strong><\/h2><h6>\u00a0<\/h6><p>1.1 La presente Informativa sulla privacy ha lo scopo di fornirvi informazioni su come My Eco Best Friend (\"My Eco Best Friend\", \"noi\", \"ci\", \"nostro\") tratta i dati personali che ci avete fornito o che abbiamo raccolto su di voi in relazione al vostro utilizzo dell'App della piattaforma My Eco Best Friend (l'\"App\").<\/p><p>1.2 Tratteremo i tuoi dati personali solo in conformit\u00e0 alla presente Informativa sulla privacy e alle leggi applicabili a cui siamo soggetti, compreso il Regolamento generale sulla protezione dei dati 2016\/679 del 27 aprile 2016 (di seguito il \"GDPR\").<\/p><p>1.3 Siamo consapevoli che la privacy delle informazioni \u00e8 una responsabilit\u00e0 costante e aggiorneremo questa informativa ogni volta che sar\u00e0 necessario. La versione pi\u00f9 aggiornata sar\u00e0 sempre disponibile sul sito web.<\/p><p>\u00a0<\/p><p><strong>I DATI CHE RACCOGLIAMO, LO SCOPO E LA BASE LEGALE DEL TRATTAMENTO<\/strong><\/p><p>2.1 Lo scopo del sito \u00e8 quello di aiutarvi a diventare pi\u00f9 ecologici grazie all'utilizzo della piattaforma My Eco Best Friend. Potete farlo acquistando prodotti e servizi ecologici, leggendo e pubblicando video sull'eco-blog, giocando o monitorando la vostra mobilit\u00e0. Questo riguarda diversi tipi di dati (a titolo esemplificativo ma non esaustivo: il vostro nome, l'indirizzo di consegna, la posizione GPS - solo quando lo autorizzate). Riceverete inoltre notifiche quando My Eco Best Friend confermer\u00e0 determinati ordini o quando vincerete degli eco-punti.<\/p><p>2.2 Al momento dell'iscrizione, l'utente \u00e8 tenuto a fornire il proprio nome, cognome e indirizzo e-mail, nonch\u00e9 altre informazioni personali pertinenti necessarie per l'utilizzo della piattaforma My Eco Best Friend, in particolare per quanto riguarda l'eco-negozio. Avete anche la possibilit\u00e0 (non obbligatoria) di aggiungere il vostro sesso, la vostra immagine, la vostra data di nascita, il vostro Paese, le vostre preferenze\/allergie. Come indicato in precedenza, su My Eco Best Friend vengono attivate anche le informazioni relative al luogo (e all'ora) in cui si trova la posizione GPS dell'utente, se quest'ultimo ha fornito il proprio consenso sul sito web. Si prega di notare che nessuna di queste informazioni viene utilizzata per scopi di marketing o condivisa con terzi, a meno che non sia strettamente necessaria per permettere l'uso delle funzionalit\u00e0 di My Eco Best Friend (ad esempio, l'ordine alla consegna dei prodotti o il monitoraggio della mobilit\u00e0).<\/p><p>2.3 Possiamo anche raccogliere informazioni simili o correlate e in particolare\n\n i) informazioni che scegliete di condividere volontariamente su di voi attraverso qualsiasi canale di messaggistica \n\nii) informazioni dedotte che includono informazioni derivate da altre informazioni elencate sopra. Creiamo elementi di dati dedotti e derivati analizzando le nostre relazioni e informazioni transazionali.<\/p><p>\u00a0<\/p><p><strong>COME VENGONO RACCOLTI I VOSTRI DATI PERSONALI<\/strong><\/p><p>3.1 Di solito raccogliamo i tuoi dati personali quando li registri sul sito web. Possiamo anche raccogliere i tuoi dati personali direttamente dal sito web (ad esempio la posizione GPS su Eco-mobility, ma di nuovo solo se lo hai autorizzato prima su Il Mio Migliore Amico Eco).<\/p><p>\u00a0<\/p><p><strong>DIVULGAZIONE DEI SUOI DATI PERSONALI<\/strong><\/p><p>4.1 L'accesso ai tuoi dati personali \u00e8 consentito al personale competente di Il Mio Migliore Amico Eco. My Eco Best Friend ha stipulato un accordo di trattamento dei dati conforme all'articolo 28 del GDPR per garantire che l'azienda e i suoi partner implementino adeguate misure di sicurezza organizzative e tecniche in modo tale che il trattamento sia conforme ai requisiti del GDPR e garantisca la protezione dei tuoi diritti.<\/p><p>4.2 L'accesso \u00e8 limitato ai dipendenti e agli appaltatori che hanno una necessit\u00e0 rilevante e ragionevolmente richiesta di accedere ai vostri dati personali per svolgere il proprio lavoro.<\/p><p>4.3 Potrebbe inoltre essere necessario trattare i dati personali dell'utente per adempiere ai nostri obblighi legali o in relazione all'esercizio o alla difesa di rivendicazioni legali. Ci\u00f2 pu\u00f2 verificarsi, ad esempio, nel caso in cui dobbiamo avvalerci di una consulenza legale in relazione a un procedimento giudiziario o siamo tenuti per legge a divulgare determinate informazioni.<\/p><p>\u00a0<\/p><p><strong>I TUOI DIRITTI<\/strong><\/p><p>Ottenere accesso e copie dei dati personali in nostro possesso.<\/p><p>Richiedere la cessazione dell'elaborazione dei tuoi dati personali se l'elaborazione ti sta causando danno o angoscia.<\/p><p>Richiederci di non inviarle comunicazioni di marketing.<\/p><p>Richiedere la cancellazione dei tuoi dati personali.<\/p><p>Richiedere di limitare le nostre attivit\u00e0 di trattamento dei dati in relazione ai tuoi dati personali.<\/p><p>Ricevere da noi i dati personali in nostro possesso che ci hai fornito, in un formato ragionevole da te specificato, anche allo scopo di trasmettere tali dati personali a un altro responsabile del trattamento; e<\/p><p>richiederci di correggere i dati personali in nostro possesso che ti riguardano, se non sono corretti.<\/p><p>Si prega di notare che i diritti di cui sopra non sono assoluti, e le richieste possono essere rifiutate in caso di eccezioni legali.<\/p><p>In caso di domande su questi diritti o sull'utilizzo dei tuoi dati personali da parte nostra, dovrai contattarci utilizzando i dettagli riportati nella sezione 7 (vedi sotto).<\/p><p>\u00a0<\/p><p><strong>CONSERVAZIONE DEI DATI<\/strong><\/p><p>6.1 Come regola generale, cancelleremo i dati personali dell'utente al momento della cancellazione del suo account, a meno che non siamo obbligati a conservarli per un periodo pi\u00f9 lungo ai sensi della legge o dei regolamenti applicabili o se riteniamo ragionevolmente che vi sia una prospettiva di controversia in relazione al nostro rapporto con l'utente.<\/p><p>\u00a0<\/p><p><strong>DETTAGLI DI CONTATTO<\/strong><\/p><p>7.1 My Eco Best Friend con sede nel Cantone di Vaud, Svizzera, \u00e8 il responsabile del trattamento dei dati personali raccolti su di te.<\/p><p>7.2 Se hai domande o commenti su questa Informativa sulla privacy o desideri esercitare i tuoi diritti come descritto nella Sezione 5, contattaci all'indirizzo contact@myecobestfriend.com<\/p>\t\t\t\t\t\t\t\t<\/div>\n\t\t\t\t<div class=\"elementor-element elementor-element-910c874 elementor-align-center elementor-mobile-align-center elementor-widget elementor-widget-button\" data-id=\"910c874\" data-element_type=\"widget\" data-e-type=\"widget\" data-widget_type=\"button.default\">\n\t\t\t\t\t\t\t\t\t\t<a class=\"elementor-button elementor-button-link elementor-size-sm elementor-animation-float\" href=\"https:\/\/myecobestfriend.com\/it\/tutti-i-termini-e-le-condizioni\/\">\n\t\t\t\t\t\t<span class=\"elementor-button-content-wrapper\">\n\t\t\t\t\t\t\t\t\t<span class=\"elementor-button-text\">Pi\u00f9 su Il Mio Migliore Amico Eco Termini e condizioni<\/span>\n\t\t\t\t\t<\/span>\n\t\t\t\t\t<\/a>\n\t\t\t\t\t\t\t\t<\/div>\n\t\t\t\t\t<\/div>\n\t\t<\/div>\n\t\t\t\t\t<\/div>\n\t\t<\/section>\n\t\t\t\t\t<\/div>\n\t\t<\/div>\n\t\t\t\t\t<\/div>\n\t\t<\/section>\n\t\t\t\t<section class=\"elementor-section elementor-top-section elementor-element elementor-element-9536643 elementor-section-boxed elementor-section-height-default elementor-section-height-default\" data-id=\"9536643\" data-element_type=\"section\" data-e-type=\"section\" data-settings=\"{&quot;background_background&quot;:&quot;classic&quot;}\">\n\t\t\t\t\t\t<div class=\"elementor-container elementor-column-gap-default\">\n\t\t\t\t\t<div class=\"elementor-column elementor-col-100 elementor-top-column elementor-element elementor-element-5123a74\" data-id=\"5123a74\" data-element_type=\"column\" data-e-type=\"column\">\n\t\t\t<div class=\"elementor-widget-wrap\">\n\t\t\t\t\t\t\t<\/div>\n\t\t<\/div>\n\t\t\t\t\t<\/div>\n\t\t<\/section>\n\t\t\t\t<section class=\"elementor-section elementor-top-section elementor-element elementor-element-c41e268 elementor-section-boxed elementor-section-height-default elementor-section-height-default\" data-id=\"c41e268\" data-element_type=\"section\" data-e-type=\"section\" data-settings=\"{&quot;background_background&quot;:&quot;classic&quot;,&quot;shape_divider_bottom&quot;:&quot;mountains&quot;}\">\n\t\t\t\t\t<div class=\"elementor-shape elementor-shape-bottom\" aria-hidden=\"true\" data-negative=\"false\">\n\t\t\t<svg xmlns=\"http:\/\/www.w3.org\/2000\/svg\" viewbox=\"0 0 1000 100\" preserveaspectratio=\"none\">\n\t<path class=\"elementor-shape-fill\" opacity=\"0.33\" d=\"M473,67.3c-203.9,88.3-263.1-34-320.3,0C66,119.1,0,59.7,0,59.7V0h1000v59.7 c0,0-62.1,26.1-94.9,29.3c-32.8,3.3-62.8-12.3-75.8-22.1C806,49.6,745.3,8.7,694.9,4.7S492.4,59,473,67.3z\"\/>\n\t<path class=\"elementor-shape-fill\" opacity=\"0.66\" d=\"M734,67.3c-45.5,0-77.2-23.2-129.1-39.1c-28.6-8.7-150.3-10.1-254,39.1 s-91.7-34.4-149.2,0C115.7,118.3,0,39.8,0,39.8V0h1000v36.5c0,0-28.2-18.5-92.1-18.5C810.2,18.1,775.7,67.3,734,67.3z\"\/>\n\t<path class=\"elementor-shape-fill\" d=\"M766.1,28.9c-200-57.5-266,65.5-395.1,19.5C242,1.8,242,5.4,184.8,20.6C128,35.8,132.3,44.9,89.9,52.5C28.6,63.7,0,0,0,0 h1000c0,0-9.9,40.9-83.6,48.1S829.6,47,766.1,28.9z\"\/>\n<\/svg>\t\t<\/div>\n\t\t\t\t\t<div class=\"elementor-container elementor-column-gap-default\">\n\t\t\t\t\t<div class=\"elementor-column elementor-col-50 elementor-top-column elementor-element elementor-element-1734a98\" data-id=\"1734a98\" data-element_type=\"column\" data-e-type=\"column\">\n\t\t\t<div class=\"elementor-widget-wrap elementor-element-populated\">\n\t\t\t\t\t\t<div class=\"elementor-element elementor-element-a3ba90e elementor-widget elementor-widget-image\" data-id=\"a3ba90e\" data-element_type=\"widget\" data-e-type=\"widget\" data-widget_type=\"image.default\">\n\t\t\t\t\t\t\t\t\t\t\t\t\t\t\t<img decoding=\"async\" width=\"429\" height=\"475\" src=\"https:\/\/myecobestfriend.com\/wp-content\/uploads\/2021\/04\/789-removebg-preview.png\" class=\"attachment-full size-full wp-image-15953\" alt=\"\" srcset=\"https:\/\/myecobestfriend.com\/wp-content\/uploads\/2021\/04\/789-removebg-preview.png 429w, https:\/\/myecobestfriend.com\/wp-content\/uploads\/2021\/04\/789-removebg-preview-416x461.png 416w, https:\/\/myecobestfriend.com\/wp-content\/uploads\/2021\/04\/789-removebg-preview-11x12.png 11w, https:\/\/myecobestfriend.com\/wp-content\/uploads\/2021\/04\/789-removebg-preview-23x25.png 23w, https:\/\/myecobestfriend.com\/wp-content\/uploads\/2021\/04\/789-removebg-preview-90x100.png 90w\" sizes=\"(max-width: 429px) 100vw, 429px\" \/>\t\t\t\t\t\t\t\t\t\t\t\t\t\t\t<\/div>\n\t\t\t\t\t<\/div>\n\t\t<\/div>\n\t\t\t\t<div class=\"elementor-column elementor-col-50 elementor-top-column elementor-element elementor-element-5fe033d\" data-id=\"5fe033d\" data-element_type=\"column\" data-e-type=\"column\">\n\t\t\t<div class=\"elementor-widget-wrap\">\n\t\t\t\t\t\t\t<\/div>\n\t\t<\/div>\n\t\t\t\t\t<\/div>\n\t\t<\/section>\n\t\t\t\t<section class=\"elementor-section elementor-top-section elementor-element elementor-element-89cd6be elementor-section-boxed elementor-section-height-default elementor-section-height-default\" data-id=\"89cd6be\" data-element_type=\"section\" data-e-type=\"section\" data-settings=\"{&quot;background_background&quot;:&quot;classic&quot;}\">\n\t\t\t\t\t\t<div class=\"elementor-container elementor-column-gap-default\">\n\t\t\t\t\t<div class=\"elementor-column elementor-col-100 elementor-top-column elementor-element elementor-element-49e4162\" data-id=\"49e4162\" data-element_type=\"column\" data-e-type=\"column\">\n\t\t\t<div class=\"elementor-widget-wrap elementor-element-populated\">\n\t\t\t\t\t\t<div class=\"elementor-element elementor-element-4940a91 elementor-widget elementor-widget-spacer\" data-id=\"4940a91\" data-element_type=\"widget\" data-e-type=\"widget\" data-widget_type=\"spacer.default\">\n\t\t\t\t\t\t\t<div class=\"elementor-spacer\">\n\t\t\t<div class=\"elementor-spacer-inner\"><\/div>\n\t\t<\/div>\n\t\t\t\t\t\t<\/div>\n\t\t\t\t\t<\/div>\n\t\t<\/div>\n\t\t\t\t\t<\/div>\n\t\t<\/section>\n\t\t\t\t<\/div>","protected":false},"excerpt":{"rendered":"<p>Privacy Notice Key conditions of use for this platform Privacy Notice INTRODUCTION \u00a0 1.1 This Privacy Notice is intended to provide you with information on how My Eco Best Friend (&#8220;My Eco Best Friend&#8221;, &#8220;we&#8221;, &#8220;us&#8221;, &#8220;our&#8221;) processes any personal data you have provided us with, or that we have collected about you in connection [&hellip;]<\/p>\n","protected":false},"author":1,"featured_media":0,"parent":0,"menu_order":0,"comment_status":"closed","ping_status":"closed","template":"elementor_header_footer","meta":{"_acf_changed":false,"footnotes":""},"tags":[279,280,278],"class_list":["post-35848","page","type-page","status-publish","hentry","tag-eco-system","tag-ecobestfriend","tag-privacy-policy"],"acf":[],"_links":{"self":[{"href":"https:\/\/myecobestfriend.com\/it\/wp-json\/wp\/v2\/pages\/35848","targetHints":{"allow":["GET"]}}],"collection":[{"href":"https:\/\/myecobestfriend.com\/it\/wp-json\/wp\/v2\/pages"}],"about":[{"href":"https:\/\/myecobestfriend.com\/it\/wp-json\/wp\/v2\/types\/page"}],"author":[{"embeddable":true,"href":"https:\/\/myecobestfriend.com\/it\/wp-json\/wp\/v2\/users\/1"}],"replies":[{"embeddable":true,"href":"https:\/\/myecobestfriend.com\/it\/wp-json\/wp\/v2\/comments?post=35848"}],"version-history":[{"count":18,"href":"https:\/\/myecobestfriend.com\/it\/wp-json\/wp\/v2\/pages\/35848\/revisions"}],"predecessor-version":[{"id":60690,"href":"https:\/\/myecobestfriend.com\/it\/wp-json\/wp\/v2\/pages\/35848\/revisions\/60690"}],"wp:attachment":[{"href":"https:\/\/myecobestfriend.com\/it\/wp-json\/wp\/v2\/media?parent=35848"}],"wp:term":[{"taxonomy":"post_tag","embeddable":true,"href":"https:\/\/myecobestfriend.com\/it\/wp-json\/wp\/v2\/tags?post=35848"}],"curies":[{"name":"wp","href":"https:\/\/api.w.org\/{rel}","templated":true}]}}