  


{"id":73162,"date":"2026-01-14T15:00:37","date_gmt":"2026-01-14T14:00:37","guid":{"rendered":"https:\/\/myecobestfriend.com\/?post_type=product&#038;p=73162"},"modified":"2026-01-14T15:02:40","modified_gmt":"2026-01-14T14:02:40","slug":"book-for-children-luca-the-frog","status":"publish","type":"product","link":"https:\/\/myecobestfriend.com\/it\/product\/book-for-children-luca-the-frog\/","title":{"rendered":"Libro per bambini - Luca la rana!"},"content":{"rendered":"<div id=\"contact\" class=\"elementor-element elementor-element-1f64b75 elementor-view-default elementor-position-top elementor-mobile-position-top elementor-widget elementor-widget-icon-box\" data-id=\"1f64b75\" data-element_type=\"widget\" data-widget_type=\"icon-box.default\">\n<div class=\"elementor-widget-container\">\n<div class=\"elementor-icon-box-wrapper\">\n<div class=\"elementor-icon-box-content\">\n<p>\u201cLuca la rana e la ribellione dei bambini\u201d \u00e8 un libro socialmente consapevole nato dal desiderio di sensibilizzare i bambini e gli adulti all'ecologia e allo sviluppo sostenibile. Creato nell'ambito dell'associazione svizzera Mon Eco Pote, questo progetto \u00e8 stato ispirato dal figlio del fondatore, Luca, la cui curiosit\u00e0 e il cui amore per la natura sono state le forze trainanti. Attraverso le avventure della rana Luca, il libro invita i lettori a riflettere, sperare e agire per un futuro pi\u00f9 ecologico. Rende omaggio ai volontari che hanno contribuito alla sua creazione e afferma che l'ecologia pu\u00f2 essere gioiosa e unificante. Questo libro \u00e8 un seme di speranza, uno strumento educativo e una promessa fatta ai bambini: non smettere mai di credere in un mondo migliore.<\/p>\n<\/div>\n<\/div>\n<\/div>\n<\/div>","protected":false},"excerpt":{"rendered":"<p>Le avventure della squadra Mon Eco Pote: Un libro per risvegliare i piccoli ecologisti<\/p>","protected":false},"featured_media":0,"comment_status":"open","ping_status":"closed","template":"","meta":{"_acf_changed":false},"product_brand":[],"product_cat":[92],"product_tag":[101],"class_list":{"0":"post-73162","1":"product","2":"type-product","3":"status-publish","5":"product_cat-book","6":"product_tag-book","7":"product_shipping_class-parcel-up-to-2kg","9":"first","10":"instock","11":"shipping-taxable","12":"purchasable","13":"product-type-simple"},"acf":[],"_links":{"self":[{"href":"https:\/\/myecobestfriend.com\/it\/wp-json\/wp\/v2\/product\/73162","targetHints":{"allow":["GET"]}}],"collection":[{"href":"https:\/\/myecobestfriend.com\/it\/wp-json\/wp\/v2\/product"}],"about":[{"href":"https:\/\/myecobestfriend.com\/it\/wp-json\/wp\/v2\/types\/product"}],"replies":[{"embeddable":true,"href":"https:\/\/myecobestfriend.com\/it\/wp-json\/wp\/v2\/comments?post=73162"}],"version-history":[{"count":3,"href":"https:\/\/myecobestfriend.com\/it\/wp-json\/wp\/v2\/product\/73162\/revisions"}],"predecessor-version":[{"id":73166,"href":"https:\/\/myecobestfriend.com\/it\/wp-json\/wp\/v2\/product\/73162\/revisions\/73166"}],"wp:attachment":[{"href":"https:\/\/myecobestfriend.com\/it\/wp-json\/wp\/v2\/media?parent=73162"}],"wp:term":[{"taxonomy":"product_brand","embeddable":true,"href":"https:\/\/myecobestfriend.com\/it\/wp-json\/wp\/v2\/product_brand?post=73162"},{"taxonomy":"product_cat","embeddable":true,"href":"https:\/\/myecobestfriend.com\/it\/wp-json\/wp\/v2\/product_cat?post=73162"},{"taxonomy":"product_tag","embeddable":true,"href":"https:\/\/myecobestfriend.com\/it\/wp-json\/wp\/v2\/product_tag?post=73162"}],"curies":[{"name":"wp","href":"https:\/\/api.w.org\/{rel}","templated":true}]}}